{"id":193,"date":"2025-02-04T17:24:38","date_gmt":"2025-02-04T14:24:38","guid":{"rendered":"https:\/\/whieda.wtwd.ru\/product\/rosa-fohow\/"},"modified":"2025-02-16T12:30:33","modified_gmt":"2025-02-16T09:30:33","slug":"rosa-fohow","status":"publish","type":"product","link":"https:\/\/mywhieda.com\/es\/product\/rosa-fohow\/","title":{"rendered":"Rosa Fohow"},"content":{"rendered":"<p id=\"\"><strong id=\"\">Rosa Fohow<\/strong> contiene oligosac\u00e1ridos extra\u00eddos de plantas naturales, que no se descomponen en las partes superiores del tracto gastrointestinal. Gracias a esto, las bacterias beneficiosas se multiplican de 10 a 100 veces m\u00e1s r\u00e1pido, mientras que se inhibe el crecimiento de bacterias da\u00f1inas. El producto se presenta en forma de pasta, con un aroma y sabor agradables, y es apto para el uso diario.<\/p>\n<h3 id=\"\"><strong id=\"\">Indicaciones de Rosa Fohow<\/strong><\/h3>\n<ul id=\"\">\n<li>Funciona excelentemente en casos de intoxicaciones, elimina eficazmente la disbacteriosis y limpia el h\u00edgado.<\/li>\n<li>Elimina el mal aliento, puede usarse como sustituto del az\u00facar y mejora el tono de la piel.<\/li>\n<li>Alivia el s\u00edndrome de &#171;fatiga cr\u00f3nica&#187;, restaura la microflora intestinal y reduce los niveles de grasa.<\/li>\n<li>Limpia todos los \u00f3rganos y sistemas del cuerpo, tiene un efecto beneficioso en alergias y act\u00faa como un desintoxicante.<\/li>\n<\/ul>\n<h3 id=\"\"><strong id=\"\">Caracter\u00edsticas de Rosa Fohow<\/strong><\/h3>\n<ol id=\"\">\n<li>El extracto de flores de rosa en este producto tiene un efecto limpiador para el h\u00edgado y beneficios cosm\u00e9ticos generales.<\/li>\n<li>Ayuda con la disbacteriosis: aumenta la cantidad de microflora intestinal beneficiosa y estabiliza las funciones del tracto gastrointestinal (TGI).<\/li>\n<li>Regula la secreci\u00f3n de jugo digestivo, activa la digesti\u00f3n y la absorci\u00f3n en el TGI, y es \u00fatil para casos de diarrea.<\/li>\n<li>Preserva la juventud del intestino.<\/li>\n<li>Fortalece el sistema inmunol\u00f3gico, aumenta la s\u00edntesis de vitaminas y mejora la absorci\u00f3n de minerales.<\/li>\n<li>Retrasa el envejecimiento del cuerpo.<\/li>\n<li>Tiene un efecto cosm\u00e9tico visible.<\/li>\n<li>Ayuda a combatir las alergias y la flacidez muscular relacionada con la edad, y estimula la descomposici\u00f3n y metabolismo de la melanina, mejorando la elasticidad y salud de la piel.<\/li>\n<li>Se utiliza para eliminar toxinas, tratar el estre\u00f1imiento y promover la p\u00e9rdida de peso, adem\u00e1s de eliminar el mal olor corporal y bucal.<\/li>\n<li>Previene la obesidad.<\/li>\n<\/ol>\n<p id=\"\"><strong id=\"\">Recomendaciones<\/strong><\/p>\n<p id=\"\">La pasta de fruta &#171;Rosa Fohou&#187; es apta para todos los grupos de personas sin restricciones. Puede usarse como un sustituto de az\u00facares en la dieta diaria. Es un producto alimenticio saludable indispensable para ni\u00f1os y personas mayores.<\/p>\n<p id=\"\">Se puede consumir directamente, untar en pan, o mezclar en t\u00e9.<\/p>\n<h3 id=\"\"><strong id=\"\">Composici\u00f3n<\/strong><\/h3>\n<ul id=\"\">\n<li>Extracto de flores de rosa.<\/li>\n<li>Oligosac\u00e1ridos.<\/li>\n<li>Stachiosa.<\/li>\n<\/ul>\n<p id=\"\">\u200d<\/p>\n<p id=\"\">\u200d<\/p>\n<p id=\"\">\u200d<\/p>\n","protected":false},"featured_media":292,"template":"","categories":[6,32],"class_list":["post-193","product","type-product","status-publish","has-post-thumbnail","hentry","categories-vse-tovary","categories-dieticheskie-dobavki"],"acf":[],"_links":{"self":[{"href":"https:\/\/mywhieda.com\/es\/wp-json\/wp\/v2\/product\/193","targetHints":{"allow":["GET"]}}],"collection":[{"href":"https:\/\/mywhieda.com\/es\/wp-json\/wp\/v2\/product"}],"about":[{"href":"https:\/\/mywhieda.com\/es\/wp-json\/wp\/v2\/types\/product"}],"wp:featuredmedia":[{"embeddable":true,"href":"https:\/\/mywhieda.com\/es\/wp-json\/wp\/v2\/media\/292"}],"wp:attachment":[{"href":"https:\/\/mywhieda.com\/es\/wp-json\/wp\/v2\/media?parent=193"}],"wp:term":[{"taxonomy":"categories","embeddable":true,"href":"https:\/\/mywhieda.com\/es\/wp-json\/wp\/v2\/categories?post=193"}],"curies":[{"name":"wp","href":"https:\/\/api.w.org\/{rel}","templated":true}]}}