{"id":196,"date":"2025-02-04T17:24:40","date_gmt":"2025-02-04T14:24:40","guid":{"rendered":"https:\/\/whieda.wtwd.ru\/product\/sauna-ba-gua-2\/"},"modified":"2026-04-10T17:03:03","modified_gmt":"2026-04-10T14:03:03","slug":"sauna-ba-gua-3","status":"publish","type":"product","link":"https:\/\/mywhieda.com\/es\/product\/sauna-ba-gua-3\/","title":{"rendered":"Sauna Ba-Gua"},"content":{"rendered":"<p id=\"\">La sauna no solo ayuda a relajarse, sino que tambi\u00e9n fortalece la salud, mejora el metabolismo, favorece la p\u00e9rdida de peso y alivia el dolor. Sin embargo, no todos pueden acudir a una sauna con regularidad, por lo que ofrecemos la sauna \u00fanica \u201cBa-Gua\u201d, que se puede usar en casa.<\/p>\n<h3 id=\"\"><strong id=\"\">\u00bfQu\u00e9 es la sauna \u201cBa-Gua\u201d?<\/strong><\/h3>\n<p id=\"\">Es una mini sauna que emplea tecnolog\u00edas especiales y propiedades f\u00edsicas de piedras como el turmalina y el jade negro. Con estas piedras terap\u00e9uticas y su dise\u00f1o especial, nuestra sauna crea un microclima \u00fanico que ejerce un efecto terap\u00e9utico en todo el cuerpo: mejora la microcirculaci\u00f3n de la sangre, acelera el metabolismo, elimina toxinas, mejora el estado de la piel, combate la inflamaci\u00f3n y el dolor, reduce el cansancio y ayuda a relajarse.<\/p>\n<p id=\"\">\u200d<\/p>\n<p id=\"\">\u200d<\/p>\n<p id=\"\">\u200d<\/p>\n","protected":false},"featured_media":312,"template":"","categories":[6,29],"class_list":["post-196","product","type-product","status-publish","has-post-thumbnail","hentry","categories-vse-tovary","categories-pribory"],"acf":[],"_links":{"self":[{"href":"https:\/\/mywhieda.com\/es\/wp-json\/wp\/v2\/product\/196","targetHints":{"allow":["GET"]}}],"collection":[{"href":"https:\/\/mywhieda.com\/es\/wp-json\/wp\/v2\/product"}],"about":[{"href":"https:\/\/mywhieda.com\/es\/wp-json\/wp\/v2\/types\/product"}],"wp:featuredmedia":[{"embeddable":true,"href":"https:\/\/mywhieda.com\/es\/wp-json\/wp\/v2\/media\/312"}],"wp:attachment":[{"href":"https:\/\/mywhieda.com\/es\/wp-json\/wp\/v2\/media?parent=196"}],"wp:term":[{"taxonomy":"categories","embeddable":true,"href":"https:\/\/mywhieda.com\/es\/wp-json\/wp\/v2\/categories?post=196"}],"curies":[{"name":"wp","href":"https:\/\/api.w.org\/{rel}","templated":true}]}}