{"id":202,"date":"2025-02-04T17:24:40","date_gmt":"2025-02-04T14:24:40","guid":{"rendered":"https:\/\/whieda.wtwd.ru\/product\/spray-facial-rejuvenecedor-con-efecto-lifting\/"},"modified":"2026-04-10T17:20:02","modified_gmt":"2026-04-10T14:20:02","slug":"spray-facial-rejuvenecedor-con-efecto-lifting","status":"publish","type":"product","link":"https:\/\/mywhieda.com\/es\/product\/spray-facial-rejuvenecedor-con-efecto-lifting\/","title":{"rendered":"Spray Facial Rejuvenecedor con Efecto Lifting"},"content":{"rendered":"<p id=\"\">La cuesti\u00f3n del rejuvenecimiento eventualmente es una prioridad para cada mujer. La gama de productos antienvejecimiento es muy amplia, por lo que elegir el tratamiento adecuado no es sencillo. Con YOUTHFULNESS FREEZE SPRAY, seguro estar\u00e1s satisfecha. Este producto moderno act\u00faa de manera similar al famoso botox, pero sin da\u00f1ar la piel ni provocar un deterioro al finalizar el tratamiento. En pocas semanas, las arrugas desaparecer\u00e1n, y la piel estar\u00e1 firme y tonificada. Su alta efectividad a un precio asequible distingue a este producto de otros en el mercado que dif\u00edcilmente brindan resultados tan buenos.<\/p>\n<p id=\"\">Devolver la elasticidad a la piel e hidratarla es el deseo de muchas mujeres, pero las cremas no siempre logran el efecto deseado. Hay una opci\u00f3n m\u00e1s efectiva: el spray rejuvenecedor YOUTHFULNESS FREEZE SPRAY. Este spray acelera la producci\u00f3n de col\u00e1geno y elastina.<\/p>\n<p id=\"\">\u200d<\/p>\n<p id=\"\">\u200d<\/p>\n<p id=\"\">\u200d<\/p>\n","protected":false},"featured_media":309,"template":"","categories":[6,33],"class_list":["post-202","product","type-product","status-publish","has-post-thumbnail","hentry","categories-vse-tovary","categories-kosmetika"],"acf":[],"_links":{"self":[{"href":"https:\/\/mywhieda.com\/es\/wp-json\/wp\/v2\/product\/202","targetHints":{"allow":["GET"]}}],"collection":[{"href":"https:\/\/mywhieda.com\/es\/wp-json\/wp\/v2\/product"}],"about":[{"href":"https:\/\/mywhieda.com\/es\/wp-json\/wp\/v2\/types\/product"}],"wp:featuredmedia":[{"embeddable":true,"href":"https:\/\/mywhieda.com\/es\/wp-json\/wp\/v2\/media\/309"}],"wp:attachment":[{"href":"https:\/\/mywhieda.com\/es\/wp-json\/wp\/v2\/media?parent=202"}],"wp:term":[{"taxonomy":"categories","embeddable":true,"href":"https:\/\/mywhieda.com\/es\/wp-json\/wp\/v2\/categories?post=202"}],"curies":[{"name":"wp","href":"https:\/\/api.w.org\/{rel}","templated":true}]}}