{"id":206,"date":"2025-02-04T17:24:40","date_gmt":"2025-02-04T14:24:40","guid":{"rendered":"https:\/\/whieda.wtwd.ru\/product\/te-liuwei-fohow\/"},"modified":"2025-02-16T12:32:06","modified_gmt":"2025-02-16T09:32:06","slug":"liuwai-cha-tea-2","status":"publish","type":"product","link":"https:\/\/mywhieda.com\/es\/product\/liuwai-cha-tea-2\/","title":{"rendered":"T\u00e9 Liuwei Fohow"},"content":{"rendered":"<p id=\"\">Un t\u00e9 natural elaborado con hierbas valiosas y propiedades medicinales.<\/p>\n<p id=\"\">El t\u00e9 Liuwei Fohow se fabrica siguiendo antiguas recetas chinas que han sido transmitidas de generaci\u00f3n en generaci\u00f3n. Contiene seis hierbas curativas: t\u00e9 puerh a\u00f1ejo de tres a\u00f1os, astr\u00e1galo, salvia, ginseng de cinco hojas, crisantemo y madreselva japonesa. Los expertos han seleccionado la proporci\u00f3n m\u00e1s adecuada de todas las hierbas. Tiene un sabor agradable, suave y ligeramente dulce, acompa\u00f1ado de un aroma excelente.<\/p>\n<h3 id=\"\"><strong id=\"\">Composici\u00f3n<\/strong><\/h3>\n<ul id=\"\">\n<li>T\u00e9 puerh<\/li>\n<li>Astr\u00e1galo<\/li>\n<li>Salvia<\/li>\n<li>Ginseng de cinco hojas<\/li>\n<li>Crisantemo<\/li>\n<li>Madreselva japonesa<\/li>\n<\/ul>\n<h3 id=\"\"><strong id=\"\">Propiedades beneficiosas del t\u00e9 Liuwei<\/strong><\/h3>\n<ul id=\"\">\n<li><strong id=\"\">T\u00e9 puerh<\/strong>: alivia el dolor de garganta, mejora la digesti\u00f3n, promueve la p\u00e9rdida de peso, reduce los niveles de l\u00edpidos en sangre, elimina toxinas y mejora el bienestar.<\/li>\n<li><strong id=\"\">Astr\u00e1galo<\/strong>: refuerza el Qi para fortalecer las defensas naturales del cuerpo, tiene un efecto diur\u00e9tico y elimina toxinas.<\/li>\n<li><strong id=\"\">Salvia<\/strong>: alivia la congesti\u00f3n sangu\u00ednea, reduce la hinchaz\u00f3n y el dolor.<\/li>\n<li><strong id=\"\">Ginseng de cinco hojas<\/strong>: previene el c\u00e1ncer, reduce los niveles de l\u00edpidos en sangre y tiene efectos cosm\u00e9ticos.<\/li>\n<li><strong id=\"\">Crisantemo<\/strong>: calma el h\u00edgado, mejora la vista y reduce la fiebre.<\/li>\n<li><strong id=\"\">Madreselva<\/strong>: elimina la fiebre, expulsa toxinas, enfr\u00eda la sangre y reduce su estancamiento.<\/li>\n<\/ul>\n<h3 id=\"\"><strong id=\"\">Efectos positivos del consumo regular de t\u00e9 Liuwei<\/strong><\/h3>\n<ul id=\"\">\n<li>Mejora la digesti\u00f3n y la circulaci\u00f3n sangu\u00ednea.<\/li>\n<li>Reduce la congesti\u00f3n sangu\u00ednea.<\/li>\n<li>Ayuda a eliminar la fiebre.<\/li>\n<li>Expulsa toxinas del cuerpo.<\/li>\n<li>Tiene un efecto cosm\u00e9tico.<\/li>\n<li>Reduce la presi\u00f3n arterial y los niveles de l\u00edpidos en sangre.<\/li>\n<li>Posee un efecto diur\u00e9tico, entre otros beneficios.<\/li>\n<\/ul>\n<h3 id=\"\"><strong id=\"\">Consumo de t\u00e9 Liuwei antes y despu\u00e9s de las comidas<\/strong><\/h3>\n<p id=\"\">Hoy en d\u00eda, muchas personas consumen alimentos altos en calor\u00edas. Si durante las comidas, antes y despu\u00e9s, puedes beber unos sorbos de t\u00e9 Liuwei, esto ayudar\u00e1 a reducir significativamente la cantidad de grasas absorbidas por el cuerpo. Este t\u00e9 act\u00faa como un protector contra enfermedades cardiovasculares, cerebrales, diabetes y otras dolencias. Adem\u00e1s, facilita la digesti\u00f3n y absorci\u00f3n de alimentos en el est\u00f3mago, previniendo la acumulaci\u00f3n de grasa en el cuerpo y la formaci\u00f3n de celulitis.<\/p>\n<p id=\"\">El t\u00e9 Liuwei Fohow tambi\u00e9n puede aliviar el dolor de garganta en fumadores y prevenir la bronquitis cr\u00f3nica y enfermedades respiratorias.<\/p>\n<p id=\"\">\u200d<\/p>\n<p id=\"\">\u200d<\/p>\n","protected":false},"featured_media":305,"template":"","categories":[6,32],"class_list":["post-206","product","type-product","status-publish","has-post-thumbnail","hentry","categories-vse-tovary","categories-dieticheskie-dobavki"],"acf":[],"_links":{"self":[{"href":"https:\/\/mywhieda.com\/es\/wp-json\/wp\/v2\/product\/206","targetHints":{"allow":["GET"]}}],"collection":[{"href":"https:\/\/mywhieda.com\/es\/wp-json\/wp\/v2\/product"}],"about":[{"href":"https:\/\/mywhieda.com\/es\/wp-json\/wp\/v2\/types\/product"}],"wp:featuredmedia":[{"embeddable":true,"href":"https:\/\/mywhieda.com\/es\/wp-json\/wp\/v2\/media\/305"}],"wp:attachment":[{"href":"https:\/\/mywhieda.com\/es\/wp-json\/wp\/v2\/media?parent=206"}],"wp:term":[{"taxonomy":"categories","embeddable":true,"href":"https:\/\/mywhieda.com\/es\/wp-json\/wp\/v2\/categories?post=206"}],"curies":[{"name":"wp","href":"https:\/\/api.w.org\/{rel}","templated":true}]}}