{"id":210,"date":"2025-02-04T17:24:40","date_gmt":"2025-02-04T14:24:40","guid":{"rendered":"https:\/\/whieda.wtwd.ru\/product\/wentong-2\/"},"modified":"2026-04-10T17:21:09","modified_gmt":"2026-04-10T14:21:09","slug":"wentong-2","status":"publish","type":"product","link":"https:\/\/mywhieda.com\/es\/product\/wentong-2\/","title":{"rendered":"Wentong"},"content":{"rendered":"<h3 id=\"\">Resultados del uso del dispositivo Wentong<\/h3>\n<p id=\"\">Seg\u00fan la medicina tradicional china, el dispositivo Wentong utiliza m\u00e9todos de tonificaci\u00f3n mediante calor que eliminan el fr\u00edo y la humedad del cuerpo, despejan los meridianos y mejoran la circulaci\u00f3n sangu\u00ednea.<\/p>\n<p id=\"\">\u200d1) Radiaci\u00f3n t\u00e9rmica<\/p>\n<p id=\"\">\u200dUn generador de ondas energ\u00e9ticas de alta tecnolog\u00eda incorporado ejerce un efecto t\u00e9rmico de abajo hacia arriba y de adentro hacia afuera, penetrando en todo el cuerpo. Las ondas de energ\u00eda t\u00e9rmica estimulan los puntos de acupuntura en los pies, aceleran el movimiento de la sangre y las c\u00e9lulas en el cuerpo, lo que resulta en un aumento de la energ\u00eda t\u00e9rmica del cuerpo.<\/p>\n<p id=\"\">\u200d2) Cintur\u00f3n calefactor<\/p>\n<p id=\"\">\u200dMediante radiaci\u00f3n infrarroja de espectro lejano, act\u00faa sobre los tejidos profundos del cuerpo, calentando suavemente los m\u00fasculos de manera continua, mejorando la circulaci\u00f3n sangu\u00ednea y aliviando la fatiga muscular.<\/p>\n<p id=\"\">\u200d3) Terapia LED<\/p>\n<p id=\"\">\u200dAplicando longitudes de onda espec\u00edficas de luz roja (633 nm) y azul (415 nm), el dispositivo Wentong tiene efectos antiinflamatorios y antibacterianos, elimina edemas y acelera la cicatrizaci\u00f3n de heridas. Es posible usar luz roja y azul simult\u00e1neamente.<\/p>\n<p id=\"\">\u200d4) Plasma<\/p>\n<p id=\"\">\u200dCrea un ambiente con alta concentraci\u00f3n de iones positivos y negativos para purificar el aire de bacterias. Hace que el aire sea limpio, fresco y agradable.<\/p>\n<p id=\"\">\u200d<\/p>\n<p id=\"\">\u200d<\/p>\n<p id=\"\">\u200d<\/p>\n","protected":false},"featured_media":316,"template":"","categories":[6,29],"class_list":["post-210","product","type-product","status-publish","has-post-thumbnail","hentry","categories-vse-tovary","categories-pribory"],"acf":[],"_links":{"self":[{"href":"https:\/\/mywhieda.com\/es\/wp-json\/wp\/v2\/product\/210","targetHints":{"allow":["GET"]}}],"collection":[{"href":"https:\/\/mywhieda.com\/es\/wp-json\/wp\/v2\/product"}],"about":[{"href":"https:\/\/mywhieda.com\/es\/wp-json\/wp\/v2\/types\/product"}],"wp:featuredmedia":[{"embeddable":true,"href":"https:\/\/mywhieda.com\/es\/wp-json\/wp\/v2\/media\/316"}],"wp:attachment":[{"href":"https:\/\/mywhieda.com\/es\/wp-json\/wp\/v2\/media?parent=210"}],"wp:term":[{"taxonomy":"categories","embeddable":true,"href":"https:\/\/mywhieda.com\/es\/wp-json\/wp\/v2\/categories?post=210"}],"curies":[{"name":"wp","href":"https:\/\/api.w.org\/{rel}","templated":true}]}}