{"id":818,"date":"2025-03-05T20:40:36","date_gmt":"2025-03-05T17:40:36","guid":{"rendered":"https:\/\/mywhieda.com\/?post_type=product&#038;p=818"},"modified":"2025-09-13T17:29:44","modified_gmt":"2025-09-13T14:29:44","slug":"pasta-cinfen-3","status":"publish","type":"product","link":"https:\/\/mywhieda.com\/es\/product\/pasta-cinfen-3\/","title":{"rendered":"Past\u0430 Zinfen"},"content":{"rendered":"<p><strong>\u00bfQu\u00e9 es la Pasta Zinfen?<\/strong><\/p>\n<p>&nbsp;<\/p>\n<p>El consultor internacional de la Asociaci\u00f3n Whieda para un estilo de vida saludable, profesor de medicina tradicional china Zhang Danin, bas\u00e1ndose en su vasta experiencia cl\u00ednica y aplicando eficazmente el m\u00e9todo \u00fanico de &#171;tonificaci\u00f3n de los ri\u00f1ones y la circulaci\u00f3n sangu\u00ednea&#187;, desarroll\u00f3 la receta de la pasta Zinfen, que se elabora seg\u00fan la antigua tecnolog\u00eda de la medicina china a partir de ingredientes selectos.<\/p>\n<p>Todos los ingredientes pasan por 8 etapas tradicionales: selecci\u00f3n, preparaci\u00f3n, limpieza, remojo, tostado, extracci\u00f3n, filtraci\u00f3n y recolecci\u00f3n, lo que les otorga un sabor suave y un aroma cremoso y enriquecido.<\/p>\n<p>&nbsp;<\/p>\n<p><strong>\u00bfPara qu\u00e9 sirve la pasta Zinfen?<\/strong><\/p>\n<p>&nbsp;<\/p>\n<p>En el mundo moderno, cada uno de nosotros enfrenta las consecuencias de h\u00e1bitos perjudiciales como alteraciones en el r\u00e9gimen de sue\u00f1o o insomnio, malestar en el sistema digestivo despu\u00e9s de una comida abundante o una alimentaci\u00f3n desequilibrada, falta de actividad f\u00edsica, consumo frecuente de alcohol, tabaquismo, etc. Todos estos h\u00e1bitos debilitan lentamente nuestra salud, lo que lleva, en \u00faltima instancia, a una reducci\u00f3n en la calidad de vida o a problemas de salud graves. La pasta Zinfen es un producto de alta calidad que combina propiedades nutritivas y preventivas, y ayudar\u00e1 a restaurar la energ\u00eda vital y a mantener tu salud f\u00edsica y mental.<\/p>\n<p>La pasta Zinfen contiene solo componentes naturales de alta calidad: 3 valiosas plantas medicinales: frutos de espino, bayas de goji y polvo de apio. Adem\u00e1s, la pasta Zinfen incluye jarabe de maltitol, un edulcorante bajo en calor\u00edas, que no estimula la producci\u00f3n de insulina, por lo que es adecuado para quienes padecen diabetes o simplemente controlan su consumo de az\u00facar.<\/p>\n<p>&nbsp;<\/p>\n<p><strong>Resultados del uso de la Pasta Zinfen:<\/strong><\/p>\n<p>&nbsp;<\/p>\n<ol>\n<li>Apoya el funcionamiento del sistema cardiovascular;<\/li>\n<li>Protege el h\u00edgado y el bazo;<\/li>\n<li>Reduce la presi\u00f3n arterial;<\/li>\n<li>Ayuda a reducir los niveles de l\u00edpidos en sangre;<\/li>\n<li>Mejora la funci\u00f3n g\u00e1strica y su secreci\u00f3n;<\/li>\n<li>Mejora la circulaci\u00f3n sangu\u00ednea;<\/li>\n<li>Tiene un efecto diur\u00e9tico y elimina la hinchaz\u00f3n;<\/li>\n<li>Posee propiedades antioxidantes;<\/li>\n<li>Alivia los s\u00edntomas de la gota, entre otros.<\/li>\n<\/ol>\n<p>&nbsp;<\/p>\n<p><strong>Indicaciones para su uso:<\/strong><\/p>\n<p>&nbsp;<\/p>\n<p>\u2022 Tabaquismo y consumo de alcohol<br \/>\n\u2022 Alimentaci\u00f3n incorrecta<br \/>\n\u2022 Obesidad<br \/>\n\u2022 Estr\u00e9s y tensi\u00f3n<br \/>\n\u2022 Edad media y avanzada<br \/>\n\u2022 Enfermedades hereditarias<br \/>\n\u2022 Enfermedades cr\u00f3nicas<br \/>\n\u2022 Malestar en las articulaciones<br \/>\n\u2022 Falta de actividad f\u00edsica<br \/>\n\u2022 Gota<\/p>\n","protected":false},"featured_media":814,"template":"","categories":[6,32],"class_list":["post-818","product","type-product","status-publish","has-post-thumbnail","hentry","categories-vse-tovary","categories-dieticheskie-dobavki"],"acf":[],"_links":{"self":[{"href":"https:\/\/mywhieda.com\/es\/wp-json\/wp\/v2\/product\/818","targetHints":{"allow":["GET"]}}],"collection":[{"href":"https:\/\/mywhieda.com\/es\/wp-json\/wp\/v2\/product"}],"about":[{"href":"https:\/\/mywhieda.com\/es\/wp-json\/wp\/v2\/types\/product"}],"wp:featuredmedia":[{"embeddable":true,"href":"https:\/\/mywhieda.com\/es\/wp-json\/wp\/v2\/media\/814"}],"wp:attachment":[{"href":"https:\/\/mywhieda.com\/es\/wp-json\/wp\/v2\/media?parent=818"}],"wp:term":[{"taxonomy":"categories","embeddable":true,"href":"https:\/\/mywhieda.com\/es\/wp-json\/wp\/v2\/categories?post=818"}],"curies":[{"name":"wp","href":"https:\/\/api.w.org\/{rel}","templated":true}]}}