{"id":1543,"date":"2025-12-29T17:27:32","date_gmt":"2025-12-29T14:27:32","guid":{"rendered":"https:\/\/mywhieda.com\/?post_type=product&#038;p=1543"},"modified":"2026-04-13T17:43:56","modified_gmt":"2026-04-13T14:43:56","slug":"sauna-ba-gua-4","status":"publish","type":"product","link":"https:\/\/mywhieda.com\/fr\/product\/sauna-ba-gua-4\/","title":{"rendered":"Sauna Ba-Gua"},"content":{"rendered":"<p data-start=\"0\" data-end=\"335\">Le sauna aide non seulement \u00e0 se d\u00e9tendre, mais aussi \u00e0 renforcer la sant\u00e9, am\u00e9liorer le m\u00e9tabolisme, perdre du poids et soulager les douleurs. Cependant, tout le monde n\u2019a pas la possibilit\u00e9 de fr\u00e9quenter r\u00e9guli\u00e8rement un sauna. C\u2019est pourquoi nous vous proposons le sauna unique \u201cBa-Gua\u201d, que vous pouvez utiliser m\u00eame \u00e0 la maison.<\/p>\n<p data-start=\"337\" data-end=\"372\"><strong>Qu\u2019est-ce que le sauna \u201cBa-Gua\u201d ?<\/strong><\/p>\n<p data-start=\"374\" data-end=\"922\" data-is-last-node=\"\" data-is-only-node=\"\">Il s\u2019agit d\u2019un mini-sauna qui utilise des technologies sp\u00e9ciales ainsi que les propri\u00e9t\u00e9s physiques de pierres telles que la tourmaline et le jade noir. Gr\u00e2ce aux pierres th\u00e9rapeutiques et \u00e0 une structure en tissu sp\u00e9cifique, notre sauna cr\u00e9e un microclimat unique qui exerce un effet th\u00e9rapeutique sur l\u2019ensemble du corps : am\u00e9liore la microcirculation sanguine et les processus m\u00e9taboliques, \u00e9limine les toxines et les d\u00e9chets, am\u00e9liore l\u2019\u00e9tat de la peau, lutte contre les inflammations et les douleurs, r\u00e9duit la fatigue et aide \u00e0 la relaxation.<\/p>\n","protected":false},"featured_media":312,"template":"","categories":[6,29],"class_list":["post-1543","product","type-product","status-publish","has-post-thumbnail","hentry","categories-vse-tovary","categories-pribory"],"acf":[],"_links":{"self":[{"href":"https:\/\/mywhieda.com\/fr\/wp-json\/wp\/v2\/product\/1543","targetHints":{"allow":["GET"]}}],"collection":[{"href":"https:\/\/mywhieda.com\/fr\/wp-json\/wp\/v2\/product"}],"about":[{"href":"https:\/\/mywhieda.com\/fr\/wp-json\/wp\/v2\/types\/product"}],"wp:featuredmedia":[{"embeddable":true,"href":"https:\/\/mywhieda.com\/fr\/wp-json\/wp\/v2\/media\/312"}],"wp:attachment":[{"href":"https:\/\/mywhieda.com\/fr\/wp-json\/wp\/v2\/media?parent=1543"}],"wp:term":[{"taxonomy":"categories","embeddable":true,"href":"https:\/\/mywhieda.com\/fr\/wp-json\/wp\/v2\/categories?post=1543"}],"curies":[{"name":"wp","href":"https:\/\/api.w.org\/{rel}","templated":true}]}}