{"id":1545,"date":"2025-12-29T22:52:03","date_gmt":"2025-12-29T19:52:03","guid":{"rendered":"https:\/\/mywhieda.com\/?post_type=product&#038;p=1545"},"modified":"2026-04-13T17:43:31","modified_gmt":"2026-04-13T14:43:31","slug":"aktivator-kletok-2","status":"publish","type":"product","link":"https:\/\/mywhieda.com\/fr\/product\/aktivator-kletok-2\/","title":{"rendered":"Activateur cellulaire"},"content":{"rendered":"<h3><strong style=\"font-size: 16px;\" data-start=\"0\" data-end=\"29\">Indications d\u2019utilisation<\/strong><\/h3>\n<div class=\"flex flex-col text-sm pb-25\">\n<article class=\"text-token-text-primary w-full focus:outline-none [--shadow-height:45px] has-data-writing-block:pointer-events-none has-data-writing-block:-mt-(--shadow-height) has-data-writing-block:pt-(--shadow-height) [&amp;:has([data-writing-block])&gt;*]:pointer-events-auto scroll-mt-[calc(var(--header-height)+min(200px,max(70px,20svh)))]\" dir=\"auto\" tabindex=\"-1\" data-turn-id=\"79a846fa-ad6b-488a-b181-f91c315e8d16\" data-testid=\"conversation-turn-60\" data-scroll-anchor=\"true\" data-turn=\"assistant\">\n<div class=\"text-base my-auto mx-auto pb-10 [--thread-content-margin:--spacing(4)] @w-sm\/main:[--thread-content-margin:--spacing(6)] @w-lg\/main:[--thread-content-margin:--spacing(16)] px-(--thread-content-margin)\">\n<div class=\"[--thread-content-max-width:40rem] @w-lg\/main:[--thread-content-max-width:48rem] mx-auto max-w-(--thread-content-max-width) flex-1 group\/turn-messages focus-visible:outline-hidden relative flex w-full min-w-0 flex-col agent-turn\" tabindex=\"-1\">\n<div class=\"flex max-w-full flex-col grow\">\n<div class=\"min-h-8 text-message relative flex w-full flex-col items-end gap-2 text-start break-words whitespace-normal [.text-message+&amp;]:mt-1\" dir=\"auto\" data-message-author-role=\"assistant\" data-message-id=\"3011a04e-0deb-45fb-aeb9-529617b48e0b\" data-message-model-slug=\"gpt-5-mini\">\n<div class=\"flex w-full flex-col gap-1 empty:hidden first:pt-[1px]\">\n<div class=\"markdown prose dark:prose-invert w-full break-words light markdown-new-styling\">\n<p data-start=\"33\" data-end=\"86\">L\u2019activateur cellulaire peut vous aider en cas de :<\/p>\n<ol data-start=\"88\" data-end=\"1451\">\n<li data-start=\"88\" data-end=\"258\">\n<p data-start=\"91\" data-end=\"258\">Divers types d\u2019inflammations : gyn\u00e9cologiques, fibromes ut\u00e9rins, kystes ovariens, cervicite, inflammation des organes pelviens, vaginite, \u00ab froid de l\u2019ut\u00e9rus \u00bb, etc.<\/p>\n<\/li>\n<li data-start=\"259\" data-end=\"398\">\n<p data-start=\"262\" data-end=\"398\">Prostatite, hypertrophie de la prostate, miction douloureuse ou difficile, envies fr\u00e9quentes la nuit, baisse de la puissance sexuelle.<\/p>\n<\/li>\n<li data-start=\"399\" data-end=\"686\">\n<p data-start=\"402\" data-end=\"686\">Bronchite, rhinopharyngite, p\u00e9riarthrite de l\u2019\u00e9paule, spondylose cervicale, hypertrophie mammaire, gastrite et ent\u00e9rite, inflammation r\u00e9nale, myocardite, arthrite, h\u00e9patite, pancr\u00e9atite, m\u00e9ningite, br\u00fblures diverses et infections cutan\u00e9es externes, fi\u00e8vre lors d\u2019un rhume, diarrh\u00e9e.<\/p>\n<\/li>\n<li data-start=\"687\" data-end=\"917\">\n<p data-start=\"690\" data-end=\"917\">Douleurs de toute nature : \u00e9paules et cou, douleurs rhumatismales et articulaires, douleurs abdominales, dysm\u00e9norrh\u00e9e, maux de t\u00eate, tumeurs, douleurs dentaires, goutte, douleurs rhumatismales aux genoux, diverses n\u00e9vralgies.<\/p>\n<\/li>\n<li data-start=\"918\" data-end=\"1151\">\n<p data-start=\"921\" data-end=\"1151\">Diff\u00e9rents types de stases (caillots) : dans les m\u00e9ridiens, la lymphe, les vaisseaux du c\u0153ur et du cerveau, varices, inflammation de la thyro\u00efde, lipomes, cataracte, hyperm\u00e9tropie, pigmentation s\u00e9nile, maladie de Parkinson, etc.<\/p>\n<\/li>\n<li data-start=\"1152\" data-end=\"1321\">\n<p data-start=\"1155\" data-end=\"1321\">Divers probl\u00e8mes de peau : pityriasis, ecz\u00e9ma, psoriasis, vitiligo, mauvaise odeur de transpiration sous les aisselles, urticaire, et autres inflammations cutan\u00e9es.<\/p>\n<\/li>\n<li data-start=\"1322\" data-end=\"1451\">\n<p data-start=\"1325\" data-end=\"1451\">Diff\u00e9rents d\u00e9fauts esth\u00e9tiques : peau rel\u00e2ch\u00e9e, flasque, pigmentation, acn\u00e9, insuffisance de Qi et de sang, \u0153d\u00e8mes, ob\u00e9sit\u00e9.<\/p>\n<\/li>\n<\/ol>\n<p data-start=\"1453\" data-end=\"1615\" data-is-last-node=\"\" data-is-only-node=\"\"><strong>Une s\u00e9ance de 30 minutes avec l\u2019activateur cellulaire produit le m\u00eame effet que 10 s\u00e9ances d\u2019acupuncture, 20 s\u00e9ances de ventouses ou 30 s\u00e9ances de massage manuel.<\/strong><\/p>\n<\/div>\n<\/div>\n<\/div>\n<\/div>\n<div class=\"z-0 flex min-h-[46px] justify-start\"><\/div>\n<div class=\"mt-3 w-full empty:hidden\">\n<div class=\"text-center\"><\/div>\n<\/div>\n<\/div>\n<\/div>\n<\/article>\n<\/div>\n<div class=\"pointer-events-none h-px w-px absolute bottom-0\" aria-hidden=\"true\" data-edge=\"true\"><\/div>\n","protected":false},"featured_media":261,"template":"","categories":[6,29],"class_list":["post-1545","product","type-product","status-publish","has-post-thumbnail","hentry","categories-vse-tovary","categories-pribory"],"acf":[],"_links":{"self":[{"href":"https:\/\/mywhieda.com\/fr\/wp-json\/wp\/v2\/product\/1545","targetHints":{"allow":["GET"]}}],"collection":[{"href":"https:\/\/mywhieda.com\/fr\/wp-json\/wp\/v2\/product"}],"about":[{"href":"https:\/\/mywhieda.com\/fr\/wp-json\/wp\/v2\/types\/product"}],"wp:featuredmedia":[{"embeddable":true,"href":"https:\/\/mywhieda.com\/fr\/wp-json\/wp\/v2\/media\/261"}],"wp:attachment":[{"href":"https:\/\/mywhieda.com\/fr\/wp-json\/wp\/v2\/media?parent=1545"}],"wp:term":[{"taxonomy":"categories","embeddable":true,"href":"https:\/\/mywhieda.com\/fr\/wp-json\/wp\/v2\/categories?post=1545"}],"curies":[{"name":"wp","href":"https:\/\/api.w.org\/{rel}","templated":true}]}}