{"id":1546,"date":"2025-12-29T23:09:50","date_gmt":"2025-12-29T20:09:50","guid":{"rendered":"https:\/\/mywhieda.com\/?post_type=product&#038;p=1546"},"modified":"2026-04-13T17:44:22","modified_gmt":"2026-04-13T14:44:22","slug":"bioenergo-massazher-magic-foherb-2","status":"publish","type":"product","link":"https:\/\/mywhieda.com\/fr\/product\/bioenergo-massazher-magic-foherb-2\/","title":{"rendered":"Bio-masseur \u00e9nerg\u00e9tique MAGIC FOHERB"},"content":{"rendered":"<p>La m\u00e9decine chinoise, fond\u00e9e sur des mill\u00e9naires de savoir, reconna\u00eet que toutes les maladies commencent par un d\u00e9s\u00e9quilibre \u00e9nerg\u00e9tique dans le corps. L\u2019\u00e9nergie stagnante dans les m\u00e9ridiens, comme un bouchon dans une conduite, emp\u00eache la libre circulation des forces vitales et conduit \u00e0 la maladie. La sant\u00e9 s\u2019atteint par une alimentation et une purification constantes de chaque cellule, assurant ainsi le fonctionnement harmonieux de l\u2019organisme.<\/p>\n<p>Ces principes expliquent la popularit\u00e9 de la m\u00e9decine traditionnelle chinoise dans un pays dot\u00e9 d\u2019une m\u00e9decine occidentale avanc\u00e9e. Les m\u00e9decins chinois poss\u00e8dent une vaste exp\u00e9rience dans le traitement et la pr\u00e9vention des maladies chroniques, leur permettant de vieillir sans complications. Les m\u00e9thodes de la m\u00e9decine traditionnelle chinoise se distinguent par leur s\u00e9curit\u00e9, leur \u00e9cologie et leur efficacit\u00e9 rapide sans effets secondaires.<\/p>\n<p>Aujourd\u2019hui, les technologies modernes rendent ce savoir ancien accessible \u00e0 tous. Le bio-masseur \u00e9nerg\u00e9tique Magic Foherb est un appareil qui aide \u00e0 r\u00e9tablir l\u2019\u00e9quilibre \u00e9nerg\u00e9tique de l\u2019organisme et \u00e0 am\u00e9liorer la sant\u00e9. Les s\u00e9ances de bio-r\u00e9gulation avec cet appareil constituent une m\u00e9thode simple et efficace de traitement et de pr\u00e9vention, qui purifie les m\u00e9ridiens, am\u00e9liore la circulation sanguine et r\u00e9sout les probl\u00e8mes corporels.<\/p>\n<p>&nbsp;<\/p>\n<p><strong>Principe de fonctionnement :<\/strong><\/p>\n<p>&nbsp;<\/p>\n<p>Bas\u00e9 sur les principes de la m\u00e9decine traditionnelle chinoise et int\u00e9grant des technologies bioniques et ergonomiques modernes, le masseur combine plusieurs fonctions : impulsion, laser, aspiration et chauffage thermique. Cela permet de r\u00e9aliser facilement \u00e0 domicile des soins pr\u00e9ventifs et th\u00e9rapeutiques sans se rendre en clinique : acupuncture, massage th\u00e9rapeutique, massage par ventouses, massage gua sha (massage au grattoir osseux pour stimuler les points biologiquement actifs en m\u00e9decine traditionnelle chinoise) et autres proc\u00e9dures. Le masseur peut \u00e9galement \u00eatre utilis\u00e9 en cosm\u00e9tique, pour la perte de poids et la lutte contre la cellulite.<\/p>\n","protected":false},"featured_media":265,"template":"","categories":[6,29],"class_list":["post-1546","product","type-product","status-publish","has-post-thumbnail","hentry","categories-vse-tovary","categories-pribory"],"acf":[],"_links":{"self":[{"href":"https:\/\/mywhieda.com\/fr\/wp-json\/wp\/v2\/product\/1546","targetHints":{"allow":["GET"]}}],"collection":[{"href":"https:\/\/mywhieda.com\/fr\/wp-json\/wp\/v2\/product"}],"about":[{"href":"https:\/\/mywhieda.com\/fr\/wp-json\/wp\/v2\/types\/product"}],"wp:featuredmedia":[{"embeddable":true,"href":"https:\/\/mywhieda.com\/fr\/wp-json\/wp\/v2\/media\/265"}],"wp:attachment":[{"href":"https:\/\/mywhieda.com\/fr\/wp-json\/wp\/v2\/media?parent=1546"}],"wp:term":[{"taxonomy":"categories","embeddable":true,"href":"https:\/\/mywhieda.com\/fr\/wp-json\/wp\/v2\/categories?post=1546"}],"curies":[{"name":"wp","href":"https:\/\/api.w.org\/{rel}","templated":true}]}}