{"id":1547,"date":"2025-12-29T23:32:18","date_gmt":"2025-12-29T20:32:18","guid":{"rendered":"https:\/\/mywhieda.com\/?post_type=product&#038;p=1547"},"modified":"2026-03-12T17:40:32","modified_gmt":"2026-03-12T14:40:32","slug":"ventun-2-3","status":"publish","type":"product","link":"https:\/\/mywhieda.com\/fr\/product\/ventun-2-3\/","title":{"rendered":"Wentong"},"content":{"rendered":"<p>R\u00e9sultats de l\u2019utilisation de l\u2019appareil Wentong<\/p>\n<p>Selon la m\u00e9decine traditionnelle chinoise, l\u2019appareil Wentong utilise des m\u00e9thodes de r\u00e9chauffement et de tonification pour \u00e9liminer le froid et l\u2019humidit\u00e9 du corps, nettoyer les m\u00e9ridiens et am\u00e9liorer la circulation sanguine.<\/p>\n<p>&nbsp;<\/p>\n<p><strong>Rayonnement thermique<\/strong><br \/>\nUn g\u00e9n\u00e9rateur d\u2019ondes \u00e9nerg\u00e9tiques int\u00e9gr\u00e9 de haute technologie cr\u00e9e un effet thermique qui p\u00e9n\u00e8tre dans tout le corps. Les ondes thermiques stimulent les points d\u2019acupuncture des pieds, acc\u00e9l\u00e9rant la circulation sanguine et cellulaire, ce qui augmente l\u2019\u00e9nergie thermique du corps.<\/p>\n<p>&nbsp;<\/p>\n<p><strong>Ceinture chauffante<\/strong><br \/>\nGr\u00e2ce aux rayons infrarouges lointains, l\u2019appareil p\u00e9n\u00e8tre profond\u00e9ment dans les tissus corporels, r\u00e9chauffant doucement et en continu les muscles, am\u00e9liorant la circulation sanguine et r\u00e9duisant la fatigue musculaire.<\/p>\n<p>&nbsp;<\/p>\n<p><strong>Th\u00e9rapie LED<\/strong><br \/>\nEn appliquant des ondes rouges (633 nm) et bleues (415 nm) de longueurs sp\u00e9cifiques, l\u2019appareil exerce des effets anti-inflammatoires et antibact\u00e9riens, r\u00e9duit les gonflements et acc\u00e9l\u00e8re la cicatrisation des plaies.<\/p>\n<p>&nbsp;<\/p>\n<p><strong>Plasma<\/strong><br \/>\nL\u2019appareil g\u00e9n\u00e8re une concentration \u00e9lev\u00e9e d\u2019ions positifs et n\u00e9gatifs qui purifient l\u2019air en \u00e9liminant les bact\u00e9ries, rendant l\u2019air plus propre, frais et agr\u00e9able \u00e0 respirer.<\/p>\n<p>&nbsp;<\/p>\n<p>Gr\u00e2ce \u00e0 cette combinaison de th\u00e9rapies thermiques et lumineuses modernes, l\u2019appareil Wentong favorise la sant\u00e9 et le bien-\u00eatre g\u00e9n\u00e9ral en am\u00e9liorant la circulation sanguine, en r\u00e9duisant l\u2019inflammation et en am\u00e9liorant la qualit\u00e9 de l\u2019air.<\/p>\n","protected":false},"featured_media":316,"template":"","categories":[6,29],"class_list":["post-1547","product","type-product","status-publish","has-post-thumbnail","hentry","categories-vse-tovary","categories-pribory"],"acf":[],"_links":{"self":[{"href":"https:\/\/mywhieda.com\/fr\/wp-json\/wp\/v2\/product\/1547","targetHints":{"allow":["GET"]}}],"collection":[{"href":"https:\/\/mywhieda.com\/fr\/wp-json\/wp\/v2\/product"}],"about":[{"href":"https:\/\/mywhieda.com\/fr\/wp-json\/wp\/v2\/types\/product"}],"wp:featuredmedia":[{"embeddable":true,"href":"https:\/\/mywhieda.com\/fr\/wp-json\/wp\/v2\/media\/316"}],"wp:attachment":[{"href":"https:\/\/mywhieda.com\/fr\/wp-json\/wp\/v2\/media?parent=1547"}],"wp:term":[{"taxonomy":"categories","embeddable":true,"href":"https:\/\/mywhieda.com\/fr\/wp-json\/wp\/v2\/categories?post=1547"}],"curies":[{"name":"wp","href":"https:\/\/api.w.org\/{rel}","templated":true}]}}