{"id":1548,"date":"2026-01-03T16:39:34","date_gmt":"2026-01-03T13:39:34","guid":{"rendered":"https:\/\/mywhieda.com\/?post_type=product&#038;p=1548"},"modified":"2026-01-03T18:03:53","modified_gmt":"2026-01-03T15:03:53","slug":"turmalinovyy-magnitnyy-poyas-3","status":"publish","type":"product","link":"https:\/\/mywhieda.com\/fr\/product\/turmalinovyy-magnitnyy-poyas-3\/","title":{"rendered":"Ceinture magn\u00e9tique en tourmaline"},"content":{"rendered":"<h3 data-start=\"0\" data-end=\"42\"><strong data-start=\"0\" data-end=\"42\">Ceinture magn\u00e9tique pour le bas du dos<\/strong><\/h3>\n<p>&nbsp;<\/p>\n<p data-start=\"44\" data-end=\"268\"><strong data-start=\"44\" data-end=\"87\">Composition de la ceinture magn\u00e9tique :<\/strong><br data-start=\"87\" data-end=\"90\" \/>\u2022 38,9 % fibre polyester (\u00e0 la tourmaline)<br data-start=\"132\" data-end=\"135\" \/>\u2022 34,4 % coton<br data-start=\"149\" data-end=\"152\" \/>\u2022 26,7 % \u00e9lasthanne<br data-start=\"171\" data-end=\"174\" \/>\u2022 Granules magn\u00e9tiques : 2 pcs<br data-start=\"204\" data-end=\"207\" \/>\u2022 Bande de renfort int\u00e9rieure : 4 pcs (contenant 14 granules)<\/p>\n<p data-start=\"270\" data-end=\"666\">Le mat\u00e9riau principal de la ceinture est la <strong data-start=\"314\" data-end=\"337\">FIBRE DE TOURMALINE<\/strong>, capable d\u2019\u00e9mettre des rayons infrarouges lointains de 4 \u00e0 14 microns. En combinaison avec l\u2019action des aimants, elle contribue \u00e0 am\u00e9liorer la microcirculation dans la zone lombaire, assure un massage statique du bas du dos, soulage la fatigue et la douleur, conserve efficacement la chaleur et garantit un soutien lombaire s\u00fbr.<\/p>\n<p data-start=\"668\" data-end=\"732\">La fibre contient \u00e9galement des particules de charbon de bambou.<\/p>\n<p data-start=\"734\" data-end=\"858\">\u2022 DOUCE ET \u00c9LASTIQUE<br data-start=\"754\" data-end=\"757\" \/>\u2022 ABSORBANTE ET RESPIRANTE<br data-start=\"783\" data-end=\"786\" \/>\u2022 ANTIBACT\u00c9RIENNE<br data-start=\"803\" data-end=\"806\" \/>\u2022 CHAUDE EN HIVER ET FRA\u00ceCHE EN \u00c9T\u00c9<br data-start=\"841\" data-end=\"844\" \/>\u2022 \u00c9COLOGIQUE<\/p>\n<p data-start=\"860\" data-end=\"984\"><strong data-start=\"860\" data-end=\"882\">DESIGN ERGONOMIQUE<\/strong><br data-start=\"882\" data-end=\"885\" \/>\u2022 fin et r\u00e9silient<br data-start=\"903\" data-end=\"906\" \/>\u2022 conforme \u00e0 la lordose naturelle du corps humain<br data-start=\"955\" data-end=\"958\" \/>\u2022 confortable et durable<\/p>\n<p data-start=\"986\" data-end=\"1141\"><strong data-start=\"986\" data-end=\"1014\">D\u00c9COMPRESSION DE SOUTIEN<\/strong><br data-start=\"1014\" data-end=\"1017\" \/>La ceinture lombaire est \u00e9quip\u00e9e d\u2019une plaque de soutien magn\u00e9tique tridimensionnelle pour un maintien fiable du bas du dos.<\/p>\n<p data-start=\"1143\" data-end=\"1289\"><strong data-start=\"1143\" data-end=\"1172\">SOULAGEMENT DE LA FATIGUE<\/strong><br data-start=\"1172\" data-end=\"1175\" \/>Gr\u00e2ce \u00e0 l\u2019action des aimants, elle permet de r\u00e9duire efficacement la fatigue et d\u2019att\u00e9nuer les douleurs lombaires.<\/p>\n<p data-start=\"1291\" data-end=\"1856\"><strong data-start=\"1291\" data-end=\"1330\">POCHETTE FONCTIONNELLE POUR INSERTS<\/strong><br data-start=\"1330\" data-end=\"1333\" \/>La ceinture magn\u00e9tique est dot\u00e9e d\u2019une poche fonctionnelle destin\u00e9e \u00e0 accueillir des inserts du \u00ab kit chauffant \u00e0 l\u2019armoise \u00bb. Placez le sachet d\u2019armoise et le thermopack \u00e0 \u00e9nergie min\u00e9rale dans la poche. Sous l\u2019effet de la chaleur du thermopack, le sachet d\u2019armoise r\u00e9chauffe les m\u00e9ridiens, am\u00e9liore la circulation de l\u2019\u00e9nergie Qi et du sang, dissipe le \u00ab froid \u00bb, r\u00e9duit la fatigue et favorise l\u2019am\u00e9lioration de l\u2019irrigation sanguine ainsi que le soulagement des douleurs dans la r\u00e9gion lombaire de la colonne vert\u00e9brale.<\/p>\n<p data-start=\"1858\" data-end=\"2082\" data-is-last-node=\"\" data-is-only-node=\"\"><strong data-start=\"1858\" data-end=\"1891\">Caract\u00e9ristiques techniques :<\/strong><br data-start=\"1891\" data-end=\"1894\" \/>M \u2013 85 cm \u00d7 19 cm \/ tour de taille 75\u201380 cm<br data-start=\"1937\" data-end=\"1940\" \/>L \u2013 90 cm \u00d7 19 cm \/ tour de taille 85\u201395 cm<br data-start=\"1983\" data-end=\"1986\" \/>XL \u2013 98 cm \u00d7 19 cm \/ tour de taille 95\u2013105 cm<br data-start=\"2031\" data-end=\"2034\" \/>XXL \u2013 108 cm \u00d7 19 cm \/ tour de taille 105\u2013115 cm<\/p>\n","protected":false},"featured_media":272,"template":"","categories":[6,31],"class_list":["post-1548","product","type-product","status-publish","has-post-thumbnail","hentry","categories-vse-tovary","categories-aksessuary"],"acf":[],"_links":{"self":[{"href":"https:\/\/mywhieda.com\/fr\/wp-json\/wp\/v2\/product\/1548","targetHints":{"allow":["GET"]}}],"collection":[{"href":"https:\/\/mywhieda.com\/fr\/wp-json\/wp\/v2\/product"}],"about":[{"href":"https:\/\/mywhieda.com\/fr\/wp-json\/wp\/v2\/types\/product"}],"wp:featuredmedia":[{"embeddable":true,"href":"https:\/\/mywhieda.com\/fr\/wp-json\/wp\/v2\/media\/272"}],"wp:attachment":[{"href":"https:\/\/mywhieda.com\/fr\/wp-json\/wp\/v2\/media?parent=1548"}],"wp:term":[{"taxonomy":"categories","embeddable":true,"href":"https:\/\/mywhieda.com\/fr\/wp-json\/wp\/v2\/categories?post=1548"}],"curies":[{"name":"wp","href":"https:\/\/api.w.org\/{rel}","templated":true}]}}