{"id":1549,"date":"2026-01-03T16:53:47","date_gmt":"2026-01-03T13:53:47","guid":{"rendered":"https:\/\/mywhieda.com\/?post_type=product&#038;p=1549"},"modified":"2026-04-13T17:41:47","modified_gmt":"2026-04-13T14:41:47","slug":"energeticheskiy-palantin-3","status":"publish","type":"product","link":"https:\/\/mywhieda.com\/fr\/product\/energeticheskiy-palantin-3\/","title":{"rendered":"\u00c9tole \u00e9nerg\u00e9tique"},"content":{"rendered":"<div class=\"flex flex-col text-sm pb-25\">\n<article class=\"text-token-text-primary w-full focus:outline-none [--shadow-height:45px] has-data-writing-block:pointer-events-none has-data-writing-block:-mt-(--shadow-height) has-data-writing-block:pt-(--shadow-height) [&amp;:has([data-writing-block])&gt;*]:pointer-events-auto scroll-mt-[calc(var(--header-height)+min(200px,max(70px,20svh)))]\" dir=\"auto\" tabindex=\"-1\" data-turn-id=\"request-WEB:6a9c8bdf-e42f-4bef-862f-554f9843d9aa-384\" data-testid=\"conversation-turn-12\" data-scroll-anchor=\"true\" data-turn=\"assistant\">\n<div class=\"text-base my-auto mx-auto pb-10 [--thread-content-margin:--spacing(4)] @w-sm\/main:[--thread-content-margin:--spacing(6)] @w-lg\/main:[--thread-content-margin:--spacing(16)] px-(--thread-content-margin)\">\n<div class=\"[--thread-content-max-width:40rem] @w-lg\/main:[--thread-content-max-width:48rem] mx-auto max-w-(--thread-content-max-width) flex-1 group\/turn-messages focus-visible:outline-hidden relative flex w-full min-w-0 flex-col agent-turn\" tabindex=\"-1\">\n<div class=\"flex max-w-full flex-col grow\">\n<div class=\"min-h-8 text-message relative flex w-full flex-col items-end gap-2 text-start break-words whitespace-normal [.text-message+&amp;]:mt-1\" dir=\"auto\" data-message-author-role=\"assistant\" data-message-id=\"81e82a20-840e-494f-b4a8-a28615759476\" data-message-model-slug=\"gpt-5-2\">\n<div class=\"flex w-full flex-col gap-1 empty:hidden first:pt-[1px]\">\n<div class=\"markdown prose dark:prose-invert w-full break-words light markdown-new-styling\">\n<p data-start=\"0\" data-end=\"233\"><strong data-start=\"0\" data-end=\"23\">L\u2019\u00e9tole \u00e9nerg\u00e9tique<\/strong> est un soin pour votre sant\u00e9, un gage de confort et d\u2019\u00e9l\u00e9gance. Trois sagesses ancestrales de pr\u00e9servation de la sant\u00e9 y sont harmonieusement associ\u00e9es aux avanc\u00e9es de la science et de la technologie modernes.<\/p>\n<p data-start=\"235\" data-end=\"373\">La <strong data-start=\"238\" data-end=\"267\">polyfibre et le germanium<\/strong> constituent la base de l\u2019\u00e9tole ; leur \u00e9quilibre a \u00e9t\u00e9 \u00e9labor\u00e9 selon une approche scientifique rigoureuse.<\/p>\n<h3 data-start=\"380\" data-end=\"407\"><\/h3>\n<h3 data-start=\"380\" data-end=\"407\">Bienfaits pour la sant\u00e9<\/h3>\n<p data-start=\"409\" data-end=\"790\">Le <strong data-start=\"412\" data-end=\"435\">germanium organique<\/strong> int\u00e9gr\u00e9 \u00e0 l\u2019\u00e9tole poss\u00e8de des propri\u00e9t\u00e9s d\u2019\u00e9mission infrarouge et de lib\u00e9ration d\u2019anions.<br data-start=\"525\" data-end=\"528\" \/>Il contribue \u00e0 am\u00e9liorer la circulation sanguine et la microcirculation.<br data-start=\"600\" data-end=\"603\" \/>Il aide \u00e0 r\u00e9duire l\u2019inconfort et \u00e0 soulager la fatigue au niveau du cou et de la ceinture scapulaire.<br data-start=\"704\" data-end=\"707\" \/>Il ralentit le vieillissement cutan\u00e9 et am\u00e9liore les indicateurs g\u00e9n\u00e9raux de sant\u00e9.<\/p>\n<h3 data-start=\"797\" data-end=\"827\"><\/h3>\n<h3 data-start=\"797\" data-end=\"827\">Confort et soin de la peau<\/h3>\n<p data-start=\"829\" data-end=\"1070\">Une technique de tissage unique, \u00e0 partir de mat\u00e9riaux doux, l\u00e9gers et fins, permet de conserver la chaleur, d\u2019assurer un confort optimal et une excellente respirabilit\u00e9, tout en offrant \u00e0 la peau une sensation de douceur et de soin d\u00e9licat.<\/p>\n<h3 data-start=\"1077\" data-end=\"1149\"><\/h3>\n<h3 data-start=\"1077\" data-end=\"1149\">La zone du cou et des \u00e9paules \u2014 un \u00ab carrefour \u00bb cl\u00e9 du corps humain<\/h3>\n<p data-start=\"1151\" data-end=\"1321\">\u2022 Cette zone n\u00e9cessite une protection fiable<br data-start=\"1195\" data-end=\"1198\" \/>\u2022 Elle est le point de croisement de nombreux canaux \u00e9nerg\u00e9tiques<br data-start=\"1263\" data-end=\"1266\" \/>\u2022 Elle abrite le point biologiquement actif <strong data-start=\"1310\" data-end=\"1321\">Da-Zhui<\/strong><\/p>\n<p data-start=\"1323\" data-end=\"1558\">Le cou et la ceinture scapulaire restent la plupart du temps expos\u00e9s. Les facteurs naturels externes, l\u2019air conditionn\u00e9 en \u00e9t\u00e9, la fatigue chronique et d\u2019autres influences peuvent entra\u00eener des troubles et des tensions dans cette zone.<\/p>\n<p data-start=\"1560\" data-end=\"1944\">Le manque de mouvement ralentit la circulation sanguine et le m\u00e9tabolisme, ce qui peut conduire \u00e0 une obstruction des canaux \u00e9nerg\u00e9tiques, \u00e0 une stagnation du Qi et du sang, \u00e0 une diminution de l\u2019irrigation c\u00e9r\u00e9brale, \u00e0 la somnolence et \u00e0 la fatigue, \u00e0 l\u2019accumulation de toxines, ainsi qu\u2019\u00e0 des spasmes et des douleurs musculaires, favorisant le d\u00e9veloppement de diverses pathologies.<\/p>\n<h3 data-start=\"1951\" data-end=\"1981\"><\/h3>\n<h3 data-start=\"1951\" data-end=\"1981\">L\u2019\u00e9tole \u00e9nerg\u00e9tique FOHERB<\/h3>\n<p data-start=\"1983\" data-end=\"2190\">L\u2019\u00e9tole \u00e9nerg\u00e9tique <strong data-start=\"2003\" data-end=\"2013\">FOHERB<\/strong> constitue une barri\u00e8re puissante contre les effets du vent et du froid. Elle augmente la temp\u00e9rature dans la zone port\u00e9e et aide \u00e0 maintenir l\u2019\u00e9quilibre naturel de l\u2019organisme.<\/p>\n<p data-start=\"2192\" data-end=\"2266\">Une \u00e9tole est toujours un accessoire \u00e9l\u00e9gant et s\u00e9duisant pour les femmes.<\/p>\n<p data-start=\"2268\" data-end=\"2440\">L\u2019\u00e9tole fonctionnelle <strong data-start=\"2290\" data-end=\"2300\">FOHERB<\/strong> allie esth\u00e9tique et praticit\u00e9 : elle vous prot\u00e8ge efficacement de l\u2019air froid des climatiseurs et compl\u00e8te avec style votre tenue estivale.<\/p>\n<h3 data-start=\"2447\" data-end=\"2489\"><\/h3>\n<h3 data-start=\"2447\" data-end=\"2489\">Excellente protection contre le soleil<\/h3>\n<p data-start=\"2491\" data-end=\"2798\">En plus de la cr\u00e8me solaire, du parasol et des lunettes de soleil, vous pouvez utiliser l\u2019\u00e9tole \u00e9nerg\u00e9tique. Il suffit de la draper sur les \u00e9paules et le cou pour b\u00e9n\u00e9ficier d\u2019une protection fiable contre le soleil. Le mat\u00e9riau laisse bien circuler l\u2019air, absorbe l\u2019humidit\u00e9 et \u00e9pouse agr\u00e9ablement le corps.<\/p>\n<h3 data-start=\"2805\" data-end=\"2864\"><\/h3>\n<h3 data-start=\"2805\" data-end=\"2864\">\u2744\ufe0f Pr\u00e9vention des \u00ab maladies li\u00e9es \u00e0 la climatisation \u00bb<\/h3>\n<p data-start=\"2866\" data-end=\"2992\">En \u00e9t\u00e9, au bureau, en voiture ou \u00e0 la maison, nous utilisons fr\u00e9quemment la climatisation, exposant souvent la nuque au froid.<\/p>\n<p data-start=\"2994\" data-end=\"3455\" data-is-last-node=\"\" data-is-only-node=\"\">\u00c0 l\u2019arri\u00e8re du cou se trouvent trois points biologiquement actifs essentiels : <strong data-start=\"3073\" data-end=\"3106\">Feng-Fu, Feng-Chi et Feng-Men<\/strong>. Ce sont par eux que les facteurs pathog\u00e8nes du vent et du froid p\u00e9n\u00e8trent le plus facilement dans l\u2019organisme. L\u2019air froid agissant sur ces points peut provoquer des troubles de la circulation sanguine et entra\u00eener des \u00e9tourdissements, des maux de t\u00eate, des insomnies, des douleurs au niveau du cou et des \u00e9paules, ainsi que d\u2019autres d\u00e9sagr\u00e9ments.<\/p>\n<\/div>\n<\/div>\n<\/div>\n<\/div>\n<div class=\"z-0 flex min-h-[46px] justify-start\"><\/div>\n<div class=\"mt-3 w-full empty:hidden\">\n<div class=\"text-center\"><\/div>\n<\/div>\n<\/div>\n<\/div>\n<\/article>\n<\/div>\n<div class=\"pointer-events-none h-px w-px absolute bottom-0\" aria-hidden=\"true\" data-edge=\"true\"><\/div>\n","protected":false},"featured_media":287,"template":"","categories":[6,31],"class_list":["post-1549","product","type-product","status-publish","has-post-thumbnail","hentry","categories-vse-tovary","categories-aksessuary"],"acf":[],"_links":{"self":[{"href":"https:\/\/mywhieda.com\/fr\/wp-json\/wp\/v2\/product\/1549","targetHints":{"allow":["GET"]}}],"collection":[{"href":"https:\/\/mywhieda.com\/fr\/wp-json\/wp\/v2\/product"}],"about":[{"href":"https:\/\/mywhieda.com\/fr\/wp-json\/wp\/v2\/types\/product"}],"wp:featuredmedia":[{"embeddable":true,"href":"https:\/\/mywhieda.com\/fr\/wp-json\/wp\/v2\/media\/287"}],"wp:attachment":[{"href":"https:\/\/mywhieda.com\/fr\/wp-json\/wp\/v2\/media?parent=1549"}],"wp:term":[{"taxonomy":"categories","embeddable":true,"href":"https:\/\/mywhieda.com\/fr\/wp-json\/wp\/v2\/categories?post=1549"}],"curies":[{"name":"wp","href":"https:\/\/api.w.org\/{rel}","templated":true}]}}