{"id":1550,"date":"2026-01-03T17:05:31","date_gmt":"2026-01-03T14:05:31","guid":{"rendered":"https:\/\/mywhieda.com\/?post_type=product&#038;p=1550"},"modified":"2026-04-16T18:03:24","modified_gmt":"2026-04-16T15:03:24","slug":"sistema-dlya-sna-4-v-1-3","status":"publish","type":"product","link":"https:\/\/mywhieda.com\/fr\/product\/sistema-dlya-sna-4-v-1-3\/","title":{"rendered":"Syst\u00e8me de sommeil 4 en 1"},"content":{"rendered":"<p data-start=\"0\" data-end=\"101\"><strong data-start=\"0\" data-end=\"99\">Approche scientifique pour un sommeil de qualit\u00e9 \u2013 d\u00e9couvrez une nouvelle m\u00e9thode de bien-\u00eatre.<\/strong><\/p>\n<p data-start=\"103\" data-end=\"123\">Est-ce pour vous\u202f?<\/p>\n<p data-start=\"125\" data-end=\"352\">\u2022 Forte tension, fatigue et difficult\u00e9s \u00e0 s\u2019endormir<br data-start=\"177\" data-end=\"180\" \/>\u2022 Mauvaise qualit\u00e9 de sommeil, insomnie, r\u00eaves fr\u00e9quents et r\u00e9veils pr\u00e9coces<br data-start=\"256\" data-end=\"259\" \/>\u2022 Oreillers mal adapt\u00e9s, douleurs fr\u00e9quentes aux \u00e9paules et au cou, ou compression nerveuse<\/p>\n<h3 data-start=\"359\" data-end=\"395\"><\/h3>\n<h3 data-start=\"359\" data-end=\"395\">Innovations pour un sommeil sain<\/h3>\n<p data-start=\"397\" data-end=\"497\">Profitez d\u2019un confort maximal en choisissant le <strong data-start=\"445\" data-end=\"494\">syst\u00e8me de sommeil et de maintien de la sant\u00e9<\/strong>.<\/p>\n<p data-start=\"499\" data-end=\"894\">Un sommeil confortable restaure nos forces apr\u00e8s la fatigue accumul\u00e9e pendant la journ\u00e9e et nous apporte l\u2019\u00e9nergie n\u00e9cessaire pour de nouvelles r\u00e9alisations. Nous esp\u00e9rons qu\u2019apr\u00e8s une journ\u00e9e bien remplie, vous pourrez profiter d\u2019un sommeil de qualit\u00e9 et r\u00e9cup\u00e9rer pleinement. Le <strong data-start=\"780\" data-end=\"809\">syst\u00e8me de sommeil 4 en 1<\/strong> vous garantit un sommeil profond et sain, faisant de chaque nuit un vrai plaisir\u202f!<\/p>\n<h3 data-start=\"901\" data-end=\"937\"><\/h3>\n<h3 data-start=\"901\" data-end=\"937\">Un bon sommeil \u2013 source de sant\u00e9<\/h3>\n<p data-start=\"939\" data-end=\"1270\">Le <strong data-start=\"942\" data-end=\"971\">syst\u00e8me de sommeil 4 en 1<\/strong> est compos\u00e9 \u00e0 <strong data-start=\"986\" data-end=\"1004\">100\u202f% de coton<\/strong> avec un motif emboss\u00e9, enrichi de la <strong data-start=\"1042\" data-end=\"1072\">fonction d\u2019anions n\u00e9gatifs<\/strong> et de <strong data-start=\"1079\" data-end=\"1114\">rayonnement infrarouge lointain<\/strong>. Il peut lib\u00e9rer en continu des rayons infrarouges lointains et des anions n\u00e9gatifs, acc\u00e9l\u00e9rant la microcirculation sanguine et stimulant le m\u00e9tabolisme.<\/p>\n<p data-start=\"1272\" data-end=\"1587\">Agr\u00e9able au toucher, il offre une sensation de douceur et de confort, est respirant, prend soin de votre peau et assure un repos nocturne de qualit\u00e9 ainsi qu\u2019une r\u00e9cup\u00e9ration compl\u00e8te. La <strong data-start=\"1460\" data-end=\"1485\">tissu emboss\u00e9 \u00e9l\u00e9gant<\/strong> dans une teinte jaune p\u00e2le apporte luxe et sophistication tout en favorisant un sommeil de qualit\u00e9.<\/p>\n<h3 data-start=\"1594\" data-end=\"1637\"><\/h3>\n<h3 data-start=\"1594\" data-end=\"1637\">Design pratique et \u00e9l\u00e9gant de la valise<\/h3>\n<p data-start=\"1639\" data-end=\"1883\">La valise est dot\u00e9e d\u2019une <strong data-start=\"1665\" data-end=\"1683\">poign\u00e9e solide<\/strong>, d\u2019un style r\u00e9tro et d\u2019une <strong data-start=\"1711\" data-end=\"1735\">serrure combin\u00e9e TSA<\/strong>, renfor\u00e7ant sa r\u00e9sistance. Les <strong data-start=\"1767\" data-end=\"1807\">double roues rotatives en caoutchouc<\/strong> avec amortissement et r\u00e9duction du bruit assurent une utilisation fluide.<\/p>\n<p data-start=\"1885\" data-end=\"2145\"><strong data-start=\"1885\" data-end=\"1940\">Personnalisation de la marque et approche exclusive<\/strong>\u202f: le logo de l\u2019entreprise et le nom de l\u2019acheteur peuvent \u00eatre appos\u00e9s sur la valise, renfor\u00e7ant l\u2019image de marque, cr\u00e9ant un sentiment d\u2019appartenance et inspirant confiance et respect chez les clients.<\/p>\n<h3 data-start=\"2152\" data-end=\"2178\"><\/h3>\n<h3 data-start=\"2152\" data-end=\"2178\">Praticit\u00e9 et transport<\/h3>\n<p data-start=\"2180\" data-end=\"2272\">Le <strong data-start=\"2183\" data-end=\"2212\">syst\u00e8me de sommeil 4 en 1<\/strong> et la <strong data-start=\"2219\" data-end=\"2243\">valise personnalis\u00e9e<\/strong> forment un ensemble id\u00e9al.<\/p>\n<ul data-start=\"2274\" data-end=\"2519\" data-is-last-node=\"\" data-is-only-node=\"\">\n<li data-start=\"2274\" data-end=\"2429\">\n<p data-start=\"2276\" data-end=\"2429\">Parfait pour les personnes qui voyagent souvent, sont en d\u00e9placement professionnel ou d\u00e9m\u00e9nagent \u2013 facile \u00e0 transporter et attractif en vente combin\u00e9e.<\/p>\n<\/li>\n<li data-start=\"2430\" data-end=\"2519\" data-is-last-node=\"\">\n<p data-start=\"2432\" data-end=\"2519\" data-is-last-node=\"\">\u00c0 domicile, il prend peu de place, se range facilement et assure une meilleure hygi\u00e8ne.<\/p>\n<\/li>\n<\/ul>\n","protected":false},"featured_media":254,"template":"","categories":[6,31],"class_list":["post-1550","product","type-product","status-publish","has-post-thumbnail","hentry","categories-vse-tovary","categories-aksessuary"],"acf":[],"_links":{"self":[{"href":"https:\/\/mywhieda.com\/fr\/wp-json\/wp\/v2\/product\/1550","targetHints":{"allow":["GET"]}}],"collection":[{"href":"https:\/\/mywhieda.com\/fr\/wp-json\/wp\/v2\/product"}],"about":[{"href":"https:\/\/mywhieda.com\/fr\/wp-json\/wp\/v2\/types\/product"}],"wp:featuredmedia":[{"embeddable":true,"href":"https:\/\/mywhieda.com\/fr\/wp-json\/wp\/v2\/media\/254"}],"wp:attachment":[{"href":"https:\/\/mywhieda.com\/fr\/wp-json\/wp\/v2\/media?parent=1550"}],"wp:term":[{"taxonomy":"categories","embeddable":true,"href":"https:\/\/mywhieda.com\/fr\/wp-json\/wp\/v2\/categories?post=1550"}],"curies":[{"name":"wp","href":"https:\/\/api.w.org\/{rel}","templated":true}]}}