{"id":1551,"date":"2026-01-03T17:15:43","date_gmt":"2026-01-03T14:15:43","guid":{"rendered":"https:\/\/mywhieda.com\/?post_type=product&#038;p=1551"},"modified":"2026-01-13T16:34:11","modified_gmt":"2026-01-13T13:34:11","slug":"vysokotehnologichnye-ochki-3","status":"publish","type":"product","link":"https:\/\/mywhieda.com\/fr\/product\/vysokotehnologichnye-ochki-3\/","title":{"rendered":"Lunettes haute technologie"},"content":{"rendered":"<p>Les gadgets sont d\u00e9sormais bien ancr\u00e9s dans notre vie\u202f: nous les utilisons au travail comme pendant notre temps libre. Il est difficile d\u2019imaginer une personne moderne qui n\u2019utilise ni ordinateur, ni smartphone, ni tablette. Nous passons des heures devant les \u00e9crans, ce qui entra\u00eene une <strong>fatigue oculaire importante<\/strong>.<\/p>\n<p>En cons\u00e9quence, de nombreuses personnes souffrent de <strong>fatigue des yeux, maux de t\u00eate, vision floue, s\u00e9cheresse et rougeur oculaire<\/strong> \u2013 des sympt\u00f4mes du <strong>syndrome de l\u2019ordinateur<\/strong>. M\u00eame chez ceux qui ne se plaignent pas de probl\u00e8mes de vision, une <strong>myopie l\u00e9g\u00e8re<\/strong> est souvent d\u00e9tect\u00e9e. Les statistiques montrent clairement que <strong>7 personnes sur 10 souffrent du syndrome de l\u2019ordinateur sous diff\u00e9rentes formes<\/strong>.<\/p>\n<p>&nbsp;<\/p>\n<p>Les <strong>lunettes haute technologie Whieda<\/strong> sont une solution contre la fatigue oculaire. Elles <strong>prot\u00e8gent contre les rayons ultraviolets et la lumi\u00e8re intense<\/strong>, r\u00e9duisent la tension oculaire et am\u00e9liorent la vision, m\u00eame lors d\u2019une utilisation prolong\u00e9e de l\u2019ordinateur. Gr\u00e2ce \u00e0 un <strong>rev\u00eatement sp\u00e9cial<\/strong>, elles ne d\u00e9forment pas les couleurs et sont confortables \u00e0 porter.<\/p>\n<p>Porter les lunettes Whieda aide \u00e0 <strong>r\u00e9duire la fatigue et le stress<\/strong>, \u00e0 <strong>soulager les maux de t\u00eate<\/strong>, \u00e0 <strong>am\u00e9liorer la vision<\/strong> et \u00e0 <strong>att\u00e9nuer l\u2019inconfort des yeux<\/strong>. Elles prot\u00e8gent \u00e9galement contre les rayons UV et stimulent la <strong>circulation sanguine autour des yeux<\/strong>, ce qui est important pour pr\u00e9venir les maladies oculaires.<\/p>\n<p>Ces lunettes sont \u00e9galement disponibles en <strong>version pour enfants<\/strong>.<\/p>\n","protected":false},"featured_media":319,"template":"","categories":[6,31],"class_list":["post-1551","product","type-product","status-publish","has-post-thumbnail","hentry","categories-vse-tovary","categories-aksessuary"],"acf":[],"_links":{"self":[{"href":"https:\/\/mywhieda.com\/fr\/wp-json\/wp\/v2\/product\/1551","targetHints":{"allow":["GET"]}}],"collection":[{"href":"https:\/\/mywhieda.com\/fr\/wp-json\/wp\/v2\/product"}],"about":[{"href":"https:\/\/mywhieda.com\/fr\/wp-json\/wp\/v2\/types\/product"}],"wp:featuredmedia":[{"embeddable":true,"href":"https:\/\/mywhieda.com\/fr\/wp-json\/wp\/v2\/media\/319"}],"wp:attachment":[{"href":"https:\/\/mywhieda.com\/fr\/wp-json\/wp\/v2\/media?parent=1551"}],"wp:term":[{"taxonomy":"categories","embeddable":true,"href":"https:\/\/mywhieda.com\/fr\/wp-json\/wp\/v2\/categories?post=1551"}],"curies":[{"name":"wp","href":"https:\/\/api.w.org\/{rel}","templated":true}]}}