{"id":1552,"date":"2026-01-03T17:31:21","date_gmt":"2026-01-03T14:31:21","guid":{"rendered":"https:\/\/mywhieda.com\/?post_type=product&#038;p=1552"},"modified":"2026-02-13T13:49:18","modified_gmt":"2026-02-13T10:49:18","slug":"korrekcionnye-stelki-3","status":"publish","type":"product","link":"https:\/\/mywhieda.com\/fr\/product\/korrekcionnye-stelki-3\/","title":{"rendered":"Semelles correctrices"},"content":{"rendered":"<p data-start=\"0\" data-end=\"34\"><strong data-start=\"0\" data-end=\"32\">Les pieds : le deuxi\u00e8me c\u0153ur<\/strong><\/p>\n<p data-start=\"36\" data-end=\"467\">La circulation sanguine dans tout le corps est \u00e9troitement li\u00e9e aux pieds\u202f: de la station debout \u00e0 la marche, ils d\u00e9terminent la <strong data-start=\"165\" data-end=\"215\">force et la vitesse de la circulation sanguine<\/strong>. Si les pieds ne sont pas en bonne sant\u00e9, les <strong data-start=\"262\" data-end=\"303\">vaisseaux sanguins qu\u2019ils contiennent<\/strong> ne pourront pas remplir correctement leur fonction, ce qui peut provoquer une <strong data-start=\"382\" data-end=\"428\">stase sanguine dans les membres inf\u00e9rieurs<\/strong> et entra\u00eener des probl\u00e8mes de sant\u00e9.<\/p>\n<p data-start=\"474\" data-end=\"521\"><strong data-start=\"474\" data-end=\"519\">Qu\u2019est-ce que les semelles correctrices\u202f?<\/strong><\/p>\n<p data-start=\"523\" data-end=\"938\">Les semelles correctrices repr\u00e9sentent <strong data-start=\"562\" data-end=\"610\">la sant\u00e9 du squelette et de tout l\u2019organisme<\/strong>. \u00c0 cause de la gravit\u00e9, des troubles m\u00e9taboliques, des charges physiques, des pressions et des particularit\u00e9s professionnelles, la colonne vert\u00e9brale peut se courber, entra\u00eenant une <strong data-start=\"793\" data-end=\"829\">d\u00e9formation globale du squelette<\/strong>. <strong data-start=\"831\" data-end=\"862\">80\u202f% des probl\u00e8mes de sant\u00e9<\/strong> sont li\u00e9s, d\u2019une mani\u00e8re ou d\u2019une autre, \u00e0 des d\u00e9formations du squelette.<\/p>\n<p data-start=\"940\" data-end=\"1267\">Le squelette soutient le corps, et la <strong data-start=\"978\" data-end=\"997\">moelle \u00e9pini\u00e8re<\/strong> constitue la base du <strong data-start=\"1019\" data-end=\"1046\">syst\u00e8me nerveux central<\/strong>. Une d\u00e9formation peut provoquer un <strong data-start=\"1082\" data-end=\"1105\">pincement des nerfs<\/strong>, bloquer le passage des signaux du cerveau vers les organes, perturber les fonctions corporelles et l\u2019activit\u00e9 cellulaire, entra\u00eenant de multiples difficult\u00e9s.<\/p>\n<p data-start=\"1274\" data-end=\"1309\"><strong data-start=\"1274\" data-end=\"1307\">Caract\u00e9ristiques du produit\u202f:<\/strong><\/p>\n<ul data-start=\"1311\" data-end=\"2918\" data-is-last-node=\"\" data-is-only-node=\"\">\n<li data-start=\"1311\" data-end=\"1527\">\n<p data-start=\"1313\" data-end=\"1527\">Les semelles sont con\u00e7ues pour <strong data-start=\"1344\" data-end=\"1391\">s\u2019adapter parfaitement \u00e0 la vo\u00fbte plantaire<\/strong>, am\u00e9liorer la d\u00e9marche, <strong data-start=\"1416\" data-end=\"1448\">normaliser les articulations<\/strong> et r\u00e9duire la pression sur les pieds et les articulations lors de la marche.<\/p>\n<\/li>\n<li data-start=\"1528\" data-end=\"1746\">\n<p data-start=\"1530\" data-end=\"1746\">Fabriqu\u00e9es selon les <strong data-start=\"1551\" data-end=\"1574\">donn\u00e9es anatomiques<\/strong>, elles permettent de <strong data-start=\"1596\" data-end=\"1621\">r\u00e9\u00e9quilibrer le corps<\/strong> et d\u2019<strong data-start=\"1627\" data-end=\"1659\">att\u00e9nuer les effets n\u00e9gatifs<\/strong> sur le squelette, les os et les articulations caus\u00e9s par les activit\u00e9s quotidiennes.<\/p>\n<\/li>\n<li data-start=\"1747\" data-end=\"1882\">\n<p data-start=\"1749\" data-end=\"1882\">Confectionn\u00e9es \u00e0 partir de <strong data-start=\"1776\" data-end=\"1793\">nanomat\u00e9riaux<\/strong>, elles comportent <strong data-start=\"1812\" data-end=\"1840\">20\u202f000 points de massage<\/strong> stimulant les zones r\u00e9flexes des pieds.<\/p>\n<\/li>\n<li data-start=\"1883\" data-end=\"2247\">\n<p data-start=\"1885\" data-end=\"2247\">Elles int\u00e8grent <strong data-start=\"1901\" data-end=\"1943\">infrarouge, champ magn\u00e9tique et anions<\/strong> pour un effet bienfaisant profond. Les <strong data-start=\"1983\" data-end=\"2017\">aimants situ\u00e9s sous la semelle<\/strong> r\u00e9duisent les douleurs articulaires et les \u0153d\u00e8mes, limitent l\u2019inflammation, stimulent la circulation sanguine et am\u00e9liorent l\u2019apport d\u2019<strong data-start=\"2153\" data-end=\"2181\">oxyg\u00e8ne et de nutriments<\/strong> aux cellules, acc\u00e9l\u00e9rant leur r\u00e9cup\u00e9ration et la cicatrisation.<\/p>\n<\/li>\n<li data-start=\"2248\" data-end=\"2820\">\n<p data-start=\"2250\" data-end=\"2820\">Les semelles Whieda disposent d\u2019un <strong data-start=\"2285\" data-end=\"2310\">indicateur de couleur<\/strong> pour suivre l\u2019\u00e9tat de l\u2019organisme\u202f: leur teinte change en fonction des modifications corporelles et du fonctionnement des organes internes. Avec le temps (g\u00e9n\u00e9ralement quelques mois), elles peuvent adopter diff\u00e9rentes nuances, signalant d\u2019\u00e9ventuels probl\u00e8mes de sant\u00e9, comme des troubles des <strong data-start=\"2603\" data-end=\"2707\">reins, du syst\u00e8me cardiovasculaire, des poumons, du tractus gastro-intestinal, du foie et de la rate<\/strong>. <strong data-start=\"2709\" data-end=\"2722\">Attention<\/strong>\u202f: le changement de couleur n\u2019est pas un diagnostic \u2013 il est recommand\u00e9 de consulter un m\u00e9decin.<\/p>\n<\/li>\n<li data-start=\"2821\" data-end=\"2918\" data-is-last-node=\"\">\n<p data-start=\"2823\" data-end=\"2918\" data-is-last-node=\"\"><strong data-start=\"2823\" data-end=\"2859\">Alliage particuli\u00e8rement durable<\/strong>\u202f: les semelles sont con\u00e7ues pour durer jusqu\u2019\u00e0 <strong data-start=\"2907\" data-end=\"2917\">50 ans<\/strong>.<\/p>\n<\/li>\n<\/ul>\n","protected":false},"featured_media":276,"template":"","categories":[6,31],"class_list":["post-1552","product","type-product","status-publish","has-post-thumbnail","hentry","categories-vse-tovary","categories-aksessuary"],"acf":[],"_links":{"self":[{"href":"https:\/\/mywhieda.com\/fr\/wp-json\/wp\/v2\/product\/1552","targetHints":{"allow":["GET"]}}],"collection":[{"href":"https:\/\/mywhieda.com\/fr\/wp-json\/wp\/v2\/product"}],"about":[{"href":"https:\/\/mywhieda.com\/fr\/wp-json\/wp\/v2\/types\/product"}],"wp:featuredmedia":[{"embeddable":true,"href":"https:\/\/mywhieda.com\/fr\/wp-json\/wp\/v2\/media\/276"}],"wp:attachment":[{"href":"https:\/\/mywhieda.com\/fr\/wp-json\/wp\/v2\/media?parent=1552"}],"wp:term":[{"taxonomy":"categories","embeddable":true,"href":"https:\/\/mywhieda.com\/fr\/wp-json\/wp\/v2\/categories?post=1552"}],"curies":[{"name":"wp","href":"https:\/\/api.w.org\/{rel}","templated":true}]}}