{"id":1554,"date":"2026-01-03T17:38:59","date_gmt":"2026-01-03T14:38:59","guid":{"rendered":"https:\/\/mywhieda.com\/?post_type=product&#038;p=1554"},"modified":"2026-01-08T17:43:13","modified_gmt":"2026-01-08T14:43:13","slug":"noski-s-grafenom-4","status":"publish","type":"product","link":"https:\/\/mywhieda.com\/fr\/product\/noski-s-grafenom-4\/","title":{"rendered":"Chaussettes en graph\u00e8ne"},"content":{"rendered":"<p data-start=\"0\" data-end=\"574\">Les chaussettes Graphene Socks Health Priority sont fabriqu\u00e9es \u00e0 partir de coton \u00e0 longues fibres cultiv\u00e9 dans la r\u00e9gion du Xinjiang en Chine, m\u00e9lang\u00e9 avec du graph\u00e8ne, qui g\u00e9n\u00e8re des ions charg\u00e9s n\u00e9gativement, et un fil sp\u00e9cial \u00e9mettant des infrarouges. Les chaussettes retiennent la chaleur, \u00e9liminent les odeurs d\u00e9sagr\u00e9ables, inhibent la croissance bact\u00e9rienne, favorisent une circulation sanguine correcte et prot\u00e8gent la peau. Le massage des points d\u2019acupuncture et le motif de tricotage sp\u00e9cial aident \u00e0 soulager la fatigue des pieds et \u00e0 am\u00e9liorer la sant\u00e9 des pieds.<\/p>\n<p data-start=\"581\" data-end=\"615\"><strong data-start=\"581\" data-end=\"615\">Caract\u00e9ristiques principales :<\/strong><\/p>\n<ul data-start=\"617\" data-end=\"1642\">\n<li data-start=\"617\" data-end=\"801\">\n<p data-start=\"619\" data-end=\"801\">Un environnement d\u2019ions n\u00e9gatifs se forme autour des chaussettes, inhibant efficacement la croissance bact\u00e9rienne, pr\u00e9venant les infections fongiques et offrant un effet d\u00e9odorant.<\/p>\n<\/li>\n<li data-start=\"802\" data-end=\"1078\">\n<p data-start=\"804\" data-end=\"1078\">Les orteils et le talon sont fabriqu\u00e9s \u00e0 partir d\u2019un m\u00e9lange de coton \u00e0 longues fibres et de fil sp\u00e9cial avec graph\u00e8ne et \u00e9mission infrarouge, am\u00e9liorant la chaleur, la respirabilit\u00e9 et maintenant la fonction d\u2019\u00e9mission d\u2019ions et d\u2019infrarouge m\u00eame apr\u00e8s plusieurs lavages.<\/p>\n<\/li>\n<li data-start=\"1079\" data-end=\"1282\">\n<p data-start=\"1081\" data-end=\"1282\">Le tricotage sp\u00e9cial stimule le point d\u2019acupuncture Yongquan lors de la marche, offrant un massage doux qui am\u00e9liore la circulation sanguine des pieds et des membres inf\u00e9rieurs et soulage la fatigue.<\/p>\n<\/li>\n<li data-start=\"1283\" data-end=\"1394\">\n<p data-start=\"1285\" data-end=\"1394\">Une l\u00e9g\u00e8re compression aide \u00e0 r\u00e9duire la fatigue des pieds apr\u00e8s une station debout prolong\u00e9e ou la marche.<\/p>\n<\/li>\n<li data-start=\"1395\" data-end=\"1532\">\n<p data-start=\"1397\" data-end=\"1532\">Le tricotage dans la zone des orteils, combin\u00e9 \u00e0 de l\u2019\u00e9lasthanne de haute qualit\u00e9, emp\u00eache le glissement et la compression des pieds.<\/p>\n<\/li>\n<li data-start=\"1533\" data-end=\"1642\">\n<p data-start=\"1535\" data-end=\"1642\">Le coton premium du Xinjiang garde les pieds au chaud, respirants, respectueux de la peau et \u00e9cologiques.<\/p>\n<\/li>\n<\/ul>\n<p data-start=\"1649\" data-end=\"1680\"><strong data-start=\"1649\" data-end=\"1680\">5 bienfaits pour la sant\u00e9 :<\/strong><\/p>\n<ul data-start=\"1682\" data-end=\"1879\">\n<li data-start=\"1682\" data-end=\"1709\">\n<p data-start=\"1684\" data-end=\"1709\">Th\u00e9rapie par infrarouge<\/p>\n<\/li>\n<li data-start=\"1710\" data-end=\"1727\">\n<p data-start=\"1712\" data-end=\"1727\">Ions n\u00e9gatifs<\/p>\n<\/li>\n<li data-start=\"1728\" data-end=\"1767\">\n<p data-start=\"1730\" data-end=\"1767\">Effets antibact\u00e9riens et d\u00e9odorants<\/p>\n<\/li>\n<li data-start=\"1768\" data-end=\"1811\">\n<p data-start=\"1770\" data-end=\"1811\">Am\u00e9lioration de la circulation sanguine<\/p>\n<\/li>\n<li data-start=\"1812\" data-end=\"1879\">\n<p data-start=\"1814\" data-end=\"1879\">Stimulation des points d\u2019acupuncture et des m\u00e9ridiens des pieds<\/p>\n<\/li>\n<\/ul>\n<p data-start=\"1886\" data-end=\"2088\"><strong data-start=\"1886\" data-end=\"1911\">Garantie de qualit\u00e9 :<\/strong><br data-start=\"1911\" data-end=\"1914\" \/>Chaque paire r\u00e9pond aux normes GB 18401-2010 (Norme de s\u00e9curit\u00e9 textile, Classe B) et FZ\/T 73001-2016 (normes de qualit\u00e9 industrielles), garantissant s\u00e9curit\u00e9 et fiabilit\u00e9.<\/p>\n<p data-start=\"2095\" data-end=\"2227\"><strong data-start=\"2095\" data-end=\"2109\">Couleurs :<\/strong> Noir, Gris<br data-start=\"2120\" data-end=\"2123\" \/><strong data-start=\"2123\" data-end=\"2136\">Tailles :<\/strong> 23\u201325 cm (UE 36\u201340), 25\u201327 cm (UE 40\u201344)<br data-start=\"2177\" data-end=\"2180\" \/><strong data-start=\"2180\" data-end=\"2195\">Emballage :<\/strong> 5 paires (3 noires, 2 grises)<\/p>\n<p data-start=\"2234\" data-end=\"2253\"><strong data-start=\"2234\" data-end=\"2251\">Composition :<\/strong><\/p>\n<ul data-start=\"2254\" data-end=\"2391\">\n<li data-start=\"2254\" data-end=\"2323\">\n<p data-start=\"2256\" data-end=\"2323\">Chaussettes noires : 80,2 % coton, 17,4 % nylon, 2,4 % \u00e9lasthanne<\/p>\n<\/li>\n<li data-start=\"2324\" data-end=\"2391\">\n<p data-start=\"2326\" data-end=\"2391\">Chaussettes grises : 80,7 % coton, 17 % nylon, 2,3 % \u00e9lasthanne<\/p>\n<\/li>\n<\/ul>\n<p data-start=\"2398\" data-end=\"2430\"><strong data-start=\"2398\" data-end=\"2428\">Instructions d\u2019entretien :<\/strong><\/p>\n<ul data-start=\"2431\" data-end=\"2551\" data-is-last-node=\"\" data-is-only-node=\"\">\n<li data-start=\"2431\" data-end=\"2451\">\n<p data-start=\"2433\" data-end=\"2451\">Lavage \u00e0 la main<\/p>\n<\/li>\n<li data-start=\"2452\" data-end=\"2472\">\n<p data-start=\"2454\" data-end=\"2472\">S\u00e9chage vertical<\/p>\n<\/li>\n<li data-start=\"2473\" data-end=\"2507\">\n<p data-start=\"2475\" data-end=\"2507\">Ne pas utiliser d\u2019eau de Javel<\/p>\n<\/li>\n<li data-start=\"2508\" data-end=\"2527\">\n<p data-start=\"2510\" data-end=\"2527\">Ne pas repasser<\/p>\n<\/li>\n<li data-start=\"2528\" data-end=\"2551\" data-is-last-node=\"\">\n<p data-start=\"2530\" data-end=\"2551\" data-is-last-node=\"\">Ne pas nettoyer \u00e0 sec<\/p>\n<\/li>\n<\/ul>\n","protected":false},"featured_media":1250,"template":"","categories":[6,31],"class_list":["post-1554","product","type-product","status-publish","has-post-thumbnail","hentry","categories-vse-tovary","categories-aksessuary"],"acf":[],"_links":{"self":[{"href":"https:\/\/mywhieda.com\/fr\/wp-json\/wp\/v2\/product\/1554","targetHints":{"allow":["GET"]}}],"collection":[{"href":"https:\/\/mywhieda.com\/fr\/wp-json\/wp\/v2\/product"}],"about":[{"href":"https:\/\/mywhieda.com\/fr\/wp-json\/wp\/v2\/types\/product"}],"wp:featuredmedia":[{"embeddable":true,"href":"https:\/\/mywhieda.com\/fr\/wp-json\/wp\/v2\/media\/1250"}],"wp:attachment":[{"href":"https:\/\/mywhieda.com\/fr\/wp-json\/wp\/v2\/media?parent=1554"}],"wp:term":[{"taxonomy":"categories","embeddable":true,"href":"https:\/\/mywhieda.com\/fr\/wp-json\/wp\/v2\/categories?post=1554"}],"curies":[{"name":"wp","href":"https:\/\/api.w.org\/{rel}","templated":true}]}}