{"id":1558,"date":"2026-01-04T02:33:41","date_gmt":"2026-01-03T23:33:41","guid":{"rendered":"https:\/\/mywhieda.com\/?post_type=product&#038;p=1558"},"modified":"2026-04-19T16:33:23","modified_gmt":"2026-04-19T13:33:23","slug":"anionovye-prokladki-anion-3","status":"publish","type":"product","link":"https:\/\/mywhieda.com\/fr\/product\/anionovye-prokladki-anion-3\/","title":{"rendered":"Serviettes hygi\u00e9niques anioniques Anion+"},"content":{"rendered":"<p>Chaque femme utilise chaque mois des produits d\u2019hygi\u00e8ne tels que les serviettes hygi\u00e9niques. Il est important de choisir des serviettes qui soient non seulement s\u00fbres pour votre sant\u00e9, mais qui contribuent \u00e9galement \u00e0 l\u2019am\u00e9liorer. Nous vous proposons des serviettes anioniques uniques, gr\u00e2ce auxquelles chaque femme se sentira confiante pendant ses jours critiques.<\/p>\n<p>Les serviettes anioniques <strong>Anion+<\/strong> sont disponibles en versions jour, nuit et quotidienne. Il existe \u00e9galement des coffrets contenant uniquement des serviettes quotidiennes ou journali\u00e8res.<\/p>\n<p><strong>Coffret de 19 paquets :<\/strong><\/p>\n<ul>\n<li>Jour : 10 paquets de 10 pi\u00e8ces<\/li>\n<li>Nuit : 4 paquets de 8 pi\u00e8ces<\/li>\n<li>Quotidiennes : 5 paquets de 30 pi\u00e8ces<\/li>\n<\/ul>\n<p>Le coffret est pr\u00e9vu pour une utilisation moyenne de 10 \u00e0 12 mois \u2013 un ensemble de trois types de serviettes \u00e9cologiques, en coton et respirantes, dans un emballage s\u00fbr et avec une puce anionique unique, fabriqu\u00e9es selon la technologie japonaise.<\/p>\n<p>&nbsp;<\/p>\n<p><strong>Pourquoi choisir les serviettes anioniques WHIEDA ?<\/strong><\/p>\n<p>Les serviettes anioniques <strong>Anion+<\/strong> offrent aux femmes non seulement du confort, mais elles pr\u00e9viennent \u00e9galement le d\u00e9veloppement de diverses maladies gyn\u00e9cologiques.<\/p>\n<p>Ces serviettes utilisent un processeur sp\u00e9cial anion-magn\u00e9tique, dont la technologie a re\u00e7u trois brevets. Il contient de la fibre de bambou.<\/p>\n<p>Les s\u00e9cr\u00e9tions menstruelles contiennent une grande quantit\u00e9 de bact\u00e9ries ana\u00e9robies. Les anions, en produisant de l\u2019oxyg\u00e8ne libre, absorbent ces bact\u00e9ries ana\u00e9robies et \u00e9liminent les conditions favorables \u00e0 leur survie et reproduction.<\/p>\n<p>Le processeur magn\u00e9tico-anionique contribue \u00e0 r\u00e9tablir l\u2019\u00e9quilibre biomagn\u00e9tique dans le corps, am\u00e9liore la circulation sanguine, r\u00e9duit les inflammations et les douleurs, renforce le syst\u00e8me immunitaire, et agit positivement sur les cellules nerveuses, am\u00e9liorant ainsi l\u2019\u00e9tat \u00e9motionnel de la femme pendant ses jours critiques.<\/p>\n<p>La fibre de bambou poss\u00e8de des propri\u00e9t\u00e9s anti-inflammatoires, absorbe l\u2019exc\u00e8s d\u2019humidit\u00e9 et \u00e9limine les mauvaises odeurs.<\/p>\n<p>&nbsp;<\/p>\n<p>Contrairement aux autres serviettes, les serviettes anioniques ne se contentent pas de retenir l\u2019humidit\u00e9 : elles laissent passer l\u2019air, emp\u00eachant ainsi la prolif\u00e9ration des bact\u00e9ries pathog\u00e8nes.<\/p>\n<p>La substance utilis\u00e9e dans la couche de surface des serviettes anioniques est brevet\u00e9e. Elle est \u00e9cologique et se d\u00e9compose compl\u00e8tement en 1 \u00e0 2 ans, sans polluer l\u2019environnement.<\/p>\n<p>Les s\u00e9cr\u00e9tions menstruelles commencent \u00e0 g\u00e9n\u00e9rer des bact\u00e9ries nocives seulement 18 minutes apr\u00e8s leur \u00e9mission. Or, il est impossible de changer de serviette toutes les 18 minutes. Si la serviette ne laisse pas passer l\u2019air, cela peut provoquer une accumulation importante de ces bact\u00e9ries, entra\u00eenant diverses maladies, y compris potentiellement l\u2019infertilit\u00e9.<\/p>\n<p>Les serviettes anioniques permettent un port continu de <strong>12 heures<\/strong>, pendant lesquelles aucune prolif\u00e9ration bact\u00e9rienne n\u2019a lieu.<\/p>\n<p>Les serviettes <strong>Anion+<\/strong> contiennent \u00e9galement un processeur magn\u00e9tique avec ions d\u2019argent et fibre de bambou. La surface douce de la serviette adh\u00e8re aux organes g\u00e9nitaux f\u00e9minins, cr\u00e9ant une couche protectrice, exer\u00e7ant un effet th\u00e9rapeutique sur les organes reproducteurs et \u00e9liminant les bact\u00e9ries pathog\u00e8nes.<\/p>\n<p>\u200d<\/p>\n","protected":false},"featured_media":263,"template":"","categories":[6,30],"class_list":["post-1558","product","type-product","status-publish","has-post-thumbnail","hentry","categories-vse-tovary","categories-gigiena"],"acf":[],"_links":{"self":[{"href":"https:\/\/mywhieda.com\/fr\/wp-json\/wp\/v2\/product\/1558","targetHints":{"allow":["GET"]}}],"collection":[{"href":"https:\/\/mywhieda.com\/fr\/wp-json\/wp\/v2\/product"}],"about":[{"href":"https:\/\/mywhieda.com\/fr\/wp-json\/wp\/v2\/types\/product"}],"wp:featuredmedia":[{"embeddable":true,"href":"https:\/\/mywhieda.com\/fr\/wp-json\/wp\/v2\/media\/263"}],"wp:attachment":[{"href":"https:\/\/mywhieda.com\/fr\/wp-json\/wp\/v2\/media?parent=1558"}],"wp:term":[{"taxonomy":"categories","embeddable":true,"href":"https:\/\/mywhieda.com\/fr\/wp-json\/wp\/v2\/categories?post=1558"}],"curies":[{"name":"wp","href":"https:\/\/api.w.org\/{rel}","templated":true}]}}