{"id":1559,"date":"2026-01-04T02:47:52","date_gmt":"2026-01-03T23:47:52","guid":{"rendered":"https:\/\/mywhieda.com\/?post_type=product&#038;p=1559"},"modified":"2026-01-08T18:01:07","modified_gmt":"2026-01-08T15:01:07","slug":"antibakterialnyy-gel-3","status":"publish","type":"product","link":"https:\/\/mywhieda.com\/fr\/product\/antibakterialnyy-gel-3\/","title":{"rendered":"Gel antibact\u00e9rien"},"content":{"rendered":"<p>Le gel antibact\u00e9rien <strong>FOHERB<\/strong> est compos\u00e9 d\u2019extraits v\u00e9g\u00e9taux naturels \u00e0 action antibact\u00e9rienne et de composants bioactifs naturels. Il poss\u00e8de non seulement des propri\u00e9t\u00e9s d\u00e9sinfectantes et spermicides, mais offre \u00e9galement un soin pr\u00e9ventif et une protection.<\/p>\n<p><strong>Caract\u00e9ristiques :<\/strong><br \/>\nLe Laboratoire de Microbiologie de Shanghai a r\u00e9alis\u00e9 des tests sp\u00e9cifiques, prouvant scientifiquement que le gel antibact\u00e9rien d\u00e9truit le virus de l\u2019immunod\u00e9ficience humaine (HIV 1) \u00e0 99,53\u202f%. Le gel poss\u00e8de une composition unique \u00e0 base naturelle et v\u00e9g\u00e9tale. Gr\u00e2ce \u00e0 sa forme conique pratique, le gel est facile \u00e0 utiliser et agit directement.<\/p>\n","protected":false},"featured_media":264,"template":"","categories":[6,30],"class_list":["post-1559","product","type-product","status-publish","has-post-thumbnail","hentry","categories-vse-tovary","categories-gigiena"],"acf":[],"_links":{"self":[{"href":"https:\/\/mywhieda.com\/fr\/wp-json\/wp\/v2\/product\/1559","targetHints":{"allow":["GET"]}}],"collection":[{"href":"https:\/\/mywhieda.com\/fr\/wp-json\/wp\/v2\/product"}],"about":[{"href":"https:\/\/mywhieda.com\/fr\/wp-json\/wp\/v2\/types\/product"}],"wp:featuredmedia":[{"embeddable":true,"href":"https:\/\/mywhieda.com\/fr\/wp-json\/wp\/v2\/media\/264"}],"wp:attachment":[{"href":"https:\/\/mywhieda.com\/fr\/wp-json\/wp\/v2\/media?parent=1559"}],"wp:term":[{"taxonomy":"categories","embeddable":true,"href":"https:\/\/mywhieda.com\/fr\/wp-json\/wp\/v2\/categories?post=1559"}],"curies":[{"name":"wp","href":"https:\/\/api.w.org\/{rel}","templated":true}]}}