{"id":1560,"date":"2026-01-04T02:56:10","date_gmt":"2026-01-03T23:56:10","guid":{"rendered":"https:\/\/mywhieda.com\/?post_type=product&#038;p=1560"},"modified":"2026-04-16T15:22:19","modified_gmt":"2026-04-16T12:22:19","slug":"zubnaya-pasta-3","status":"publish","type":"product","link":"https:\/\/mywhieda.com\/fr\/product\/zubnaya-pasta-3\/","title":{"rendered":"Dentifrice"},"content":{"rendered":"<p>Le dentifrice <strong>FOHERB ARTEMISIA ANNUA<\/strong> est fabriqu\u00e9 selon la recette classique de la m\u00e9decine traditionnelle chinoise et contient des extraits de plantes telles que l\u2019armoise, le zanthoxylum, l\u2019arak et le clinopodium chinois. Gr\u00e2ce \u00e0 sa formule sp\u00e9cialement d\u00e9velopp\u00e9e et \u00e0 la combinaison unique de composants, ce dentifrice aide \u00e0 pr\u00e9venir la prolif\u00e9ration des bact\u00e9ries, \u00e0 normaliser le pH de la bouche, \u00e0 \u00e9liminer la mauvaise haleine et \u00e0 renforcer la sant\u00e9 des dents et des gencives.<\/p>\n<p><strong>Composants actifs :<\/strong> extrait d\u2019armoise, extrait de zanthoxylum, extrait d\u2019arak, extrait de clinopodium chinois.<\/p>\n<p>Le dentifrice \u00e0 l\u2019extrait d\u2019armoise est fabriqu\u00e9 \u00e0 partir de composants de haute qualit\u00e9 et poss\u00e8de une formule s\u00fbre, certifi\u00e9e internationalement. Il ne contient pas d\u2019antibiotiques, n\u2019a pas d\u2019effets secondaires et convient aux femmes enceintes, aux enfants et aux personnes \u00e2g\u00e9es. Son ar\u00f4me frais et floral \u00e9limine la mauvaise haleine et assure une haleine fra\u00eeche pendant longtemps.<\/p>\n<p><strong>Mode d\u2019emploi :<\/strong> Brossez-vous les dents tous les jours, au moins 2 fois pendant un minimum de 3 minutes.<\/p>\n<p><strong>Conditions de conservation :<\/strong> Conserver dans un endroit sec et frais.<\/p>\n<p><strong>Pr\u00e9cautions :<\/strong> Ne remplace pas les m\u00e9dicaments\u202f; l\u2019usage chez les enfants de moins de 6 ans doit se faire sous surveillance d\u2019un adulte, avec une petite quantit\u00e9 de dentifrice.<\/p>\n<p><strong>Conditionnement :<\/strong> Tube de 120 g (6 unit\u00e9s).<\/p>\n","protected":false},"featured_media":308,"template":"","categories":[6,30],"class_list":["post-1560","product","type-product","status-publish","has-post-thumbnail","hentry","categories-vse-tovary","categories-gigiena"],"acf":[],"_links":{"self":[{"href":"https:\/\/mywhieda.com\/fr\/wp-json\/wp\/v2\/product\/1560","targetHints":{"allow":["GET"]}}],"collection":[{"href":"https:\/\/mywhieda.com\/fr\/wp-json\/wp\/v2\/product"}],"about":[{"href":"https:\/\/mywhieda.com\/fr\/wp-json\/wp\/v2\/types\/product"}],"wp:featuredmedia":[{"embeddable":true,"href":"https:\/\/mywhieda.com\/fr\/wp-json\/wp\/v2\/media\/308"}],"wp:attachment":[{"href":"https:\/\/mywhieda.com\/fr\/wp-json\/wp\/v2\/media?parent=1560"}],"wp:term":[{"taxonomy":"categories","embeddable":true,"href":"https:\/\/mywhieda.com\/fr\/wp-json\/wp\/v2\/categories?post=1560"}],"curies":[{"name":"wp","href":"https:\/\/api.w.org\/{rel}","templated":true}]}}