{"id":1561,"date":"2026-01-04T16:45:57","date_gmt":"2026-01-04T13:45:57","guid":{"rendered":"https:\/\/mywhieda.com\/?post_type=product&#038;p=1561"},"modified":"2026-01-04T16:47:21","modified_gmt":"2026-01-04T13:47:21","slug":"omolazhivayushchiy-sprey-s-lifting-effektom-3-9","status":"publish","type":"product","link":"https:\/\/mywhieda.com\/fr\/product\/omolazhivayushchiy-sprey-s-lifting-effektom-3-9\/","title":{"rendered":"Masque \u00e0 effet lifting FUNDESEE"},"content":{"rendered":"<p>Masque \u00e0 effet lifting FUNDESEE \u2014 est un soin premium pour la peau du visage au quotidien, offrant un effet lifting global et un soutien \u00e0 la jeunesse de la peau. Le masque contient une forte concentration de mol\u00e9cules d\u2019eau, ce qui permet d\u2019hydrater et de nourrir efficacement la peau. La soie hydrolys\u00e9e favorise la production de collag\u00e8ne et aide \u00e0 am\u00e9liorer la fermet\u00e9 et l\u2019\u00e9lasticit\u00e9 de la peau.<\/p>\n<p>Convient aux soins des peaux sujettes \u00e0 la s\u00e9cheresse, \u00e0 la sensation de tiraillement, \u00e0 la desquamation, \u00e0 l\u2019hypersensibilit\u00e9, au teint terne, ainsi qu\u2019\u00e0 la r\u00e9duction de l\u2019apparence des rides et au maintien de la douceur et de la fra\u00eecheur de la peau.<\/p>\n<p>Quatre composants principaux<\/p>\n<p>&nbsp;<\/p>\n<p><strong>S\u00e9ricine<\/strong><br \/>\nProt\u00e9ine contenant 18 types d\u2019acides amin\u00e9s. Aide \u00e0 nettoyer la peau et \u00e0 maintenir l\u2019\u00e9quilibre hydrolipidique de l\u2019\u00e9piderme. La s\u00e9ricine, obtenue \u00e0 partir de soie hydrolys\u00e9e, contribue \u00e0 un teint uniforme et \u00e0 la douceur de la peau.<\/p>\n<p><strong>Fibro\u00efne<\/strong><br \/>\nFibre naturelle issue de la soie. Aide \u00e0 maintenir un niveau d\u2019hydratation optimal, rend la peau plus lisse, plus douce et plus \u00e9lastique, et lui donne un \u00e9clat sain.<\/p>\n<p><strong>Chitosane<\/strong><br \/>\nPolysaccharide dot\u00e9 d\u2019une grande capacit\u00e9 d\u2019adsorption, aide \u00e0 nettoyer la peau des impuret\u00e9s et des r\u00e9sidus de produits cosm\u00e9tiques, favorisant une sensation de propret\u00e9 et de fra\u00eecheur.<\/p>\n<p><strong>Hyaluronate de sodium<\/strong><br \/>\nForme d\u2019acide hyaluronique qui hydrate intens\u00e9ment la peau et la rend plus lisse et plus ferme.<\/p>\n<p>Effet du masque rajeunissant \u00e0 effet lifting FUNDESEE :<\/p>\n<p>Hydrate la peau<br \/>\nNettoie et rafra\u00eechit<br \/>\nPoss\u00e8de des propri\u00e9t\u00e9s antioxydantes<br \/>\nAide \u00e0 r\u00e9duire la visibilit\u00e9 des gonflements et des cernes sous les yeux<br \/>\nCr\u00e9e un effet lifting<br \/>\nAide \u00e0 rendre la peau plus lisse et plus ferme<\/p>\n<p>L\u2019emballage contient 10 masques.<\/p>\n","protected":false},"featured_media":1347,"template":"","categories":[6,33],"class_list":["post-1561","product","type-product","status-publish","has-post-thumbnail","hentry","categories-vse-tovary","categories-kosmetika"],"acf":[],"_links":{"self":[{"href":"https:\/\/mywhieda.com\/fr\/wp-json\/wp\/v2\/product\/1561","targetHints":{"allow":["GET"]}}],"collection":[{"href":"https:\/\/mywhieda.com\/fr\/wp-json\/wp\/v2\/product"}],"about":[{"href":"https:\/\/mywhieda.com\/fr\/wp-json\/wp\/v2\/types\/product"}],"wp:featuredmedia":[{"embeddable":true,"href":"https:\/\/mywhieda.com\/fr\/wp-json\/wp\/v2\/media\/1347"}],"wp:attachment":[{"href":"https:\/\/mywhieda.com\/fr\/wp-json\/wp\/v2\/media?parent=1561"}],"wp:term":[{"taxonomy":"categories","embeddable":true,"href":"https:\/\/mywhieda.com\/fr\/wp-json\/wp\/v2\/categories?post=1561"}],"curies":[{"name":"wp","href":"https:\/\/api.w.org\/{rel}","templated":true}]}}