{"id":1562,"date":"2026-01-04T16:56:36","date_gmt":"2026-01-04T13:56:36","guid":{"rendered":"https:\/\/mywhieda.com\/?post_type=product&#038;p=1562"},"modified":"2026-01-04T16:58:17","modified_gmt":"2026-01-04T13:58:17","slug":"omolazhivayushchiy-sprey-s-lifting-effektom-4","status":"publish","type":"product","link":"https:\/\/mywhieda.com\/fr\/product\/omolazhivayushchiy-sprey-s-lifting-effektom-4\/","title":{"rendered":"Spray rajeunissant \u00e0 effet lifting"},"content":{"rendered":"<p>Spray rajeunissant pour le visage \u00e0 effet lifting<\/p>\n<p>La question du rajeunissement se pose t\u00f4t ou tard pour chaque femme. La gamme de soins anti-\u00e2ge est tr\u00e8s vaste, ce qui rend le choix du produit adapt\u00e9 parfois difficile. En optant pour <strong>YOUTHFULNESS FREEZE SPRAY<\/strong>, vous serez assur\u00e9ment satisfaite. Ce soin moderne agit aussi efficacement que le l\u00e9gendaire botox, tout en restant doux pour la peau et sans provoquer de d\u00e9t\u00e9rioration brutale apr\u00e8s l\u2019arr\u00eat de l\u2019utilisation. En quelques semaines seulement, les rides s\u2019estompent et la peau devient plus ferme et plus tonique. Une haute efficacit\u00e9 \u00e0 un prix accessible distingue cette nouveaut\u00e9 de ses analogues, qui peinent \u00e0 offrir des r\u00e9sultats comparables.<\/p>\n<p>Redonner de l\u2019\u00e9lasticit\u00e9 \u00e0 la peau et l\u2019hydrater est le souhait de nombreuses femmes, mais les cr\u00e8mes n\u2019y parviennent pas toujours. Il existe une solution plus performante : utiliser la cr\u00e8me-spray rajeunissante <strong>YOUTHFULNESS FREEZE SPRAY<\/strong>. Elle stimule la production de collag\u00e8ne et d\u2019\u00e9lastine, favorisant ainsi le renouvellement et la jeunesse de la peau.<\/p>\n<p>\u200d<\/p>\n","protected":false},"featured_media":309,"template":"","categories":[6,33],"class_list":["post-1562","product","type-product","status-publish","has-post-thumbnail","hentry","categories-vse-tovary","categories-kosmetika"],"acf":[],"_links":{"self":[{"href":"https:\/\/mywhieda.com\/fr\/wp-json\/wp\/v2\/product\/1562","targetHints":{"allow":["GET"]}}],"collection":[{"href":"https:\/\/mywhieda.com\/fr\/wp-json\/wp\/v2\/product"}],"about":[{"href":"https:\/\/mywhieda.com\/fr\/wp-json\/wp\/v2\/types\/product"}],"wp:featuredmedia":[{"embeddable":true,"href":"https:\/\/mywhieda.com\/fr\/wp-json\/wp\/v2\/media\/309"}],"wp:attachment":[{"href":"https:\/\/mywhieda.com\/fr\/wp-json\/wp\/v2\/media?parent=1562"}],"wp:term":[{"taxonomy":"categories","embeddable":true,"href":"https:\/\/mywhieda.com\/fr\/wp-json\/wp\/v2\/categories?post=1562"}],"curies":[{"name":"wp","href":"https:\/\/api.w.org\/{rel}","templated":true}]}}