{"id":1563,"date":"2026-01-04T17:16:21","date_gmt":"2026-01-04T14:16:21","guid":{"rendered":"https:\/\/mywhieda.com\/?post_type=product&#038;p=1563"},"modified":"2026-01-04T17:18:54","modified_gmt":"2026-01-04T14:18:54","slug":"pasta-cinfen-6","status":"publish","type":"product","link":"https:\/\/mywhieda.com\/fr\/product\/pasta-cinfen-6\/","title":{"rendered":"P\u00e2te Qingfeng"},"content":{"rendered":"<div class=\"flex flex-col text-sm pb-25\">\n<article class=\"text-token-text-primary w-full focus:outline-none [--shadow-height:45px] has-data-writing-block:pointer-events-none has-data-writing-block:-mt-(--shadow-height) has-data-writing-block:pt-(--shadow-height) [&amp;:has([data-writing-block])&gt;*]:pointer-events-auto scroll-mt-[calc(var(--header-height)+min(200px,max(70px,20svh)))]\" dir=\"auto\" tabindex=\"-1\" data-turn-id=\"request-WEB:d7b124cb-4f91-4bb0-af80-4bbce4cf2da1-548\" data-testid=\"conversation-turn-140\" data-scroll-anchor=\"true\" data-turn=\"assistant\">\n<div class=\"text-base my-auto mx-auto pb-10 [--thread-content-margin:--spacing(4)] @w-sm\/main:[--thread-content-margin:--spacing(6)] @w-lg\/main:[--thread-content-margin:--spacing(16)] px-(--thread-content-margin)\">\n<div class=\"[--thread-content-max-width:40rem] @w-lg\/main:[--thread-content-max-width:48rem] mx-auto max-w-(--thread-content-max-width) flex-1 group\/turn-messages focus-visible:outline-hidden relative flex w-full min-w-0 flex-col agent-turn\" tabindex=\"-1\">\n<div class=\"flex max-w-full flex-col grow\">\n<div class=\"min-h-8 text-message relative flex w-full flex-col items-end gap-2 text-start break-words whitespace-normal [.text-message+&amp;]:mt-1\" dir=\"auto\" data-message-author-role=\"assistant\" data-message-id=\"ae22fe71-dfad-483b-95d1-095e526bb8fa\" data-message-model-slug=\"gpt-5-mini\">\n<div class=\"flex w-full flex-col gap-1 empty:hidden first:pt-[1px]\">\n<div class=\"markdown prose dark:prose-invert w-full break-words light markdown-new-styling\">\n<p data-start=\"0\" data-end=\"34\"><strong>Qu\u2019est-ce que la P\u00e2te Qingfeng\u202f?<\/strong><\/p>\n<p data-start=\"36\" data-end=\"497\">Le professeur Zhang Danin, consultant international de l\u2019Association Whieda pour un mode de vie sain et expert en m\u00e9decine traditionnelle chinoise, s\u2019appuyant sur de nombreuses ann\u00e9es de pratique clinique et appliquant efficacement la m\u00e9thode unique de \u00ab\u202ftonification des reins et circulation sanguine\u202f\u00bb, a d\u00e9velopp\u00e9 la recette de la p\u00e2te Qingfeng. Elle est fabriqu\u00e9e selon une ancienne technologie de la m\u00e9decine chinoise \u00e0 partir d\u2019ingr\u00e9dients s\u00e9lectionn\u00e9s.<\/p>\n<p data-start=\"499\" data-end=\"728\">Tous les ingr\u00e9dients passent par 8 \u00e9tapes traditionnelles : s\u00e9lection, pr\u00e9paration, purification, trempage, torr\u00e9faction, extraction, filtration et assemblage \u2013 ce qui leur conf\u00e8re une saveur douce et un ar\u00f4me riche et cr\u00e9meux.<\/p>\n<p data-start=\"735\" data-end=\"767\">\n<p data-start=\"735\" data-end=\"767\"><strong>\u00c0 quoi sert la p\u00e2te Qingfeng\u202f?<\/strong><\/p>\n<p data-start=\"769\" data-end=\"1222\">Dans le monde moderne, chacun de nous est confront\u00e9 aux cons\u00e9quences de mauvaises habitudes telles que le manque de sommeil ou les couchers tardifs, l\u2019inconfort digestif apr\u00e8s des repas copieux ou une alimentation d\u00e9s\u00e9quilibr\u00e9e, le manque d\u2019activit\u00e9 physique, la consommation fr\u00e9quente d\u2019alcool, le tabagisme, etc. Toutes ces habitudes nuisent progressivement \u00e0 notre sant\u00e9, entra\u00eenant une baisse de la qualit\u00e9 de vie ou des probl\u00e8mes de sant\u00e9 graves.<\/p>\n<p data-start=\"1224\" data-end=\"1416\">La p\u00e2te Qingfeng est un produit de haute qualit\u00e9 qui combine des propri\u00e9t\u00e9s nutritives et pr\u00e9ventives, contribuant \u00e0 restaurer l\u2019\u00e9nergie vitale et \u00e0 soutenir votre sant\u00e9 physique et mentale.<\/p>\n<p data-start=\"1418\" data-end=\"1837\">La p\u00e2te Qingfeng contient uniquement des composants naturels de haute qualit\u00e9, incluant trois plantes m\u00e9dicinales pr\u00e9cieuses : les fruits de l\u2019aub\u00e9pine, les baies de goji et la poudre de c\u00e9leri. Elle contient \u00e9galement un sirop de maltitol \u00e0 faible teneur en calories, qui n\u2019augmente pas la production d\u2019insuline, ce qui le rend adapt\u00e9 aux personnes atteintes de diab\u00e8te ou qui surveillent leur consommation de sucre.<\/p>\n<p data-start=\"1844\" data-end=\"1894\">\n<p data-start=\"1844\" data-end=\"1894\"><strong>R\u00e9sultats de l\u2019utilisation de la p\u00e2te Qingfeng\u202f:<\/strong><\/p>\n<ol data-start=\"1896\" data-end=\"2290\">\n<li data-start=\"1896\" data-end=\"1937\">\n<p data-start=\"1899\" data-end=\"1937\">Soutient le syst\u00e8me cardiovasculaire<\/p>\n<\/li>\n<li data-start=\"1938\" data-end=\"1969\">\n<p data-start=\"1941\" data-end=\"1969\">Prot\u00e8ge le foie et la rate<\/p>\n<\/li>\n<li data-start=\"1970\" data-end=\"2003\">\n<p data-start=\"1973\" data-end=\"2003\">R\u00e9duit la tension art\u00e9rielle<\/p>\n<\/li>\n<li data-start=\"2004\" data-end=\"2054\">\n<p data-start=\"2007\" data-end=\"2054\">Contribue \u00e0 la r\u00e9duction des lipides sanguins<\/p>\n<\/li>\n<li data-start=\"2055\" data-end=\"2106\">\n<p data-start=\"2058\" data-end=\"2106\">Am\u00e9liore la fonction gastrique et la s\u00e9cr\u00e9tion<\/p>\n<\/li>\n<li data-start=\"2107\" data-end=\"2144\">\n<p data-start=\"2110\" data-end=\"2144\">Favorise la circulation sanguine<\/p>\n<\/li>\n<li data-start=\"2145\" data-end=\"2192\">\n<p data-start=\"2148\" data-end=\"2192\">A un effet diur\u00e9tique et r\u00e9duit les \u0153d\u00e8mes<\/p>\n<\/li>\n<li data-start=\"2193\" data-end=\"2229\">\n<p data-start=\"2196\" data-end=\"2229\">Poss\u00e8de une action antioxydante<\/p>\n<\/li>\n<li data-start=\"2230\" data-end=\"2290\">\n<p data-start=\"2233\" data-end=\"2290\">Soulage les sympt\u00f4mes de la goutte et autres affections<\/p>\n<\/li>\n<\/ol>\n<p data-start=\"2297\" data-end=\"2312\">\n<p data-start=\"2297\" data-end=\"2312\"><strong>Indications\u202f:<\/strong><\/p>\n<p data-start=\"2314\" data-end=\"2557\" data-is-last-node=\"\" data-is-only-node=\"\">\u2022 Tabagisme et consommation d\u2019alcool<br data-start=\"2350\" data-end=\"2353\" \/>\u2022 Alimentation d\u00e9s\u00e9quilibr\u00e9e<br data-start=\"2381\" data-end=\"2384\" \/>\u2022 Ob\u00e9sit\u00e9<br data-start=\"2393\" data-end=\"2396\" \/>\u2022 Stress et tension<br data-start=\"2415\" data-end=\"2418\" \/>\u2022 \u00c2ge moyen et avanc\u00e9<br data-start=\"2439\" data-end=\"2442\" \/>\u2022 Maladies h\u00e9r\u00e9ditaires<br data-start=\"2465\" data-end=\"2468\" \/>\u2022 Maladies chroniques<br data-start=\"2489\" data-end=\"2492\" \/>\u2022 Inconfort articulaire<br data-start=\"2515\" data-end=\"2518\" \/>\u2022 Manque d\u2019activit\u00e9 physique<br data-start=\"2546\" data-end=\"2549\" \/>\u2022 Goutte<\/p>\n<\/div>\n<\/div>\n<\/div>\n<\/div>\n<\/div>\n<\/div>\n<\/article>\n<\/div>\n","protected":false},"featured_media":814,"template":"","categories":[6,32],"class_list":["post-1563","product","type-product","status-publish","has-post-thumbnail","hentry","categories-vse-tovary","categories-dieticheskie-dobavki"],"acf":[],"_links":{"self":[{"href":"https:\/\/mywhieda.com\/fr\/wp-json\/wp\/v2\/product\/1563","targetHints":{"allow":["GET"]}}],"collection":[{"href":"https:\/\/mywhieda.com\/fr\/wp-json\/wp\/v2\/product"}],"about":[{"href":"https:\/\/mywhieda.com\/fr\/wp-json\/wp\/v2\/types\/product"}],"wp:featuredmedia":[{"embeddable":true,"href":"https:\/\/mywhieda.com\/fr\/wp-json\/wp\/v2\/media\/814"}],"wp:attachment":[{"href":"https:\/\/mywhieda.com\/fr\/wp-json\/wp\/v2\/media?parent=1563"}],"wp:term":[{"taxonomy":"categories","embeddable":true,"href":"https:\/\/mywhieda.com\/fr\/wp-json\/wp\/v2\/categories?post=1563"}],"curies":[{"name":"wp","href":"https:\/\/api.w.org\/{rel}","templated":true}]}}