{"id":1564,"date":"2026-01-04T17:24:35","date_gmt":"2026-01-04T14:24:35","guid":{"rendered":"https:\/\/mywhieda.com\/?post_type=product&#038;p=1564"},"modified":"2026-01-04T17:26:03","modified_gmt":"2026-01-04T14:26:03","slug":"pasta-roza-fohou-3","status":"publish","type":"product","link":"https:\/\/mywhieda.com\/fr\/product\/pasta-roza-fohou-3\/","title":{"rendered":"P\u00e2te Rosa Foherb"},"content":{"rendered":"<p>La Rose FoHoo contient des oligosaccharides extraits de plantes naturelles, qui ne sont pas d\u00e9compos\u00e9s dans les parties sup\u00e9rieures du tractus gastro-intestinal, permettant ainsi aux bact\u00e9ries b\u00e9n\u00e9fiques de se multiplier 10 \u00e0 100 fois plus vite, tout en inhibant la croissance des bact\u00e9ries nuisibles. Le produit est pr\u00e9sent\u00e9 sous forme de p\u00e2te, avec un ar\u00f4me et un go\u00fbt agr\u00e9ables, adapt\u00e9 \u00e0 une utilisation quotidienne.<\/p>\n<p><strong>Indications de la Rose FoHoo :<\/strong><\/p>\n<ul>\n<li>Efficace en cas d\u2019intoxications, \u00e9limine le d\u00e9s\u00e9quilibre de la flore intestinale et purifie le foie.<\/li>\n<li>\u00c9limine les mauvaises odeurs de la bouche, peut \u00eatre utilis\u00e9 comme substitut du sucre, am\u00e9liore le teint.<\/li>\n<li>Soulage le syndrome de \u00ab fatigue chronique \u00bb, restaure la microflore intestinale, r\u00e9duit les graisses.<\/li>\n<li>Purification g\u00e9n\u00e9rale de tous les organes et syst\u00e8mes, apporte un effet bienfaisant en cas d\u2019allergies, agit comme d\u00e9toxifiant.<\/li>\n<\/ul>\n<p><strong>Particularit\u00e9s de la Rose FoHoo :<\/strong><\/p>\n<ol>\n<li>L\u2019extrait de fleurs de rose purifie le foie et a un effet cosm\u00e9tique global. Le facteur bifido pr\u00e9sent dans le produit favorise la croissance rapide et l\u2019augmentation de la microflore b\u00e9n\u00e9fique (bifidobact\u00e9ries, etc.).<\/li>\n<li>Aide en cas de dysbiose : augmente la quantit\u00e9 de microflore intestinale b\u00e9n\u00e9fique, stabilise et renforce les fonctions digestives.<\/li>\n<li>R\u00e9gule la s\u00e9cr\u00e9tion de suc digestif, stimule la digestion et l\u2019absorption dans le tractus gastro-intestinal, utile en cas de diarrh\u00e9e.<\/li>\n<li>Pr\u00e9serve la jeunesse de l\u2019intestin.<\/li>\n<li>Renforce le syst\u00e8me immunitaire, am\u00e9liore la synth\u00e8se des vitamines et l\u2019absorption des min\u00e9raux.<\/li>\n<li>Ralentit le vieillissement de l\u2019organisme.<\/li>\n<li>Poss\u00e8de un effet cosm\u00e9tique.<\/li>\n<li>Agit sur les allergies et le vieillissement musculaire. Selon le principe \u00ab l\u2019ext\u00e9rieur influence l\u2019int\u00e9rieur \u00bb, il peut dissoudre les taches pigmentaires, activer la d\u00e9gradation et le m\u00e9tabolisme de la m\u00e9lanine, favorisant une peau blanche, ferme et saine.<\/li>\n<li>Utilis\u00e9 pour l\u2019\u00e9limination des toxines en tant que nettoyant intestinal, contre la constipation, pour la perte de poids, \u00e9limine les mauvaises odeurs de la bouche et de la transpiration.<\/li>\n<li>Pr\u00e9vient l\u2019ob\u00e9sit\u00e9.<\/li>\n<\/ol>\n<p><strong>Recommandations :<\/strong><\/p>\n<p>La p\u00e2te fruit\u00e9e \u00ab Rose Phoenix \u00bb convient \u00e0 tous les groupes de personnes sans restriction. Elle peut \u00eatre utilis\u00e9e dans l\u2019alimentation comme substitut du sucre, avec consommation r\u00e9guli\u00e8re possible. C\u2019est un produit alimentaire accessible et indispensable pour la sant\u00e9 des personnes \u00e2g\u00e9es et des enfants.<\/p>\n<p>Peut \u00eatre consomm\u00e9e directement ou \u00e9tal\u00e9e sur du pain, m\u00e9lang\u00e9e au th\u00e9.<\/p>\n<p><strong>Composition :<\/strong> extrait de fleurs de rose, oligosaccharides, stachyose.<\/p>\n","protected":false},"featured_media":292,"template":"","categories":[6,32],"class_list":["post-1564","product","type-product","status-publish","has-post-thumbnail","hentry","categories-vse-tovary","categories-dieticheskie-dobavki"],"acf":[],"_links":{"self":[{"href":"https:\/\/mywhieda.com\/fr\/wp-json\/wp\/v2\/product\/1564","targetHints":{"allow":["GET"]}}],"collection":[{"href":"https:\/\/mywhieda.com\/fr\/wp-json\/wp\/v2\/product"}],"about":[{"href":"https:\/\/mywhieda.com\/fr\/wp-json\/wp\/v2\/types\/product"}],"wp:featuredmedia":[{"embeddable":true,"href":"https:\/\/mywhieda.com\/fr\/wp-json\/wp\/v2\/media\/292"}],"wp:attachment":[{"href":"https:\/\/mywhieda.com\/fr\/wp-json\/wp\/v2\/media?parent=1564"}],"wp:term":[{"taxonomy":"categories","embeddable":true,"href":"https:\/\/mywhieda.com\/fr\/wp-json\/wp\/v2\/categories?post=1564"}],"curies":[{"name":"wp","href":"https:\/\/api.w.org\/{rel}","templated":true}]}}