{"id":1565,"date":"2026-01-04T17:37:57","date_gmt":"2026-01-04T14:37:57","guid":{"rendered":"https:\/\/mywhieda.com\/?post_type=product&#038;p=1565"},"modified":"2026-01-08T18:03:18","modified_gmt":"2026-01-08T15:03:18","slug":"eliksir-3-dragocennosti-fohou-3","status":"publish","type":"product","link":"https:\/\/mywhieda.com\/fr\/product\/eliksir-3-dragocennosti-fohou-3\/","title":{"rendered":"\u00c9lixir \u00ab3 Tr\u00e9sors\u00bb Fohou"},"content":{"rendered":"<p>L\u2019\u00c9lixir 3 Tr\u00e9sors Fohoo est fabriqu\u00e9 \u00e0 partir de concentr\u00e9 d\u2019\u00c9lixir Fohoo avec l\u2019ajout d\u2019extrait de fourmis noires, purifi\u00e9 \u00e0 l\u2019aide de technologies avanc\u00e9es.<\/p>\n<p>Pour la fabrication de l\u2019\u00c9lixir 3 Tr\u00e9sors Fohoo, une technologie unique d\u2019extraction \u00e0 basse temp\u00e9rature et une technologie subnanom\u00e9trique de destruction des parois cellulaires sont utilis\u00e9es, permettant de pr\u00e9server enti\u00e8rement les nutriments actifs et de faciliter leur absorption par l\u2019organisme. L\u2019\u00c9lixir 3 Tr\u00e9sors est compos\u00e9 d\u2019ingr\u00e9dients naturels et ne contient aucun additif chimique ou hormonal.<\/p>\n<p><strong>Composition de l\u2019\u00c9lixir 3 Tr\u00e9sors Fohoo :<\/strong><br \/>\nExtrait de cordyceps, spores de lingzhi, extrait de champignons shiitake, extrait de fourmis noires, miel, eau.<\/p>\n<p>&nbsp;<\/p>\n<h3><strong>Utilisation de l\u2019\u00c9lixir 3 Tr\u00e9sors Fohoo :<\/strong><\/h3>\n","protected":false},"featured_media":284,"template":"","categories":[6,32],"class_list":["post-1565","product","type-product","status-publish","has-post-thumbnail","hentry","categories-vse-tovary","categories-dieticheskie-dobavki"],"acf":[],"_links":{"self":[{"href":"https:\/\/mywhieda.com\/fr\/wp-json\/wp\/v2\/product\/1565","targetHints":{"allow":["GET"]}}],"collection":[{"href":"https:\/\/mywhieda.com\/fr\/wp-json\/wp\/v2\/product"}],"about":[{"href":"https:\/\/mywhieda.com\/fr\/wp-json\/wp\/v2\/types\/product"}],"wp:featuredmedia":[{"embeddable":true,"href":"https:\/\/mywhieda.com\/fr\/wp-json\/wp\/v2\/media\/284"}],"wp:attachment":[{"href":"https:\/\/mywhieda.com\/fr\/wp-json\/wp\/v2\/media?parent=1565"}],"wp:term":[{"taxonomy":"categories","embeddable":true,"href":"https:\/\/mywhieda.com\/fr\/wp-json\/wp\/v2\/categories?post=1565"}],"curies":[{"name":"wp","href":"https:\/\/api.w.org\/{rel}","templated":true}]}}