{"id":1566,"date":"2026-01-04T17:50:12","date_gmt":"2026-01-04T14:50:12","guid":{"rendered":"https:\/\/mywhieda.com\/?post_type=product&#038;p=1566"},"modified":"2026-01-08T18:05:12","modified_gmt":"2026-01-08T15:05:12","slug":"eliksir-sancin-fohou-3","status":"publish","type":"product","link":"https:\/\/mywhieda.com\/fr\/product\/eliksir-sancin-fohou-3\/","title":{"rendered":"Elixir Sanqing Fohou"},"content":{"rendered":"<p>L\u2019\u00e9lixir Sanqing Foho a \u00e9t\u00e9 d\u00e9velopp\u00e9 par le Centre de recherche de la soci\u00e9t\u00e9 FoHerb selon les principes de la m\u00e9decine traditionnelle chinoise, en utilisant \u00e9galement une technologie unique d\u2019extraction \u00e0 basse temp\u00e9rature et une technologie subnanom\u00e9trique de rupture des parois cellulaires.<\/p>\n<p>&nbsp;<\/p>\n<p>L\u2019\u00e9lixir \u00ab\u202fSanqing Phoenix\u202f\u00bb est le produit le plus efficace de la s\u00e9rie \u00ab\u202fNettoyage\u202f\u00bb en Chine. C\u2019est un produit naturel qui purifie efficacement l\u2019organisme sans l\u2019\u00e9puiser.<\/p>\n<p>&nbsp;<\/p>\n<p>Il assure le nettoyage des intestins, l\u2019\u00e9limination des toxines, l\u2019\u00e9puration sanguine des graisses, et procure une sensation de l\u00e9g\u00e8ret\u00e9 dans le corps\u202f! Apr\u00e8s 2 \u00e0 3 cures, les fonctions gastro-intestinales se normalisent visiblement, la rugosit\u00e9 de la peau caus\u00e9e par l\u2019accumulation de toxines diminue progressivement, le teint devient ros\u00e9, les taches, l\u2019acn\u00e9 et les \u00e9ruptions cutan\u00e9es s\u2019estompent, et la mauvaise haleine se normalise.<\/p>\n<p>&nbsp;<\/p>\n<p>L\u2019\u00e9lixir Sanqing Foho ne contient aucun ingr\u00e9dient chimique ou hormonal et est un produit de sant\u00e9 pur et naturel.<\/p>\n","protected":false},"featured_media":285,"template":"","categories":[6,32],"class_list":["post-1566","product","type-product","status-publish","has-post-thumbnail","hentry","categories-vse-tovary","categories-dieticheskie-dobavki"],"acf":[],"_links":{"self":[{"href":"https:\/\/mywhieda.com\/fr\/wp-json\/wp\/v2\/product\/1566","targetHints":{"allow":["GET"]}}],"collection":[{"href":"https:\/\/mywhieda.com\/fr\/wp-json\/wp\/v2\/product"}],"about":[{"href":"https:\/\/mywhieda.com\/fr\/wp-json\/wp\/v2\/types\/product"}],"wp:featuredmedia":[{"embeddable":true,"href":"https:\/\/mywhieda.com\/fr\/wp-json\/wp\/v2\/media\/285"}],"wp:attachment":[{"href":"https:\/\/mywhieda.com\/fr\/wp-json\/wp\/v2\/media?parent=1566"}],"wp:term":[{"taxonomy":"categories","embeddable":true,"href":"https:\/\/mywhieda.com\/fr\/wp-json\/wp\/v2\/categories?post=1566"}],"curies":[{"name":"wp","href":"https:\/\/api.w.org\/{rel}","templated":true}]}}