{"id":1567,"date":"2026-01-04T18:10:09","date_gmt":"2026-01-04T15:10:09","guid":{"rendered":"https:\/\/mywhieda.com\/?post_type=product&#038;p=1567"},"modified":"2026-01-08T18:06:29","modified_gmt":"2026-01-08T15:06:29","slug":"eliksir-fohou-3","status":"publish","type":"product","link":"https:\/\/mywhieda.com\/fr\/product\/eliksir-fohou-3\/","title":{"rendered":"Elixir Fohou"},"content":{"rendered":"<p>L\u2019\u00e9lixir \u00abFohou\u00bb est une recette traditionnelle de la m\u00e9decine chinoise, un v\u00e9ritable joyau de la culture du maintien de la sant\u00e9. L\u2019\u00e9lixir Fohou est un produit remarquable qui contient, sous une forme naturelle, toutes les substances n\u00e9cessaires au bon fonctionnement de l\u2019organisme.<\/p>\n<p>&nbsp;<\/p>\n<p>L\u2019\u00e9lixir poss\u00e8de une puissante action antioxydante, r\u00e9gule l\u2019\u00e9quilibre de tous les organes et syst\u00e8mes du corps, et est largement utilis\u00e9 comme moyen pr\u00e9ventif efficace ainsi que pour les maladies chroniques. Le produit contient uniquement des ingr\u00e9dients naturels, \u00e0 base de cordyceps, avec l\u2019ajout de linzhi, de champignon noir, de baies de goji et d\u2019autres composants.<\/p>\n","protected":false},"featured_media":286,"template":"","categories":[6,32],"class_list":["post-1567","product","type-product","status-publish","has-post-thumbnail","hentry","categories-vse-tovary","categories-dieticheskie-dobavki"],"acf":[],"_links":{"self":[{"href":"https:\/\/mywhieda.com\/fr\/wp-json\/wp\/v2\/product\/1567","targetHints":{"allow":["GET"]}}],"collection":[{"href":"https:\/\/mywhieda.com\/fr\/wp-json\/wp\/v2\/product"}],"about":[{"href":"https:\/\/mywhieda.com\/fr\/wp-json\/wp\/v2\/types\/product"}],"wp:featuredmedia":[{"embeddable":true,"href":"https:\/\/mywhieda.com\/fr\/wp-json\/wp\/v2\/media\/286"}],"wp:attachment":[{"href":"https:\/\/mywhieda.com\/fr\/wp-json\/wp\/v2\/media?parent=1567"}],"wp:term":[{"taxonomy":"categories","embeddable":true,"href":"https:\/\/mywhieda.com\/fr\/wp-json\/wp\/v2\/categories?post=1567"}],"curies":[{"name":"wp","href":"https:\/\/api.w.org\/{rel}","templated":true}]}}