{"id":1568,"date":"2026-01-04T18:26:56","date_gmt":"2026-01-04T15:26:56","guid":{"rendered":"https:\/\/mywhieda.com\/?post_type=product&#038;p=1568"},"modified":"2026-01-04T18:28:13","modified_gmt":"2026-01-04T15:28:13","slug":"chay-lyuvey-fohou-3","status":"publish","type":"product","link":"https:\/\/mywhieda.com\/fr\/product\/chay-lyuvey-fohou-3\/","title":{"rendered":"Th\u00e9 Luwei FoHou"},"content":{"rendered":"<p>Th\u00e9 chinois Luwei FoHou \u2013 profitez d\u2019un th\u00e9 m\u00e9dicinal de qualit\u00e9 pour votre sant\u00e9\u202f!<\/p>\n<p>Th\u00e9 naturel \u00e0 base de plantes pr\u00e9cieuses aux propri\u00e9t\u00e9s curatives.<\/p>\n<p>Le th\u00e9 Luwei FoHou est pr\u00e9par\u00e9 selon d\u2019anciens recettes chinoises transmises de g\u00e9n\u00e9ration en g\u00e9n\u00e9ration. Il contient six plantes m\u00e9dicinales\u202f: th\u00e9 Pu\u2019er de trois ans, astragale, sauge, ginseng \u00e0 cinq feuilles, chrysanth\u00e8me et ch\u00e8vrefeuille japonais. Les experts ont s\u00e9lectionn\u00e9 le dosage optimal de chaque plante. Le th\u00e9 poss\u00e8de un go\u00fbt agr\u00e9able, doux et l\u00e9g\u00e8rement sucr\u00e9, ainsi qu\u2019un ar\u00f4me exquis.<\/p>\n<p><strong>Composition :<\/strong> th\u00e9 Pu\u2019er, astragale, sauge, ginseng \u00e0 cinq feuilles, chrysanth\u00e8me, ch\u00e8vrefeuille japonais.<\/p>\n<p>&nbsp;<\/p>\n<h3><strong>Propri\u00e9t\u00e9s b\u00e9n\u00e9fiques du th\u00e9 Luwei :<\/strong><\/h3>\n<ul>\n<li><strong>Th\u00e9 Pu\u2019er :<\/strong> soulage les maux de gorge, am\u00e9liore la digestion, favorise la perte de poids et la r\u00e9duction des lipides sanguins, \u00e9limine les toxines et am\u00e9liore l\u2019\u00e9tat g\u00e9n\u00e9ral.<\/li>\n<li><strong>Astragale :<\/strong> renforce le Qi pour am\u00e9liorer la r\u00e9sistance naturelle du corps, a un effet diur\u00e9tique, \u00e9limine les toxines.<\/li>\n<li><strong>Sauge :<\/strong> r\u00e9duit la stagnation sanguine, diminue les \u0153d\u00e8mes et les douleurs.<\/li>\n<li><strong>Ginseng \u00e0 cinq feuilles :<\/strong> pr\u00e9vient certains cancers, r\u00e9duit les lipides sanguins, a un effet cosm\u00e9tique.<\/li>\n<li><strong>Chrysanth\u00e8me :<\/strong> apaise le foie, am\u00e9liore la vision, r\u00e9duit la chaleur corporelle.<\/li>\n<li><strong>Ch\u00e8vrefeuille japonais :<\/strong> diminue la chaleur, \u00e9limine les toxines, refroidit le sang et am\u00e9liore la circulation sanguine.<\/li>\n<\/ul>\n<p>&nbsp;<\/p>\n<h3><strong>Effets r\u00e9guliers du th\u00e9 Luwei sur l\u2019organisme :<\/strong><\/h3>\n<ul>\n<li>am\u00e9liore la digestion et la circulation sanguine<\/li>\n<li>r\u00e9duit la stagnation sanguine<\/li>\n<li>diminue la chaleur corporelle<\/li>\n<li>\u00e9limine les toxines<\/li>\n<li>procure un effet cosm\u00e9tique<\/li>\n<li>abaisse la pression art\u00e9rielle et les lipides sanguins<\/li>\n<li>agit comme diur\u00e9tique, et bien plus.<\/li>\n<\/ul>\n<p>&nbsp;<\/p>\n<h3><strong>Consommation avant et apr\u00e8s les repas :<\/strong><\/h3>\n<p>Dans notre soci\u00e9t\u00e9 moderne, la consommation excessive d\u2019aliments riches en calories est fr\u00e9quente. Boire quelques gorg\u00e9es de th\u00e9 Luwei avant et apr\u00e8s les repas permet de r\u00e9duire l\u2019absorption des graisses. Le th\u00e9 prot\u00e8ge contre les maladies cardiovasculaires, le diab\u00e8te et autres troubles. Il aide \u00e9galement le corps \u00e0 dig\u00e9rer et assimiler les aliments, pr\u00e9vient la formation de d\u00e9p\u00f4ts graisseux et de cellulite.<\/p>\n<p>Le th\u00e9 Luwei FoHou soulage les maux de gorge chez les fumeurs et aide \u00e0 pr\u00e9venir la bronchite chronique ainsi que les maladies respiratoires.<\/p>\n","protected":false},"featured_media":305,"template":"","categories":[6,32],"class_list":["post-1568","product","type-product","status-publish","has-post-thumbnail","hentry","categories-vse-tovary","categories-dieticheskie-dobavki"],"acf":[],"_links":{"self":[{"href":"https:\/\/mywhieda.com\/fr\/wp-json\/wp\/v2\/product\/1568","targetHints":{"allow":["GET"]}}],"collection":[{"href":"https:\/\/mywhieda.com\/fr\/wp-json\/wp\/v2\/product"}],"about":[{"href":"https:\/\/mywhieda.com\/fr\/wp-json\/wp\/v2\/types\/product"}],"wp:featuredmedia":[{"embeddable":true,"href":"https:\/\/mywhieda.com\/fr\/wp-json\/wp\/v2\/media\/305"}],"wp:attachment":[{"href":"https:\/\/mywhieda.com\/fr\/wp-json\/wp\/v2\/media?parent=1568"}],"wp:term":[{"taxonomy":"categories","embeddable":true,"href":"https:\/\/mywhieda.com\/fr\/wp-json\/wp\/v2\/categories?post=1568"}],"curies":[{"name":"wp","href":"https:\/\/api.w.org\/{rel}","templated":true}]}}