{"id":1569,"date":"2026-01-04T21:55:31","date_gmt":"2026-01-04T18:55:31","guid":{"rendered":"https:\/\/mywhieda.com\/?post_type=product&#038;p=1569"},"modified":"2026-01-08T18:08:59","modified_gmt":"2026-01-08T15:08:59","slug":"kompleksnyy-belkovyy-protein-ot-foherb-3","status":"publish","type":"product","link":"https:\/\/mywhieda.com\/fr\/product\/kompleksnyy-belkovyy-protein-ot-foherb-3\/","title":{"rendered":"Prot\u00e9ine complexe \u00e0 base de prot\u00e9ines de Foherb"},"content":{"rendered":"<p>Il s\u2019agit d\u2019une nutrition brevet\u00e9e \u00e0 haute teneur en prot\u00e9ines et \u00e0 faible teneur en graisses et en calories. Elle est utilis\u00e9e comme source nutritionnelle compl\u00e9mentaire. Elle favorise la perte de poids sans perte de masse musculaire.<\/p>\n<p>Aujourd\u2019hui, les personnes modernes accordent une grande importance \u00e0 l\u2019alimentation di\u00e9t\u00e9tique. La baisse du niveau de s\u00e9curit\u00e9 alimentaire a conduit \u00e0 l\u2019entr\u00e9e dans l\u2019organisme d\u2019une grande quantit\u00e9 de toxines chimiques, qui menacent la sant\u00e9 humaine. Il existe \u00e9galement un probl\u00e8me de d\u00e9s\u00e9quilibre nutritionnel et de carences, tandis que la suralimentation entra\u00eene des troubles dans l\u2019organisme.<\/p>\n<h3><\/h3>\n<h3>Composition du complexe prot\u00e9ique<\/h3>\n<p>Le complexe prot\u00e9ique FOHERB contient des ingr\u00e9dients fonctionnels uniques et brevet\u00e9s, qui conf\u00e8rent au produit des bienfaits pour la sant\u00e9 au-del\u00e0 du simple remplacement d\u2019un repas. Il associe des prot\u00e9ines complexes et d\u2019autres nutriments essentiels.<\/p>\n<p>Le complexe prot\u00e9ique contient des prot\u00e9ines de lactos\u00e9rum, de l\u2019isolat de prot\u00e9ine de soja et de la poudre de prot\u00e9ines v\u00e9g\u00e9tales. Ils sont fabriqu\u00e9s selon une technologie brevet\u00e9e, riches en nutriments et facilement assimilables par l\u2019organisme. Ce produit appartient \u00e0 la cat\u00e9gorie de l\u2019alimentation di\u00e9t\u00e9tique sp\u00e9ciale et sportive, et sa formule a \u00e9t\u00e9 d\u00e9velopp\u00e9e selon une approche scientifique. Il prot\u00e8ge l\u2019intestin et prolonge la sensation de sati\u00e9t\u00e9.<\/p>\n<p>Le complexe prot\u00e9ique comprend cinq sources de fibres alimentaires : l\u2019inuline, les fructo-oligosaccharides, la poudre d\u2019enveloppe de graines de psyllium, la farine de ma\u00efs et la farine d\u2019avoine. Il normalise la microflore intestinale et procure une sensation de sati\u00e9t\u00e9 durable.<\/p>\n<p>Gr\u00e2ce \u00e0 la technologie brevet\u00e9e, les nutriments sont rapidement assimil\u00e9s et commencent \u00e0 agir, apportant \u00e0 l\u2019organisme un niveau \u00e9lev\u00e9 de fibres, tout en \u00e9tant pauvre en calories et riche en prot\u00e9ines. Cela permet d\u2019obtenir rapidement une r\u00e9duction de la masse grasse sans diminution de la masse musculaire.<\/p>\n","protected":false},"featured_media":275,"template":"","categories":[6,32],"class_list":["post-1569","product","type-product","status-publish","has-post-thumbnail","hentry","categories-vse-tovary","categories-dieticheskie-dobavki"],"acf":[],"_links":{"self":[{"href":"https:\/\/mywhieda.com\/fr\/wp-json\/wp\/v2\/product\/1569","targetHints":{"allow":["GET"]}}],"collection":[{"href":"https:\/\/mywhieda.com\/fr\/wp-json\/wp\/v2\/product"}],"about":[{"href":"https:\/\/mywhieda.com\/fr\/wp-json\/wp\/v2\/types\/product"}],"wp:featuredmedia":[{"embeddable":true,"href":"https:\/\/mywhieda.com\/fr\/wp-json\/wp\/v2\/media\/275"}],"wp:attachment":[{"href":"https:\/\/mywhieda.com\/fr\/wp-json\/wp\/v2\/media?parent=1569"}],"wp:term":[{"taxonomy":"categories","embeddable":true,"href":"https:\/\/mywhieda.com\/fr\/wp-json\/wp\/v2\/categories?post=1569"}],"curies":[{"name":"wp","href":"https:\/\/api.w.org\/{rel}","templated":true}]}}