{"id":1571,"date":"2026-01-04T22:15:19","date_gmt":"2026-01-04T19:15:19","guid":{"rendered":"https:\/\/mywhieda.com\/?post_type=product&#038;p=1571"},"modified":"2026-01-08T18:09:52","modified_gmt":"2026-01-08T15:09:52","slug":"nizkomolekulyarnyy-soevyy-peptid-3","status":"publish","type":"product","link":"https:\/\/mywhieda.com\/fr\/product\/nizkomolekulyarnyy-soevyy-peptid-3\/","title":{"rendered":"Peptide de soja \u00e0 bas poids mol\u00e9culaire"},"content":{"rendered":"<p>Les peptides (\u00e9galement appel\u00e9s prot\u00e9ines) sont le principal mat\u00e9riau de construction de toutes les cellules de notre organisme. C\u2019est pourquoi chacun a besoin d\u2019en consommer r\u00e9guli\u00e8rement.<\/p>\n<p>\u200d<\/p>\n<h3><strong>Qu\u2019est-ce qu\u2019un peptide de soja \u00e0 faible poids mol\u00e9culaire ?<\/strong><\/h3>\n<p>\u200d<\/p>\n<p>Les peptides constituent le mat\u00e9riau de base de toutes les cellules du corps humain. Ils interviennent dans de nombreux domaines du fonctionnement de l\u2019organisme : les hormones, le syst\u00e8me nerveux central, la fonction sexuelle, la r\u00e9g\u00e9n\u00e9ration et la croissance cellulaires, en contr\u00f4lant les fonctions physiologiques des organes et des cellules.<\/p>\n<p>Lors du processus de digestion, les grosses mol\u00e9cules se d\u00e9composent et les prot\u00e9ines sont lib\u00e9r\u00e9es. Une partie des grosses mol\u00e9cules se transforme en acides amin\u00e9s ; ces acides amin\u00e9s sont ensuite synth\u00e9tis\u00e9s en peptides par le foie et int\u00e9gr\u00e9s \u00e0 l\u2019organisme. Une fois dans le corps humain, les peptides bioactifs de faible poids mol\u00e9culaire n\u2019ont pas besoin d\u2019\u00eatre dig\u00e9r\u00e9s : ils sont directement assimil\u00e9s par les cellules.<\/p>\n<p>\u200d<\/p>\n<h3><strong>\u00c0 quoi sert le peptide de soja \u00e0 faible poids mol\u00e9culaire ?<\/strong><\/h3>\n<p>\u200d<\/p>\n<p>Le peptide de soja \u00e0 faible poids mol\u00e9culaire remplit de nombreuses fonctions : il renforce l\u2019immunit\u00e9, aide \u00e0 corriger l\u2019exc\u00e8s de poids, \u00e0 augmenter ou r\u00e9duire l\u2019app\u00e9tit, contribue \u00e0 lutter contre la fatigue et la fatigue chronique, favorise la r\u00e9cup\u00e9ration apr\u00e8s une maladie grave et augmente le tonus vital.<\/p>\n","protected":false},"featured_media":306,"template":"","categories":[6,32],"class_list":["post-1571","product","type-product","status-publish","has-post-thumbnail","hentry","categories-vse-tovary","categories-dieticheskie-dobavki"],"acf":[],"_links":{"self":[{"href":"https:\/\/mywhieda.com\/fr\/wp-json\/wp\/v2\/product\/1571","targetHints":{"allow":["GET"]}}],"collection":[{"href":"https:\/\/mywhieda.com\/fr\/wp-json\/wp\/v2\/product"}],"about":[{"href":"https:\/\/mywhieda.com\/fr\/wp-json\/wp\/v2\/types\/product"}],"wp:featuredmedia":[{"embeddable":true,"href":"https:\/\/mywhieda.com\/fr\/wp-json\/wp\/v2\/media\/306"}],"wp:attachment":[{"href":"https:\/\/mywhieda.com\/fr\/wp-json\/wp\/v2\/media?parent=1571"}],"wp:term":[{"taxonomy":"categories","embeddable":true,"href":"https:\/\/mywhieda.com\/fr\/wp-json\/wp\/v2\/categories?post=1571"}],"curies":[{"name":"wp","href":"https:\/\/api.w.org\/{rel}","templated":true}]}}