{"id":1573,"date":"2026-01-04T23:02:21","date_gmt":"2026-01-04T20:02:21","guid":{"rendered":"https:\/\/mywhieda.com\/?post_type=product&#038;p=1573"},"modified":"2026-01-08T18:07:40","modified_gmt":"2026-01-08T15:07:40","slug":"kapsuly-linchzhi-3","status":"publish","type":"product","link":"https:\/\/mywhieda.com\/fr\/product\/kapsuly-linchzhi-3\/","title":{"rendered":"Capsules de Lingzhi"},"content":{"rendered":"<p>Capsules \u00abLinzhi\u00bb Foherb<\/p>\n<p>Les capsules \u00abLinzhi\u00bb am\u00e9liorent consid\u00e9rablement la circulation sanguine dans le cerveau et la moelle \u00e9pini\u00e8re, favorisant un meilleur apport en oxyg\u00e8ne et en nutriments aux cellules nerveuses, r\u00e9g\u00e9n\u00e8rent partiellement les cellules c\u00e9r\u00e9brales endommag\u00e9es, restaurent leurs connexions et acc\u00e9l\u00e8rent la transmission de l\u2019information.<\/p>\n<p>Pour la fabrication des capsules, on utilise de la poudre de Linzhi de la plus haute qualit\u00e9, appel\u00e9e \u00ab substance de l\u2019esprit \u00bb.<\/p>\n<p>Le Linzhi respecte un ratio scientifique et une compatibilit\u00e9 des composants. Les technologies de production avanc\u00e9es garantissent la conservation de la qualit\u00e9 et des composants essentiels du produit. Produit pur et naturel, sans additifs artificiels, s\u00fbr et sans contre-indications. Le Linzhi de haute qualit\u00e9 fournit rapidement au cerveau les nutriments n\u00e9cessaires et am\u00e9liore ses capacit\u00e9s fonctionnelles.<\/p>\n<p>&nbsp;<\/p>\n<p><strong>Composition :<\/strong><\/p>\n<ul>\n<li>Champignon Linzhi (Ganoderma lucidum)<\/li>\n<li>Cordyceps sinensis<\/li>\n<li>G\u00e9lule de soja<\/li>\n<\/ul>\n<p>&nbsp;<\/p>\n<p><strong>Principales fonctions :<\/strong><\/p>\n<ul>\n<li>Utilis\u00e9 pour les troubles de la circulation c\u00e9r\u00e9brale et spinale, y compris apr\u00e8s un AVC<\/li>\n<li>Am\u00e9liore l\u2019humeur et la productivit\u00e9<\/li>\n<li>Utile pour am\u00e9liorer la m\u00e9moire, l\u2019intelligence, les capacit\u00e9s d\u2019apprentissage et l\u2019\u00e9tude des langues<\/li>\n<li>Favorise la long\u00e9vit\u00e9 et ralentit le vieillissement<\/li>\n<li>Soulage le stress et la fatigue, am\u00e9liore le sommeil<\/li>\n<li>Ralentit le d\u00e9veloppement des tumeurs, r\u00e9gule la pression art\u00e9rielle, diminue la glyc\u00e9mie<\/li>\n<li>Prot\u00e8ge le foie, restaure la vue, renforce le c\u0153ur<\/li>\n<\/ul>\n<p>&nbsp;<\/p>\n<p><strong>Mode d\u2019emploi et posologie :<\/strong><br \/>\n2\u20133 capsules, 1\u20132 fois par jour, \u00e0 prendre avec beaucoup d\u2019eau.<br \/>\nCommencer par 1 capsule par jour la premi\u00e8re semaine, puis augmenter progressivement d\u2019une capsule par semaine si n\u00e9cessaire.<\/p>\n<p><strong>Conditionnement :<\/strong><br \/>\n24 capsules de 0,62 g<\/p>\n<p><strong>Dur\u00e9e de conservation :<\/strong> 24 mois<\/p>\n<p><strong>Conditions de stockage :<\/strong><br \/>\nConserver dans un endroit sec, sombre et frais.<\/p>\n","protected":false},"featured_media":283,"template":"","categories":[6,32],"class_list":["post-1573","product","type-product","status-publish","has-post-thumbnail","hentry","categories-vse-tovary","categories-dieticheskie-dobavki"],"acf":[],"_links":{"self":[{"href":"https:\/\/mywhieda.com\/fr\/wp-json\/wp\/v2\/product\/1573","targetHints":{"allow":["GET"]}}],"collection":[{"href":"https:\/\/mywhieda.com\/fr\/wp-json\/wp\/v2\/product"}],"about":[{"href":"https:\/\/mywhieda.com\/fr\/wp-json\/wp\/v2\/types\/product"}],"wp:featuredmedia":[{"embeddable":true,"href":"https:\/\/mywhieda.com\/fr\/wp-json\/wp\/v2\/media\/283"}],"wp:attachment":[{"href":"https:\/\/mywhieda.com\/fr\/wp-json\/wp\/v2\/media?parent=1573"}],"wp:term":[{"taxonomy":"categories","embeddable":true,"href":"https:\/\/mywhieda.com\/fr\/wp-json\/wp\/v2\/categories?post=1573"}],"curies":[{"name":"wp","href":"https:\/\/api.w.org\/{rel}","templated":true}]}}