{"id":1574,"date":"2026-01-04T23:46:33","date_gmt":"2026-01-04T20:46:33","guid":{"rendered":"https:\/\/mywhieda.com\/?post_type=product&#038;p=1574"},"modified":"2026-01-04T23:48:02","modified_gmt":"2026-01-04T20:48:02","slug":"kapsuly-syuechinfu-4","status":"publish","type":"product","link":"https:\/\/mywhieda.com\/fr\/product\/kapsuly-syuechinfu-4\/","title":{"rendered":"Capsules Xuechinfu"},"content":{"rendered":"<p>Produit enti\u00e8rement naturel \u2013 nettoyant pour les vaisseaux sanguins.<\/p>\n<p>Les capsules \u00ab\u202fXuechingfu\u202f\u00bb garantissent des vaisseaux propres et sains. Ce produit pr\u00e9vient les maladies cardiovasculaires, augmente la vitalit\u00e9 et contribue \u00e0 la dissolution efficace des caillots sanguins, purifie le sang des toxines et maintient la fonction normale des capillaires.<\/p>\n<h3><\/h3>\n<h3><strong>Utilisation des capsules Xuechingfu\u202f:<\/strong><\/h3>\n<ul>\n<li><strong>Action thrombolytique<\/strong><br \/>\nL\u2019extrait de natto poss\u00e8de une puissante action thrombolytique\u202f: il dissout les caillots form\u00e9s, pr\u00e9vient l\u2019agr\u00e9gation plaquettaire et la formation de nouveaux caillots, et r\u00e9tablit la circulation sanguine. Il a un effet adjuvant dans le traitement des maladies cardiovasculaires et c\u00e9r\u00e9brovasculaires.<\/li>\n<li><strong>Assouplissement des vaisseaux sanguins<\/strong><br \/>\nL\u2019extrait de p\u00e9pins de raisin \u2013 proanthocyanidines OPC \u2013 est un nouvel antioxydant tr\u00e8s efficace, 50 fois plus actif que la vitamine E et 20 fois plus que la vitamine C. Son effet antioxydant est reconnu mondialement. La principale cause du vieillissement cellulaire est l\u2019oxydation. Pr\u00e9venir l\u2019oxydation permet d\u2019assouplir les vaisseaux, de r\u00e9duire leur fragilit\u00e9 et de restaurer leur \u00e9lasticit\u00e9.<\/li>\n<li><strong>R\u00e9duction de trois indicateurs principaux<\/strong><br \/>\nL\u2019extrait de gynostemma est utilis\u00e9 pour r\u00e9duire efficacement la pression art\u00e9rielle, les lipides et le sucre dans le sang. Il poss\u00e8de \u00e9galement une capacit\u00e9 thrombolytique, restaurando l\u2019\u00e9lasticit\u00e9 des vaisseaux et pr\u00e9venant leur vieillissement et durcissement.<\/li>\n<\/ul>\n<p>Les capsules Xuechingfu Phoenix sont le fruit de plusieurs ann\u00e9es de recherche par le centre scientifique de FOHERB. Elles contribuent \u00e0 purifier le sang, renforcent les vaisseaux et aident \u00e0 r\u00e9guler trois indicateurs sanguins cl\u00e9s\u202f: pression art\u00e9rielle, taux de sucre et taux de lipides. Efficaces pour l\u2019hypertension, les maladies coronariennes, les thromboses c\u00e9r\u00e9brales, l\u2019ath\u00e9roscl\u00e9rose, l\u2019insuffisance c\u00e9r\u00e9brovasculaire, l\u2019\u00e9tat post-AVC, la m\u00e9nopause, et elles ralentissent \u00e9galement le vieillissement.<\/p>\n<p>&nbsp;<\/p>\n<h3><strong>Composition des capsules Xuechingfu\u202f:<\/strong><\/h3>\n<ul>\n<li>Natto (aliment japonais traditionnel \u00e0 base de soja ferment\u00e9)<\/li>\n<li>Extrait de p\u00e9pins de raisin<\/li>\n<li>Extrait de gynostemma pentaphyllum<\/li>\n<\/ul>\n<p>L\u2019\u00e9l\u00e9ment principal du produit est la nattokinase, une enzyme pr\u00e9sente dans le soja ferment\u00e9. La nattokinase r\u00e9duit la viscosit\u00e9 du sang et am\u00e9liore la circulation. Les capsules Xuechingfu avec nattokinase constituent une alternative naturelle \u00e0 l\u2019aspirine pour la pr\u00e9vention et le traitement des maladies cardiovasculaires. La nattokinase agit pendant 4 \u00e0 8 heures et est \u00e9conomique. Contrairement aux m\u00e9dicaments, elle prot\u00e8ge contre la thrombose sans g\u00eaner la coagulation en cas de blessures.<\/p>\n<p>&nbsp;<\/p>\n<h3><strong>Effets principaux\u202f:<\/strong><\/h3>\n<ul>\n<li>Renforce les vaisseaux et diminue la viscosit\u00e9 de la lymphe<\/li>\n<li>Am\u00e9liore l\u2019oxyg\u00e9nation des tissus<\/li>\n<li>Augmente la biodisponibilit\u00e9 des nutriments<\/li>\n<li>Soutient la vision<\/li>\n<li>Renforce la densit\u00e9 osseuse<\/li>\n<li>R\u00e9duit les douleurs articulaires et musculaires<\/li>\n<li>Am\u00e9liore le drainage et l\u2019\u00e9limination des toxines<\/li>\n<li>D\u00e9grade le rev\u00eatement fibrineux des cellules canc\u00e9reuses, facilitant leur destruction par les cellules tueuses<\/li>\n<\/ul>\n<p>&nbsp;<\/p>\n<h3><strong>Indications\u202f:<\/strong><\/h3>\n<ul>\n<li>Hypercholest\u00e9rol\u00e9mie<\/li>\n<li>Maladies coronariennes, post-AVC ou post-infarctus<\/li>\n<li>Hypertension<\/li>\n<li>Diab\u00e8te<\/li>\n<li>D\u00e9clin de m\u00e9moire ou intellect, notamment li\u00e9 \u00e0 l\u2019\u00e2ge et au thrombus c\u00e9r\u00e9bral<\/li>\n<li>Fatigue musculaire ou douleurs aux jambes apr\u00e8s marche<\/li>\n<li>Fourmillements ou engourdissements fr\u00e9quents dans les mains ou pieds<\/li>\n<li>Cicatrisation lente des plaies ou ulc\u00e8res plantaires<\/li>\n<li>Maladies oncologiques<\/li>\n<\/ul>\n","protected":false},"featured_media":271,"template":"","categories":[6,32],"class_list":["post-1574","product","type-product","status-publish","has-post-thumbnail","hentry","categories-vse-tovary","categories-dieticheskie-dobavki"],"acf":[],"_links":{"self":[{"href":"https:\/\/mywhieda.com\/fr\/wp-json\/wp\/v2\/product\/1574","targetHints":{"allow":["GET"]}}],"collection":[{"href":"https:\/\/mywhieda.com\/fr\/wp-json\/wp\/v2\/product"}],"about":[{"href":"https:\/\/mywhieda.com\/fr\/wp-json\/wp\/v2\/types\/product"}],"wp:featuredmedia":[{"embeddable":true,"href":"https:\/\/mywhieda.com\/fr\/wp-json\/wp\/v2\/media\/271"}],"wp:attachment":[{"href":"https:\/\/mywhieda.com\/fr\/wp-json\/wp\/v2\/media?parent=1574"}],"wp:term":[{"taxonomy":"categories","embeddable":true,"href":"https:\/\/mywhieda.com\/fr\/wp-json\/wp\/v2\/categories?post=1574"}],"curies":[{"name":"wp","href":"https:\/\/api.w.org\/{rel}","templated":true}]}}