{"id":1575,"date":"2026-01-05T00:14:38","date_gmt":"2026-01-04T21:14:38","guid":{"rendered":"https:\/\/mywhieda.com\/?post_type=product&#038;p=1575"},"modified":"2026-01-05T00:16:50","modified_gmt":"2026-01-04T21:16:50","slug":"dlya-muzhchin-zanyatyh-tyazhelym-fizicheskim-trudom-3","status":"publish","type":"product","link":"https:\/\/mywhieda.com\/fr\/product\/dlya-muzhchin-zanyatyh-tyazhelym-fizicheskim-trudom-3\/","title":{"rendered":"Pour les hommes effectuant un travail physique intense"},"content":{"rendered":"<p>Force et sant\u00e9 : comment pr\u00e9server sa puissance pendant de nombreuses ann\u00e9es<\/p>\n<p>Le travail masculin n\u2019est pas seulement un effort, c\u2019est une \u00e9preuve de force, d\u2019endurance et de volont\u00e9. Vous, manutentionnaires, chauffeurs, constructeurs, occup\u00e9s \u00e0 un travail physique \u2013 vous \u00eates les piliers sur lesquels repose le monde ! Mais il est important de se souvenir de sa propre sant\u00e9 afin de pr\u00e9server sa puissance et son \u00e9nergie pendant de nombreuses ann\u00e9es.<\/p>\n<p>Quels probl\u00e8mes peuvent survenir \u00e0 cause d\u2019un travail physique intense ?<\/p>\n<ul>\n<li><strong>Probl\u00e8mes de colonne vert\u00e9brale :<\/strong> douleurs dorsales, hernies, ost\u00e9ochondrose \u2013 ce sont toutes les cons\u00e9quences d\u2019un travail lourd et d\u2019une mauvaise posture.<\/li>\n<li><strong>Probl\u00e8mes articulaires :<\/strong> arthrose, arthrite, douleurs aux genoux et aux \u00e9paules \u2013 in\u00e9vitables avec les charges physiques.<\/li>\n<li><strong>Maladies cardiovasculaires :<\/strong> hypertension, cardiopathie isch\u00e9mique \u2013 pouvant \u00eatre provoqu\u00e9es par une alimentation irr\u00e9guli\u00e8re, le stress et le manque de repos.<\/li>\n<li><strong>Probl\u00e8mes digestifs :<\/strong> gastrite, ulc\u00e8res, constipation \u2013 cons\u00e9quences d\u2019une alimentation d\u00e9s\u00e9quilibr\u00e9e et d\u2019un rythme de vie irr\u00e9gulier.<\/li>\n<li><strong>Fatigue et baisse d\u2019\u00e9nergie :<\/strong> le manque de repos, une mauvaise alimentation et l\u2019effort physique permanent peuvent entra\u00eener fatigue et baisse de performance.<\/li>\n<li><strong>Probl\u00e8mes de peau :<\/strong> \u00e9ruptions, dermatites, br\u00fblures \u2013 cons\u00e9quence du travail en ext\u00e9rieur ou dans des conditions d\u00e9favorables.<\/li>\n<\/ul>\n<p>La m\u00e9decine occidentale propose souvent uniquement un traitement symptomatique, sans r\u00e9soudre la cause profonde. La m\u00e9decine chinoise, en revanche, repose sur un autre principe : la maladie n\u2019est pas un ennemi \u00e0 combattre, mais un signal de d\u00e9s\u00e9quilibre dans le corps.<\/p>\n<p>Nous avons pr\u00e9par\u00e9 pour vous, chers travailleurs, une s\u00e9lection de produits WHIEDA qui aideront \u00e0 renforcer la sant\u00e9 et \u00e0 r\u00e9tablir l\u2019harmonie dans l\u2019organisme.<\/p>\n<p><strong>Prenez soin de vous aujourd\u2019hui pour pr\u00e9server votre puissance et votre \u00e9nergie pendant de nombreuses ann\u00e9es !<\/strong><\/p>\n<p>&nbsp;<\/p>\n<p><strong>Activateur de cellules<\/strong><\/p>\n<p>Il active les cellules endormies, restaure les cellules endommag\u00e9es, d\u00e9truit les radicaux libres, stimule l\u2019auto-r\u00e9g\u00e9n\u00e9ration du corps, augmente le tonus g\u00e9n\u00e9ral, pr\u00e9vient les maladies, nettoie rapidement les m\u00e9ridiens et la lymphe. Il traite efficacement les \u00e9ruptions cutan\u00e9es, papillomes, psoriasis, br\u00fblures, prolonge la jeunesse, aide \u00e0 r\u00e9duire les \u0153d\u00e8mes, soulage la douleur et am\u00e9liore le fonctionnement des organes internes. Une s\u00e9ance de 30 minutes avec l\u2019Activateur \u00e9quivaut \u00e0 10 s\u00e9ances d\u2019acupuncture, 20 s\u00e9ances de ventouses ou 30 s\u00e9ances de massage manuel.<\/p>\n<p>&nbsp;<\/p>\n<p><strong>Bio\u00e9nergomasqueur MAGIC FOHERB<\/strong><\/p>\n<p>Gr\u00e2ce \u00e0 cet appareil, il est facile de r\u00e9aliser \u00e0 domicile des proc\u00e9dures pr\u00e9ventives et th\u00e9rapeutiques sans visiter une clinique : acupuncture, massage th\u00e9rapeutique, massage par ventouses, massage Gua Sha (massage avec un grattoir osseux sur les points d\u2019acupuncture de la m\u00e9decine traditionnelle chinoise), et d\u2019autres proc\u00e9dures.<\/p>\n<p>Il est recommand\u00e9 en priorit\u00e9 :<\/p>\n<ul>\n<li>Aux personnes souffrant de troubles musculo-squelettiques (cou, \u00e9paules, etc.)<\/li>\n<li>Pour le d\u00e9placement de disques<\/li>\n<li>Pour l\u2019arthrite rhumato\u00efde<\/li>\n<li>Pour les n\u00e9croses<\/li>\n<li>Pour la lutte contre le surpoids et la cellulite<\/li>\n<li>Pour les proc\u00e9dures de drainage lymphatique et raffermissantes<\/li>\n<li>Pour la r\u00e9cup\u00e9ration apr\u00e8s blessures et efforts physiques<\/li>\n<\/ul>\n<p>&nbsp;<\/p>\n<p><strong>Sauna \u201cBa-Gua\u201d<\/strong><\/p>\n<p>Le sauna aide non seulement \u00e0 se d\u00e9tendre, mais aussi \u00e0 renforcer la sant\u00e9, am\u00e9liorer le m\u00e9tabolisme, perdre du poids et soulager la douleur. Comme tout le monde n\u2019a pas la possibilit\u00e9 d\u2019aller r\u00e9guli\u00e8rement au sauna, nous proposons le sauna unique \u201cBa-Gua\u201d utilisable \u00e0 domicile.<\/p>\n<p>C\u2019est un mini-sauna utilisant des technologies sp\u00e9ciales et les propri\u00e9t\u00e9s physiques de pierres telles que le tourmaline et le jade noir. Le sauna cr\u00e9e un microclimat unique gr\u00e2ce aux pierres th\u00e9rapeutiques et \u00e0 une structure en tissu sp\u00e9ciale, offrant un effet th\u00e9rapeutique sur tout le corps : am\u00e9lioration de la microcirculation sanguine, \u00e9limination des toxines, am\u00e9lioration de l\u2019\u00e9tat de la peau, lutte contre l\u2019inflammation et la douleur, r\u00e9duction de la fatigue et relaxation.<\/p>\n<p>&nbsp;<\/p>\n<p><strong>Semelles correctrices<\/strong><\/p>\n<p>Les pieds sont le deuxi\u00e8me c\u0153ur. La circulation sanguine dans tout le corps est \u00e9troitement li\u00e9e aux pieds : de la station debout \u00e0 la marche \u2013 de l\u00e0 viennent la force et la vitesse de circulation sanguine. Des pieds malsains entra\u00eenent une mauvaise circulation dans les vaisseaux et peuvent provoquer une stagnation sanguine dans les membres inf\u00e9rieurs, entra\u00eenant des probl\u00e8mes de sant\u00e9.<\/p>\n<p>Les semelles correctrices favorisent la sant\u00e9 du squelette et du corps entier. La gravit\u00e9, les troubles du m\u00e9tabolisme, les efforts, la pression et les caract\u00e9ristiques professionnelles peuvent provoquer une d\u00e9formation de la colonne vert\u00e9brale et, par cons\u00e9quent, du squelette dans son ensemble. 80 % des probl\u00e8mes de sant\u00e9 sont li\u00e9s \u00e0 des d\u00e9salignements du squelette. La colonne vert\u00e9brale soutient le corps et constitue la base du syst\u00e8me nerveux central. Un d\u00e9salignement peut comprimer les nerfs, bloquer les signaux du cerveau vers les organes et perturber les fonctions corporelles et cellulaires.<\/p>\n<p>Les semelles am\u00e9liorent la posture, r\u00e9partissent uniform\u00e9ment la pression sur le pied, massent les zones r\u00e9flexes, corrigent la platypodie et maintiennent la forme correcte du pied.<\/p>\n<p>&nbsp;<\/p>\n<p><strong>Lunettes high-tech<\/strong><\/p>\n<p>Les lunettes high-tech prot\u00e8gent contre les rayonnements \u00e9mis par les \u00e9crans d\u2019ordinateur et la t\u00e9l\u00e9vision. Elles r\u00e9duisent la fatigue oculaire et aident \u00e0 prot\u00e9ger, renforcer et optimiser la vue. Recommand\u00e9es pour :<\/p>\n<ul>\n<li>Les personnes passant beaucoup de temps \u00e0 lire ou devant un \u00e9cran<\/li>\n<li>Les personnes de plus de 40 ans<\/li>\n<li>Les yeux fatigu\u00e9s ou secs, k\u00e9rose<\/li>\n<li>Les troubles visuels tels que amblyopie, presbytie, myopie, scintillement<\/li>\n<li>Les troubles de la microcirculation n\u00e9cessitant le port de lunettes de soleil<\/li>\n<\/ul>\n<p>La monture est fabriqu\u00e9e en composite de graph\u00e8ne PA6\/G, qui \u00e9met des ions n\u00e9gatifs (anions). La monture produit 1000 \u00e0 2200 anions par cm\u00b3, stimulant la circulation sanguine autour des yeux.<\/p>\n<p>&nbsp;<\/p>\n<p><strong>Ch\u00e2le \u00e9nerg\u00e9tique<\/strong><\/p>\n<p>Le germanium organique du ch\u00e2le \u00e9met des infrarouges et des anions, am\u00e9liorant la circulation sanguine et la microcirculation, soulageant la fatigue et les tensions au niveau du cou et des \u00e9paules, ralentissant le vieillissement cutan\u00e9 et favorisant la sant\u00e9 g\u00e9n\u00e9rale. La technique de tissage des mat\u00e9riaux l\u00e9gers et doux assure confort, chaleur, respirabilit\u00e9 et soin de la peau.<\/p>\n<p>&nbsp;<\/p>\n<p><strong>Kit de r\u00e9cup\u00e9ration compl\u00e8te du corps<\/strong><\/p>\n<p>Principe cl\u00e9 de la m\u00e9decine chinoise : la maladie n\u2019est pas un ennemi \u00e0 combattre mais un signal de d\u00e9s\u00e9quilibre. Il ne s\u2019agit pas de \u201cdose de m\u00e9dicament pour chaque maladie\u201d mais de sant\u00e9, pr\u00e9vention et maintien du bien-\u00eatre.<\/p>\n<p>Imaginez un jardin : sans eau, les plantes fl\u00e9trissent. Pour qu\u2019elles fleurissent \u00e0 nouveau, il faut non seulement les arroser mais aussi cr\u00e9er des conditions favorables : sol, lumi\u00e8re, chaleur. Il en va de m\u00eame pour le corps : pour restaurer la sant\u00e9, il faut r\u00e9tablir l\u2019\u00e9quilibre yin-yang, nettoyer le corps et le nourrir en \u00e9nergie vitale.<\/p>\n<p><strong>Approche compl\u00e8te de la m\u00e9decine chinoise :<\/strong><\/p>\n<ul>\n<li><strong>R\u00e9gulation :<\/strong> restaurer l\u2019harmonie dans le corps<\/li>\n<li><strong>Nettoyage :<\/strong> \u00e9liminer les toxines et d\u00e9chets<\/li>\n<li><strong>Restauration :<\/strong> nourrir et renforcer l\u2019organisme<\/li>\n<\/ul>\n<p>Nos experts en m\u00e9decine chinoise ont con\u00e7u pour vous un programme complet de r\u00e9cup\u00e9ration avec les produits WHIEDA.<\/p>\n","protected":false},"featured_media":293,"template":"","categories":[6,7],"class_list":["post-1575","product","type-product","status-publish","has-post-thumbnail","hentry","categories-vse-tovary","categories-nabory"],"acf":[],"_links":{"self":[{"href":"https:\/\/mywhieda.com\/fr\/wp-json\/wp\/v2\/product\/1575","targetHints":{"allow":["GET"]}}],"collection":[{"href":"https:\/\/mywhieda.com\/fr\/wp-json\/wp\/v2\/product"}],"about":[{"href":"https:\/\/mywhieda.com\/fr\/wp-json\/wp\/v2\/types\/product"}],"wp:featuredmedia":[{"embeddable":true,"href":"https:\/\/mywhieda.com\/fr\/wp-json\/wp\/v2\/media\/293"}],"wp:attachment":[{"href":"https:\/\/mywhieda.com\/fr\/wp-json\/wp\/v2\/media?parent=1575"}],"wp:term":[{"taxonomy":"categories","embeddable":true,"href":"https:\/\/mywhieda.com\/fr\/wp-json\/wp\/v2\/categories?post=1575"}],"curies":[{"name":"wp","href":"https:\/\/api.w.org\/{rel}","templated":true}]}}