{"id":1576,"date":"2026-01-05T00:24:08","date_gmt":"2026-01-04T21:24:08","guid":{"rendered":"https:\/\/mywhieda.com\/?post_type=product&#038;p=1576"},"modified":"2026-01-05T00:27:27","modified_gmt":"2026-01-04T21:27:27","slug":"nabor-vse-dlya-zhenskogo-zdorovya-3","status":"publish","type":"product","link":"https:\/\/mywhieda.com\/fr\/product\/nabor-vse-dlya-zhenskogo-zdorovya-3\/","title":{"rendered":"Ensemble \u00ab Tout pour la sant\u00e9 f\u00e9minine \u00bb"},"content":{"rendered":"<p>Votre sant\u00e9 \u2013 la cl\u00e9 de la beaut\u00e9 et de l\u2019\u00e9nergie : pourquoi il est important de prendre soin de la sant\u00e9 f\u00e9minine<\/p>\n<p>Nous, les femmes, avons l\u2019habitude d\u2019\u00eatre fortes, de g\u00e9rer plusieurs t\u00e2ches \u00e0 la fois et de ne pas nous plaindre de la fatigue. Mais que faire si la fatigue constante, les probl\u00e8mes de m\u00e9moire et de concentration, les rhumes fr\u00e9quents, les douleurs articulaires ou les troubles digestifs ne sont pas de simples \u00ab petits soucis f\u00e9minins \u00bb, mais des signaux d\u2019un d\u00e9s\u00e9quilibre dans l\u2019organisme ?<\/p>\n<p>La m\u00e9decine occidentale se concentre traditionnellement sur la lutte contre les sympt\u00f4mes, tandis que la m\u00e9decine chinoise propose une approche diff\u00e9rente. Elle vise \u00e0 restaurer l\u2019harmonie et l\u2019\u00e9quilibre dans le corps, car la maladie n\u2019est pas un ennemi, mais un signal qu\u2019il faut prendre soin de soi.<\/p>\n<p><strong>Quels sympt\u00f4mes peuvent indiquer des probl\u00e8mes de sant\u00e9 f\u00e9minine ?<\/strong><\/p>\n<ul>\n<li>Fatigue constante : syndrome de fatigue chronique, absence d\u2019\u00e9nergie m\u00eame apr\u00e8s un repos complet.<\/li>\n<li>Troubles de la m\u00e9moire et de la concentration : difficult\u00e9s \u00e0 retenir des informations, distraction.<\/li>\n<li>Pharyngite chronique : voix faible, s\u00e9cheresse de la gorge, cordes vocales fragiles, ganglions lymphatiques cervicaux gonfl\u00e9s.<\/li>\n<li>Douleurs musculaires et articulaires : douleurs chroniques, raideur des mouvements.<\/li>\n<li>C\u00e9phal\u00e9es : maux de t\u00eate fr\u00e9quents, migraines.<\/li>\n<li>Sommeil non r\u00e9parateur : probl\u00e8mes d\u2019endormissement, r\u00e9veils fr\u00e9quents, sensation de fatigue apr\u00e8s le sommeil.<\/li>\n<li>Malaise lors d\u2019efforts physiques : fatigue rapide, essoufflement.<\/li>\n<li>Acouph\u00e8nes : bruit constant ou p\u00e9riodique dans les oreilles.<\/li>\n<li>Rhinite persistante : nez bouch\u00e9 chronique.<\/li>\n<li>Probl\u00e8mes de pression : hypertension, hypotension.<\/li>\n<li>Douleurs pendant les r\u00e8gles : crampes, cycle irr\u00e9gulier.<\/li>\n<li>Probl\u00e8mes gyn\u00e9cologiques : inflammations, d\u00e9s\u00e9quilibre hormonal.<\/li>\n<li>Rhumes fr\u00e9quents : immunit\u00e9 faible, infections respiratoires r\u00e9p\u00e9t\u00e9es.<\/li>\n<li>Faible immunit\u00e9 : sensibilit\u00e9 accrue aux infections.<\/li>\n<li>Ballonnements : flatulences, inconfort abdominal.<\/li>\n<li>Troubles digestifs : constipation, diarrh\u00e9e, br\u00fblures d\u2019estomac.<\/li>\n<li>Probl\u00e8mes gastriques : gastrite, ulc\u00e8res.<\/li>\n<\/ul>\n<p>Chaque sympt\u00f4me est un signal indiquant un d\u00e9s\u00e9quilibre dans le corps qu\u2019il est n\u00e9cessaire de corriger.<\/p>\n<p>Au lieu de \u00ab traiter la maladie \u00bb, la m\u00e9decine chinoise vise la sant\u00e9, la pr\u00e9vention et le maintien du bien-\u00eatre. Elle aide \u00e0 r\u00e9tablir l\u2019harmonie dans le corps et \u00e0 retrouver jeunesse, beaut\u00e9 et \u00e9nergie.<\/p>\n<p>C\u2019est pourquoi nous recommandons de pr\u00eater attention \u00e0 la s\u00e9lection de produits WHIEDA pour la sant\u00e9 f\u00e9minine. Vous y trouverez tout ce qu\u2019il faut pour renforcer le syst\u00e8me immunitaire, am\u00e9liorer le fonctionnement du tube digestif, soutenir le syst\u00e8me reproducteur f\u00e9minin et restaurer l\u2019harmonie dans le corps.<\/p>\n<p>Prenez soin de vous aujourd\u2019hui pour profiter de la vie demain !<\/p>\n<p>&nbsp;<\/p>\n<p><strong>Serviettes anioniques Anion+<\/strong><\/p>\n<p>Les serviettes anioniques Anion+ offrent non seulement du confort aux femmes, mais pr\u00e9viennent \u00e9galement le d\u00e9veloppement de diverses maladies gyn\u00e9cologiques.<\/p>\n<p>Elles contiennent un processeur anion-magn\u00e9tique brevet\u00e9, int\u00e9grant de la fibre de bambou. Les s\u00e9cr\u00e9tions menstruelles contiennent beaucoup de bact\u00e9ries ana\u00e9robies. Les anions produisent de l\u2019oxyg\u00e8ne libre, absorbent les bact\u00e9ries et \u00e9liminent les conditions favorables \u00e0 leur vie et leur reproduction.<\/p>\n<p>Le processeur magn\u00e9tique-anionique aide \u00e0 r\u00e9tablir l\u2019\u00e9quilibre biomagn\u00e9tique, am\u00e9liore la circulation sanguine, r\u00e9duit l\u2019inflammation et la douleur, renforce l\u2019immunit\u00e9 et favorise un meilleur \u00e9tat \u00e9motionnel pendant les r\u00e8gles.<\/p>\n<p>La fibre de bambou poss\u00e8de des propri\u00e9t\u00e9s anti-inflammatoires, absorbe l\u2019exc\u00e8s d\u2019humidit\u00e9 et \u00e9limine les odeurs. Contrairement aux autres serviettes, les serviettes anioniques permettent la circulation de l\u2019air tout en retenant l\u2019humidit\u00e9, emp\u00eachant ainsi la prolif\u00e9ration bact\u00e9rienne.<\/p>\n<p>Ces serviettes peuvent \u00eatre port\u00e9es jusqu\u2019\u00e0 12 heures sans propagation des bact\u00e9ries et contiennent un processeur magn\u00e9tique avec ions d\u2019argent pour un effet protecteur et th\u00e9rapeutique.<\/p>\n<p>&nbsp;<\/p>\n<p><strong>Gel antibact\u00e9rien FOHERB<\/strong><\/p>\n<p>Compos\u00e9 d\u2019extraits v\u00e9g\u00e9taux naturels et d\u2019ingr\u00e9dients bioactifs, le gel poss\u00e8de une action d\u00e9sinfectante et spermicidaire, ainsi qu\u2019une fonction de soin pr\u00e9ventif. Des tests ont montr\u00e9 que le gel d\u00e9truit le virus HIV-1 \u00e0 99,53 %.<\/p>\n<p>Il est utilis\u00e9 pour :<\/p>\n<ol>\n<li>Pr\u00e9vention et traitement des infections vaginales (vaginose bact\u00e9rienne, mycoses, trichomonase, \u00e9rosion cervicale, ad\u00e9nexite, etc.)<\/li>\n<li>D\u00e9mangeaisons vaginales et g\u00e9nitales<\/li>\n<li>Hydratation et restauration de l\u2019\u00e9quilibre naturel<\/li>\n<li>Contraception s\u00fbre<\/li>\n<\/ol>\n<p>&nbsp;<\/p>\n<p><strong>Spray visage rajeunissant YOUTHFULNESS FREEZE SPRAY<\/strong><\/p>\n<p>Produit anti-\u00e2ge efficace, similaire au botox mais sans effets nocifs. Lisse les rides, raffermit la peau, stimule la production de collag\u00e8ne et d\u2019\u00e9lastine.<\/p>\n<p>&nbsp;<\/p>\n<p><strong>Activateur de cellules<\/strong><\/p>\n<p>Active les cellules dormantes, r\u00e9pare les cellules endommag\u00e9es, d\u00e9truit les radicaux libres, stimule l\u2019auto-r\u00e9paration, augmente le tonus g\u00e9n\u00e9ral, pr\u00e9vient les maladies, nettoie rapidement les m\u00e9ridiens et la lymphe, favorise la jeunesse, stimule la croissance des cheveux et restaure leur couleur.<\/p>\n<p>&nbsp;<\/p>\n<p><strong>Bio-\u00e9nergomasseur MAGIC FOHERB<\/strong><\/p>\n<p>Permet des soins pr\u00e9ventifs et th\u00e9rapeutiques \u00e0 domicile : acupuncture, massage th\u00e9rapeutique, massage aux ventouses, massage Gua Sha. Utile aussi en cosm\u00e9tique et pour lutter contre la cellulite.<\/p>\n<p>&nbsp;<\/p>\n<p><strong>Sauna \u201cBa-Gua\u201d<\/strong><\/p>\n<p>Mini-sauna domestique utilisant la tourmaline et le jade noir pour am\u00e9liorer la microcirculation, le m\u00e9tabolisme, \u00e9liminer les toxines, d\u00e9tendre et soulager les douleurs.<\/p>\n<p>&nbsp;<\/p>\n<p><strong>Semelles correctrices<\/strong><\/p>\n<p>Les pieds sont le \u00ab second c\u0153ur \u00bb : ils influencent la circulation sanguine et l\u2019\u00e9quilibre du corps. Les semelles corrigent la posture, r\u00e9partissent la pression, massent les zones r\u00e9flexes et pr\u00e9viennent les d\u00e9sordres li\u00e9s \u00e0 la colonne vert\u00e9brale.<\/p>\n<p>&nbsp;<\/p>\n<p><strong>Lunettes haute technologie<\/strong><\/p>\n<p>Prot\u00e8gent des radiations des \u00e9crans, r\u00e9duisent la fatigue oculaire, optimisent la vision et activent la microcirculation gr\u00e2ce aux ions \u00e9mis par la monture en composite de graph\u00e8ne.<\/p>\n<p>&nbsp;<\/p>\n<p><strong>Ch\u00e2le \u00e9nerg\u00e9tique<\/strong><\/p>\n<p>Contient du germanium organique pour l\u2019infrarouge et la lib\u00e9ration d\u2019anions, am\u00e9liore la circulation sanguine, r\u00e9duit la fatigue du cou et des \u00e9paules, ralentit le vieillissement de la peau et favorise le bien-\u00eatre.<\/p>\n<p>&nbsp;<\/p>\n<p><strong>Ensemble \u201cR\u00e9cup\u00e9ration compl\u00e8te du corps\u201d<\/strong><\/p>\n<p>Principe fondamental : la maladie est un signal de d\u00e9s\u00e9quilibre, non un ennemi. La m\u00e9decine chinoise vise \u00e0 r\u00e9guler, purifier et restaurer l\u2019\u00e9nergie pour maintenir la sant\u00e9.<\/p>\n<p>Imaginez un jardin : pour que les plantes prosp\u00e8rent, il faut non seulement de l\u2019eau, mais aussi un sol fertile, de la lumi\u00e8re et de la chaleur. De m\u00eame, pour restaurer la sant\u00e9, il faut r\u00e9tablir l\u2019\u00e9quilibre Yin-Yang, purifier et nourrir le corps en \u00e9nergie vitale.<\/p>\n<p>&nbsp;<\/p>\n<p><strong>Approche compl\u00e8te de la m\u00e9decine chinoise :<\/strong><\/p>\n<ul>\n<li><strong>R\u00e9gulation<\/strong> : restaurer l\u2019harmonie du corps<\/li>\n<li><strong>Purification<\/strong> : \u00e9liminer toxines et d\u00e9chets<\/li>\n<li><strong>Restauration<\/strong> : renforcer l\u2019\u00e9nergie et les d\u00e9fenses naturelles<\/li>\n<\/ul>\n<p>Les experts WHIEDA ont con\u00e7u un ensemble complet pour la sant\u00e9 f\u00e9minine afin de restaurer int\u00e9gralement l\u2019organisme.<\/p>\n","protected":false},"featured_media":274,"template":"","categories":[6,7],"class_list":["post-1576","product","type-product","status-publish","has-post-thumbnail","hentry","categories-vse-tovary","categories-nabory"],"acf":[],"_links":{"self":[{"href":"https:\/\/mywhieda.com\/fr\/wp-json\/wp\/v2\/product\/1576","targetHints":{"allow":["GET"]}}],"collection":[{"href":"https:\/\/mywhieda.com\/fr\/wp-json\/wp\/v2\/product"}],"about":[{"href":"https:\/\/mywhieda.com\/fr\/wp-json\/wp\/v2\/types\/product"}],"wp:featuredmedia":[{"embeddable":true,"href":"https:\/\/mywhieda.com\/fr\/wp-json\/wp\/v2\/media\/274"}],"wp:attachment":[{"href":"https:\/\/mywhieda.com\/fr\/wp-json\/wp\/v2\/media?parent=1576"}],"wp:term":[{"taxonomy":"categories","embeddable":true,"href":"https:\/\/mywhieda.com\/fr\/wp-json\/wp\/v2\/categories?post=1576"}],"curies":[{"name":"wp","href":"https:\/\/api.w.org\/{rel}","templated":true}]}}