{"id":1577,"date":"2026-01-05T00:36:40","date_gmt":"2026-01-04T21:36:40","guid":{"rendered":"https:\/\/mywhieda.com\/?post_type=product&#038;p=1577"},"modified":"2026-01-05T00:39:33","modified_gmt":"2026-01-04T21:39:33","slug":"nabor-dlya-lyudey-zolotogo-vozrasta-3","status":"publish","type":"product","link":"https:\/\/mywhieda.com\/fr\/product\/nabor-dlya-lyudey-zolotogo-vozrasta-3\/","title":{"rendered":"Ensemble pour les personnes du \u00ab\u202f\u00c2ge d\u2019or\u202f\u00bb"},"content":{"rendered":"<p>L\u2019\u00e2ge d\u2019or \u2013 un temps pour prendre soin de soi\u202f!<\/p>\n<p>La vie est pleine d\u2019\u00e9v\u00e9nements, et l\u2019exp\u00e9rience est pr\u00e9cieuse. Mais avec l\u2019\u00e2ge, certains changements peuvent appara\u00eetre dans l\u2019organisme, n\u00e9cessitant une attention particuli\u00e8re. Il est important de se rappeler que \u00ab\u202fl\u2019\u00e2ge d\u2019or\u202f\u00bb est un moment pour la sant\u00e9 et le bien-\u00eatre.<\/p>\n<p>Quels probl\u00e8mes peuvent survenir \u00e0 l\u2019\u00ab\u202f\u00e2ge d\u2019or\u202f\u00bb\u202f?<\/p>\n<ul>\n<li><strong>Baisse de l\u2019immunit\u00e9\u202f:<\/strong> vuln\u00e9rabilit\u00e9 accrue aux infections, rhumes et autres maladies.<\/li>\n<li><strong>Troubles cardiovasculaires\u202f:<\/strong> hypertension, cardiopathie isch\u00e9mique, arythmies.<\/li>\n<li><strong>Probl\u00e8mes articulaires\u202f:<\/strong> arthrite, ost\u00e9oporose, douleurs dorsales, limitation de la mobilit\u00e9.<\/li>\n<li><strong>Troubles digestifs\u202f:<\/strong> constipation, diarrh\u00e9e, ballonnements, gastrite.<\/li>\n<li><strong>Probl\u00e8mes urinaires\u202f:<\/strong> prostatite chez l\u2019homme, cystite chez la femme.<\/li>\n<li><strong>Troubles du sommeil\u202f:<\/strong> insomnie, r\u00e9veils fr\u00e9quents, sommeil agit\u00e9.<\/li>\n<li><strong>Alt\u00e9ration de la m\u00e9moire et de la concentration\u202f:<\/strong> oublis, difficult\u00e9s \u00e0 se concentrer, diminution des fonctions cognitives.<\/li>\n<li><strong>Fatigue accrue\u202f:<\/strong> baisse de l\u2019activit\u00e9 physique, \u00e9puisement rapide.<\/li>\n<li><strong>D\u00e9pression et anxi\u00e9t\u00e9\u202f:<\/strong> changements de conditions de vie, d\u00e9part \u00e0 la retraite, perte de proches pouvant provoquer des troubles \u00e9motionnels.<\/li>\n<\/ul>\n<p>La m\u00e9decine occidentale propose souvent uniquement un traitement symptomatique, sans r\u00e9soudre la cause r\u00e9elle des maladies. La m\u00e9decine chinoise, en revanche, repose sur un principe diff\u00e9rent\u202f: la maladie n\u2019est pas un ennemi \u00e0 combattre, mais un signal d\u2019un d\u00e9s\u00e9quilibre dans le corps.<\/p>\n<p>Nous avons pr\u00e9par\u00e9 pour vous, chers repr\u00e9sentants de l\u2019\u00ab\u202f\u00e2ge d\u2019or\u202f\u00bb, une s\u00e9lection de produits WHIEDA qui aident \u00e0 renforcer la sant\u00e9 et \u00e0 r\u00e9tablir l\u2019harmonie dans l\u2019organisme. Cette s\u00e9lection contient tout le n\u00e9cessaire pour soutenir l\u2019immunit\u00e9, am\u00e9liorer la digestion, restaurer le sommeil, renforcer la m\u00e9moire et le bien-\u00eatre g\u00e9n\u00e9ral.<\/p>\n<p>Prenez soin de vous aujourd\u2019hui pour vivre votre \u00ab\u202f\u00e2ge d\u2019or\u202f\u00bb avec joie et \u00e9nergie\u202f!<\/p>\n<p>&nbsp;<\/p>\n<p><strong>Activateur de cellules<\/strong><\/p>\n<p>Il active les cellules endormies, restaure les cellules endommag\u00e9es, d\u00e9truit les radicaux libres, stimule l\u2019auto-r\u00e9paration de l\u2019organisme, augmente le tonus g\u00e9n\u00e9ral, pr\u00e9vient l\u2019apparition de maladies, nettoie rapidement les m\u00e9ridiens et la lymphe. Il est tr\u00e8s efficace contre les \u00e9ruptions cutan\u00e9es, les papillomes, le psoriasis, prolonge la jeunesse, stimule la croissance des nouveaux cheveux, redonne leur pigment, aide \u00e0 r\u00e9duire les \u0153d\u00e8mes, soulage les douleurs et am\u00e9liore le fonctionnement des organes internes. Une s\u00e9ance de 30 minutes avec l\u2019Activateur produit le m\u00eame effet que 10 s\u00e9ances d\u2019acupuncture, 20 s\u00e9ances de massage aux ventouses ou 30 s\u00e9ances de massage manuel.<\/p>\n<p>&nbsp;<\/p>\n<p><strong>Bio-masseur \u00e9nerg\u00e9tique MAGIC FOHERB<\/strong><\/p>\n<p>Gr\u00e2ce \u00e0 lui, vous pouvez facilement r\u00e9aliser \u00e0 domicile des proc\u00e9dures pr\u00e9ventives et th\u00e9rapeutiques sans aller en clinique\u202f: acupuncture, massage th\u00e9rapeutique, massage aux ventouses, massage Gua Sha (massage avec un grattoir en os, m\u00e9thode d\u2019action sur les points biologiquement actifs selon la m\u00e9decine traditionnelle chinoise) et d\u2019autres proc\u00e9dures.<\/p>\n<p>Le masseur est particuli\u00e8rement recommand\u00e9\u202f:<\/p>\n<ul>\n<li>Aux personnes ayant des maladies du syst\u00e8me musculo-squelettique (colonne cervicale, articulations des \u00e9paules, etc.)<\/li>\n<li>En cas de d\u00e9placement des disques intervert\u00e9braux<\/li>\n<li>Pour l\u2019arthrite rhumato\u00efde<\/li>\n<li>Pour les n\u00e9croses<\/li>\n<li>Pour lutter contre le surpoids et la cellulite<\/li>\n<li>Pour les proc\u00e9dures de drainage lymphatique et de raffermissement<\/li>\n<li>Pour la r\u00e9cup\u00e9ration apr\u00e8s blessures et efforts physiques<\/li>\n<\/ul>\n<p>&nbsp;<\/p>\n<p><strong>Sauna \u201cBa-Gua\u201d<\/strong><\/p>\n<p>Le sauna aide non seulement \u00e0 se d\u00e9tendre, mais aussi \u00e0 renforcer la sant\u00e9, am\u00e9liorer le m\u00e9tabolisme, perdre du poids et soulager les douleurs. Comme tout le monde n\u2019a pas la possibilit\u00e9 de fr\u00e9quenter un sauna r\u00e9guli\u00e8rement, nous vous proposons le sauna unique \u201cBa-Gua\u201d, utilisable m\u00eame \u00e0 domicile.<\/p>\n<p>C\u2019est un mini-sauna utilisant des technologies sp\u00e9ciales et les propri\u00e9t\u00e9s physiques de pierres telles que le tourmaline et le jade noir. Notre sauna, gr\u00e2ce aux pierres th\u00e9rapeutiques et \u00e0 une construction textile sp\u00e9ciale, cr\u00e9e un microclimat unique ayant un effet th\u00e9rapeutique sur tout le corps\u202f: am\u00e9liore la microcirculation sanguine et le m\u00e9tabolisme, \u00e9limine toxines et d\u00e9chets, am\u00e9liore l\u2019\u00e9tat de la peau, combat l\u2019inflammation et la douleur, r\u00e9duit la fatigue et aide \u00e0 la d\u00e9tente.<\/p>\n<p>&nbsp;<\/p>\n<p><strong>Semelles correctrices<\/strong><\/p>\n<p>Les pieds sont le second c\u0153ur. La circulation sanguine dans tout le corps est \u00e9troitement li\u00e9e aux pieds\u202f: de la station debout \u00e0 la marche \u2013 d\u2019o\u00f9 la force et la vitesse de la circulation. Si les pieds ne sont pas en bonne sant\u00e9, les vaisseaux sanguins situ\u00e9s \u00e0 cet endroit ne remplissent pas leur fonction, ce qui peut entra\u00eener une stagnation du sang dans les membres inf\u00e9rieurs et provoquer des probl\u00e8mes de sant\u00e9.<\/p>\n<p>Les semelles correctrices assurent la sant\u00e9 du squelette et de tout le corps. \u00c0 cause de la gravit\u00e9, des troubles m\u00e9taboliques, des charges physiques, de la pression et des particularit\u00e9s professionnelles, la colonne vert\u00e9brale se d\u00e9forme, entra\u00eenant une d\u00e9formation g\u00e9n\u00e9rale du squelette. 80\u202f% des probl\u00e8mes de sant\u00e9 sont li\u00e9s, directement ou indirectement, \u00e0 cette d\u00e9formation. Le squelette soutient le corps et la moelle \u00e9pini\u00e8re est la base du syst\u00e8me nerveux central. Si la d\u00e9formation entra\u00eene une compression des nerfs, la transmission des signaux du cerveau aux organes est bloqu\u00e9e, perturbant les fonctions de l\u2019organisme et le travail cellulaire, g\u00e9n\u00e9rant de multiples difficult\u00e9s.<\/p>\n<p>Les semelles aident \u00e0 am\u00e9liorer la posture, assurent une r\u00e9partition uniforme de la pression sur le pied, massent les zones r\u00e9flexes, corrigent le pied plat et renforcent la forme correcte du pied.<\/p>\n<p>&nbsp;<\/p>\n<p><strong>Lunettes haute technologie<\/strong><\/p>\n<p>Les lunettes haute technologie vous prot\u00e8gent contre les radiations \u00e9mises par les \u00e9crans d\u2019ordinateur et de t\u00e9l\u00e9vision.<\/p>\n<p>Elles offrent protection contre les radiations, soulagement de la fatigue oculaire et optimisation de la vision. Recommand\u00e9es pour les personnes de plus de 40\u202fans (d\u00e9but du vieillissement), souffrant de x\u00e9rophtalmie, de fatigue oculaire accrue, troubles du corps vitr\u00e9, amblyopie, presbytie, myopie, scintillement, cataracte, glaucome (une bonne oxyg\u00e9nation am\u00e9liore la microcirculation), personnes ayant des probl\u00e8mes de microcirculation sanguine et portant des lunettes de soleil (l\u2019\u00e9nergie quantique active les cellules et augmente leur fonction oxydative).<\/p>\n<p>La monture est fabriqu\u00e9e \u00e0 partir de mat\u00e9riaux composites au graph\u00e8ne PA6\/G. Le graph\u00e8ne \u00e9met \u00e9galement des ions n\u00e9gatifs (anions), de 1000 \u00e0 2200 anions par cm\u00b3. L\u2019\u00e9nergie des anions active les cellules autour des yeux et stimule la circulation sanguine.<\/p>\n<p>&nbsp;<\/p>\n<p><strong>Ch\u00e2le \u00e9nerg\u00e9tique<\/strong><\/p>\n<p>Le germanium organique dans le ch\u00e2le \u00e9met des infrarouges et lib\u00e8re des anions.<\/p>\n<ul>\n<li>Am\u00e9liore la circulation sanguine et la microcirculation<\/li>\n<li>Soulage les tensions et la fatigue dans le cou et les \u00e9paules<\/li>\n<li>Ralentit le vieillissement cutan\u00e9 et am\u00e9liore la sant\u00e9<\/li>\n<li>Confort et soin\u202f: technique unique de tissage de mat\u00e9riaux doux, l\u00e9gers et fins, conservant la chaleur, offrant confort et respirabilit\u00e9, et procurant une sensation de soin d\u00e9licat \u00e0 la peau.<\/li>\n<\/ul>\n<p>&nbsp;<\/p>\n<p><strong>Ensemble pour la r\u00e9cup\u00e9ration compl\u00e8te de l\u2019organisme<\/strong><\/p>\n<p>Principe fondamental de la m\u00e9decine chinoise\u202f: la maladie n\u2019est pas un ennemi, mais un signal d\u2019un d\u00e9s\u00e9quilibre. Il n\u2019existe pas de concept \u00ab\u202fmaladie = dose de m\u00e9dicament\u202f\u00bb. Le principe est\u202f: sant\u00e9, pr\u00e9vention et maintien de l\u2019\u00e9quilibre.<\/p>\n<p>Imaginez un jardin\u202f: s\u2019il manque d\u2019eau, les plantes se fanent. Pour qu\u2019elles refleurissent, il faut non seulement les arroser, mais cr\u00e9er des conditions favorables\u202f: terre, lumi\u00e8re, chaleur. Il en va de m\u00eame pour notre corps\u202f: pour restaurer la sant\u00e9, il ne suffit pas de traiter le sympt\u00f4me, il faut r\u00e9tablir l\u2019\u00e9quilibre yin et yang, purifier l\u2019organisme et le nourrir en \u00e9nergie vitale.<\/p>\n<p>La m\u00e9decine chinoise propose une approche globale\u202f:<\/p>\n<ul>\n<li><strong>R\u00e9gulation\u202f:<\/strong> restaurer l\u2019harmonie dans le corps<\/li>\n<li><strong>Purification\u202f:<\/strong> \u00e9liminer toxines et d\u00e9chets<\/li>\n<li><strong>Restauration\u202f:<\/strong> renforcer l\u2019\u00e9nergie et les d\u00e9fenses de l\u2019organisme<\/li>\n<\/ul>\n<p>Nos experts en m\u00e9decine chinoise ont pr\u00e9par\u00e9 pour vous un programme complet de r\u00e9cup\u00e9ration avec les produits WHIEDA.<\/p>\n","protected":false},"featured_media":253,"template":"","categories":[6,7],"class_list":["post-1577","product","type-product","status-publish","has-post-thumbnail","hentry","categories-vse-tovary","categories-nabory"],"acf":[],"_links":{"self":[{"href":"https:\/\/mywhieda.com\/fr\/wp-json\/wp\/v2\/product\/1577","targetHints":{"allow":["GET"]}}],"collection":[{"href":"https:\/\/mywhieda.com\/fr\/wp-json\/wp\/v2\/product"}],"about":[{"href":"https:\/\/mywhieda.com\/fr\/wp-json\/wp\/v2\/types\/product"}],"wp:featuredmedia":[{"embeddable":true,"href":"https:\/\/mywhieda.com\/fr\/wp-json\/wp\/v2\/media\/253"}],"wp:attachment":[{"href":"https:\/\/mywhieda.com\/fr\/wp-json\/wp\/v2\/media?parent=1577"}],"wp:term":[{"taxonomy":"categories","embeddable":true,"href":"https:\/\/mywhieda.com\/fr\/wp-json\/wp\/v2\/categories?post=1577"}],"curies":[{"name":"wp","href":"https:\/\/api.w.org\/{rel}","templated":true}]}}