{"id":1029,"date":"2025-04-06T20:21:00","date_gmt":"2025-04-06T17:21:00","guid":{"rendered":"https:\/\/mywhieda.com\/?post_type=product&#038;p=1029"},"modified":"2025-04-06T21:45:26","modified_gmt":"2025-04-06T18:45:26","slug":"chay-lyuvey-fohou-2-3","status":"publish","type":"product","link":"https:\/\/mywhieda.com\/it\/product\/chay-lyuvey-fohou-2-3\/","title":{"rendered":"T\u00e8 Liuwei Fohow"},"content":{"rendered":"<p><span style=\"font-weight: 400;\">Il t\u00e8 Liuwei Fohow \u00e8 una bevanda naturale preparata con erbe preziose e dalle propriet\u00e0 medicinali.\u00a0<\/span><\/p>\n<p><span style=\"font-weight: 400;\">Viene prodotto seguendo antiche ricette cinesi tramandate di generazione in generazione. Contiene sei erbe curative: t\u00e8 Pu-erh invecchiato di tre anni, astragalo, salvia, ginseng a cinque foglie, crisantemo e caprifoglio giapponese. Gli esperti hanno selezionato proporzioni ottimali per ogni erba, ottenendo un t\u00e8 dal sapore piacevole, delicato e leggermente dolce, accompagnato da un aroma eccellente.<\/span><\/p>\n<p>&nbsp;<\/p>\n<p><b>Composizione<\/b><\/p>\n<ul>\n<li style=\"font-weight: 400;\" aria-level=\"1\"><span style=\"font-weight: 400;\">T\u00e8 Pu-erh<\/span><\/li>\n<li style=\"font-weight: 400;\" aria-level=\"1\"><span style=\"font-weight: 400;\">Astragalo<\/span><\/li>\n<li style=\"font-weight: 400;\" aria-level=\"1\"><span style=\"font-weight: 400;\">Salvia<\/span><\/li>\n<li style=\"font-weight: 400;\" aria-level=\"1\"><span style=\"font-weight: 400;\">Ginseng a cinque foglie<\/span><\/li>\n<li style=\"font-weight: 400;\" aria-level=\"1\"><span style=\"font-weight: 400;\">Crisantemo<\/span><\/li>\n<li style=\"font-weight: 400;\" aria-level=\"1\"><span style=\"font-weight: 400;\">Caprifoglio giapponese<\/span><\/li>\n<\/ul>\n<p>&nbsp;<\/p>\n<p><b>Propriet\u00e0 Benefiche del T\u00e8 Liuwei<\/b><\/p>\n<ul>\n<li style=\"font-weight: 400;\" aria-level=\"1\"><b>T\u00e8 Pu-erh:<\/b><span style=\"font-weight: 400;\"> Allevia il mal di gola, migliora la digestione, favorisce la perdita di peso, riduce i livelli di lipidi nel sangue, elimina tossine e migliora il benessere generale.<\/span><\/li>\n<li style=\"font-weight: 400;\" aria-level=\"1\"><b>Astragalo:<\/b><span style=\"font-weight: 400;\"> Rafforza il Qi per aumentare le difese naturali del corpo, ha un effetto diuretico ed elimina le tossine.<\/span><\/li>\n<li style=\"font-weight: 400;\" aria-level=\"1\"><b>Salvia:<\/b><span style=\"font-weight: 400;\"> Allevia la congestione sanguigna, riduce il gonfiore e il dolore.<\/span><\/li>\n<li style=\"font-weight: 400;\" aria-level=\"1\"><b>Ginseng a cinque foglie:<\/b><span style=\"font-weight: 400;\"> Previene il cancro, riduce i livelli di lipidi nel sangue ed \u00e8 benefico per la pelle.<\/span><\/li>\n<li style=\"font-weight: 400;\" aria-level=\"1\"><b>Crisantemo:<\/b><span style=\"font-weight: 400;\"> Calma il fegato, migliora la vista e riduce la febbre.<\/span><\/li>\n<li style=\"font-weight: 400;\" aria-level=\"1\"><b>Caprifoglio giapponese:<\/b><span style=\"font-weight: 400;\"> Riduce la febbre, elimina le tossine, raffredda il sangue e allevia il ristagno.<\/span><\/li>\n<\/ul>\n<p>&nbsp;<\/p>\n<p><b>Effetti Positivi del Consumo Regolare di T\u00e8 Liuwei<\/b><\/p>\n<ul>\n<li style=\"font-weight: 400;\" aria-level=\"1\"><span style=\"font-weight: 400;\">Migliora la digestione e la circolazione sanguigna.<\/span><\/li>\n<li style=\"font-weight: 400;\" aria-level=\"1\"><span style=\"font-weight: 400;\">Riduce la congestione sanguigna.<\/span><\/li>\n<li style=\"font-weight: 400;\" aria-level=\"1\"><span style=\"font-weight: 400;\">Aiuta a eliminare la febbre.<\/span><\/li>\n<li style=\"font-weight: 400;\" aria-level=\"1\"><span style=\"font-weight: 400;\">Espelle le tossine dal corpo.<\/span><\/li>\n<li style=\"font-weight: 400;\" aria-level=\"1\"><span style=\"font-weight: 400;\">Ha un effetto cosmetico.<\/span><\/li>\n<li style=\"font-weight: 400;\" aria-level=\"1\"><span style=\"font-weight: 400;\">Riduce la pressione arteriosa e i livelli di lipidi nel sangue.<\/span><\/li>\n<li style=\"font-weight: 400;\" aria-level=\"1\"><span style=\"font-weight: 400;\">Possiede un effetto diuretico e molti altri benefici.<\/span><\/li>\n<\/ul>\n<p>&nbsp;<\/p>\n<p><b>Consumo di T\u00e8 Liuwei Prima e Dopo i Pasti<\/b><\/p>\n<p><span style=\"font-weight: 400;\">Oggi molte persone consumano cibi ricchi di calorie. Bere qualche sorso di t\u00e8 Liuwei durante i pasti, prima e dopo, pu\u00f2 aiutare a ridurre significativamente la quantit\u00e0 di grassi assorbiti dal corpo. Questo t\u00e8 agisce come un <\/span><b>protettore naturale<\/b><span style=\"font-weight: 400;\"> contro malattie cardiovascolari, cerebrali, diabete e altre patologie. Inoltre, facilita la digestione e l&#8217;assorbimento degli alimenti nello stomaco, prevenendo l&#8217;accumulo di grassi nel corpo e la formazione della cellulite.<\/span><\/p>\n<p><b>Nota:<\/b><span style=\"font-weight: 400;\"> Il t\u00e8 Liuwei Fohow \u00e8 utile anche per alleviare il mal di gola nei fumatori e per prevenire bronchite cronica e malattie respiratorie.<\/span><\/p>\n","protected":false},"featured_media":305,"template":"","categories":[6,32],"class_list":["post-1029","product","type-product","status-publish","has-post-thumbnail","hentry","categories-vse-tovary","categories-dieticheskie-dobavki"],"acf":[],"_links":{"self":[{"href":"https:\/\/mywhieda.com\/it\/wp-json\/wp\/v2\/product\/1029","targetHints":{"allow":["GET"]}}],"collection":[{"href":"https:\/\/mywhieda.com\/it\/wp-json\/wp\/v2\/product"}],"about":[{"href":"https:\/\/mywhieda.com\/it\/wp-json\/wp\/v2\/types\/product"}],"wp:featuredmedia":[{"embeddable":true,"href":"https:\/\/mywhieda.com\/it\/wp-json\/wp\/v2\/media\/305"}],"wp:attachment":[{"href":"https:\/\/mywhieda.com\/it\/wp-json\/wp\/v2\/media?parent=1029"}],"wp:term":[{"taxonomy":"categories","embeddable":true,"href":"https:\/\/mywhieda.com\/it\/wp-json\/wp\/v2\/categories?post=1029"}],"curies":[{"name":"wp","href":"https:\/\/api.w.org\/{rel}","templated":true}]}}