{"id":1031,"date":"2025-04-06T20:27:04","date_gmt":"2025-04-06T17:27:04","guid":{"rendered":"https:\/\/mywhieda.com\/?post_type=product&#038;p=1031"},"modified":"2025-04-06T21:45:53","modified_gmt":"2025-04-06T18:45:53","slug":"kapsuly-linchzhi-2-2-2","status":"publish","type":"product","link":"https:\/\/mywhieda.com\/it\/product\/kapsuly-linchzhi-2-2-2\/","title":{"rendered":"Capsule Lingzhi FoHerb"},"content":{"rendered":"<p><span style=\"font-weight: 400;\">Le capsule di Lingzhi migliorano significativamente la circolazione sanguigna nel cervello e nel midollo spinale, facilitando un migliore apporto di ossigeno e nutrienti alle cellule nervose. Aiutano, in una certa misura, a rigenerare le cellule cerebrali danneggiate, a ristabilire le connessioni tra di esse e ad accelerare la trasmissione delle informazioni.<\/span><\/p>\n<p><span style=\"font-weight: 400;\">Per la loro produzione viene utilizzata polvere di Lingzhi della massima qualit\u00e0, nota come \u201cla sostanza della mente\u201d.\u00a0<\/span><\/p>\n<p><span style=\"font-weight: 400;\">Le capsule Lingzhi sono progettate con una proporzione scientifica e una combinazione precisa di componenti. Grazie alle tecnologie di produzione avanzate, viene preservata la qualit\u00e0 e le propriet\u00e0 di tutti gli ingredienti essenziali. Questo \u00e8 un prodotto puro e naturale, privo di additivi artificiali, sicuro e senza controindicazioni.\u00a0<\/span><\/p>\n<p><span style=\"font-weight: 400;\">Il Lingzhi di alta qualit\u00e0 fornisce rapidamente al cervello i nutrienti necessari, migliorando le sue funzioni e aumentando le prestazioni.<\/span><\/p>\n<p><b>Composizione:<\/b><\/p>\n<ul>\n<li style=\"font-weight: 400;\" aria-level=\"1\"><span style=\"font-weight: 400;\">Lingzhi (Ganoderma lucidum)<\/span><\/li>\n<li style=\"font-weight: 400;\" aria-level=\"1\"><span style=\"font-weight: 400;\">Cordyceps sinensis<\/span><\/li>\n<li style=\"font-weight: 400;\" aria-level=\"1\"><span style=\"font-weight: 400;\">Capsula fatta di soia<\/span><\/li>\n<\/ul>\n<p><b>Funzioni principali:<\/b><span style=\"font-weight: 400;\"> Queste capsule sono efficaci per trattare problemi di circolazione sanguigna nel cervello e nel midollo spinale, anche dopo ictus. Il loro consumo migliora notevolmente l&#8217;umore e la produttivit\u00e0, risultando utili anche per chi desidera sviluppare la memoria, aumentare l&#8217;intelligenza e migliorare la capacit\u00e0 di apprendimento.<\/span><\/p>\n<ul>\n<li style=\"font-weight: 400;\" aria-level=\"1\"><span style=\"font-weight: 400;\">Contribuiscono alla longevit\u00e0 e rallentano l&#8217;invecchiamento.<\/span><\/li>\n<li style=\"font-weight: 400;\" aria-level=\"1\"><span style=\"font-weight: 400;\">Alleviano lo stress, riducono la fatica e migliorano il sonno.<\/span><\/li>\n<li style=\"font-weight: 400;\" aria-level=\"1\"><span style=\"font-weight: 400;\">Rallentano la crescita dei tumori, regolano la pressione arteriosa e riducono i livelli di zucchero nel sangue.<\/span><\/li>\n<li style=\"font-weight: 400;\" aria-level=\"1\"><span style=\"font-weight: 400;\">Purificano e proteggono il fegato, ripristinano la vista e rafforzano il cuore.<\/span><\/li>\n<\/ul>\n<p><b>Modo d\u2019uso e dosaggio:<\/b><span style=\"font-weight: 400;\"> Assumere da 2 a 3 capsule 1 o 2 volte al giorno con abbondante acqua. <\/span><i><span style=\"font-weight: 400;\">Nota:<\/span><\/i><span style=\"font-weight: 400;\"> La dose deve essere aumentata gradualmente. Iniziare con una capsula al giorno durante la prima settimana e, se necessario, aumentare di una capsula aggiuntiva a settimana.<\/span><\/p>\n<p><b>Presentazione:<\/b><\/p>\n<ul>\n<li style=\"font-weight: 400;\" aria-level=\"1\"><span style=\"font-weight: 400;\">24 capsule da 0,62 g<\/span><\/li>\n<li style=\"font-weight: 400;\" aria-level=\"1\"><span style=\"font-weight: 400;\">Scadenza: 24 mesi<\/span><\/li>\n<\/ul>\n<p><b>Condizioni di conservazione:<\/b><span style=\"font-weight: 400;\">\u00a0<\/span><\/p>\n<p><span style=\"font-weight: 400;\">Conservare in un luogo fresco, asciutto e al buio.<\/span><\/p>\n<p>&nbsp;<\/p>\n","protected":false},"featured_media":283,"template":"","categories":[6,32],"class_list":["post-1031","product","type-product","status-publish","has-post-thumbnail","hentry","categories-vse-tovary","categories-dieticheskie-dobavki"],"acf":[],"_links":{"self":[{"href":"https:\/\/mywhieda.com\/it\/wp-json\/wp\/v2\/product\/1031","targetHints":{"allow":["GET"]}}],"collection":[{"href":"https:\/\/mywhieda.com\/it\/wp-json\/wp\/v2\/product"}],"about":[{"href":"https:\/\/mywhieda.com\/it\/wp-json\/wp\/v2\/types\/product"}],"wp:featuredmedia":[{"embeddable":true,"href":"https:\/\/mywhieda.com\/it\/wp-json\/wp\/v2\/media\/283"}],"wp:attachment":[{"href":"https:\/\/mywhieda.com\/it\/wp-json\/wp\/v2\/media?parent=1031"}],"wp:term":[{"taxonomy":"categories","embeddable":true,"href":"https:\/\/mywhieda.com\/it\/wp-json\/wp\/v2\/categories?post=1031"}],"curies":[{"name":"wp","href":"https:\/\/api.w.org\/{rel}","templated":true}]}}