{"id":1035,"date":"2025-04-06T20:35:19","date_gmt":"2025-04-06T17:35:19","guid":{"rendered":"https:\/\/mywhieda.com\/?post_type=product&#038;p=1035"},"modified":"2025-04-06T20:39:36","modified_gmt":"2025-04-06T17:39:36","slug":"nabor-vse-dlya-zhenskogo-zdorovya-2-2-2","status":"publish","type":"product","link":"https:\/\/mywhieda.com\/it\/product\/nabor-vse-dlya-zhenskogo-zdorovya-2-2-2\/","title":{"rendered":"Set Completo per la Salute Femminile"},"content":{"rendered":"<p><span style=\"font-weight: 400;\">La tua salute: la chiave della bellezza e dell&#8217;energia.<\/span><\/p>\n<p><span style=\"font-weight: 400;\">Noi donne siamo abituate a essere forti, a gestire molteplici compiti senza lamentarci della stanchezza. Ma cosa succede se la <\/span><b>fatica costante<\/b><span style=\"font-weight: 400;\">, i problemi di memoria e concentrazione, i raffreddori frequenti, i dolori articolari o i problemi digestivi non sono semplicemente &#171;cose da donne,&#187; ma segnali di uno squilibrio nell&#8217;organismo?<\/span><\/p>\n<p><span style=\"font-weight: 400;\">La medicina occidentale tradizionalmente si concentra nel combattere i sintomi, mentre la medicina cinese propone un approccio diverso. Cerca di <\/span><b>ristabilire l&#8217;armonia e l&#8217;equilibrio<\/b><span style=\"font-weight: 400;\"> nel corpo, considerando la malattia non come un nemico, ma come un segnale che richiede attenzione.<\/span><\/p>\n<p>&nbsp;<\/p>\n<p><b>Quali sintomi possono indicare problemi di salute femminile?<\/b><\/p>\n<ul>\n<li style=\"font-weight: 400;\" aria-level=\"1\"><b>Stanchezza costante: <\/b><span style=\"font-weight: 400;\">Sindrome da fatica cronica, mancanza di energia anche dopo un buon riposo.<\/span><\/li>\n<li style=\"font-weight: 400;\" aria-level=\"1\"><b>Problemi di memoria e concentrazione: <\/b><span style=\"font-weight: 400;\">Difficolt\u00e0 a ricordare informazioni, distrazione.<\/span><\/li>\n<li style=\"font-weight: 400;\" aria-level=\"1\"><b>Faringite cronica: <\/b><span style=\"font-weight: 400;\">Voce debole, gola secca, linfonodi ingrossati nel collo.<\/span><\/li>\n<li style=\"font-weight: 400;\" aria-level=\"1\"><b>Dolori muscolari e articolari: <\/b><span style=\"font-weight: 400;\">Dolori cronici, rigidit\u00e0 nei movimenti.<\/span><\/li>\n<li style=\"font-weight: 400;\" aria-level=\"1\"><b>Mal di testa: <\/b><span style=\"font-weight: 400;\">Cefalee frequenti, emicranie.<\/span><\/li>\n<li style=\"font-weight: 400;\" aria-level=\"1\"><b>Sonno non ristoratore: <\/b><span style=\"font-weight: 400;\">Difficolt\u00e0 ad addormentarsi, risvegli frequenti, sensazione di stanchezza al risveglio.<\/span><\/li>\n<li style=\"font-weight: 400;\" aria-level=\"1\"><b>Malessere durante l&#8217;attivit\u00e0 fisica: <\/b><span style=\"font-weight: 400;\">Fatica rapida, mancanza di respiro.<\/span><\/li>\n<li style=\"font-weight: 400;\" aria-level=\"1\"><b>Tinnito: <\/b><span style=\"font-weight: 400;\">Rumore o ronzio costante o intermittente nelle orecchie.<\/span><\/li>\n<li style=\"font-weight: 400;\" aria-level=\"1\"><b>Congestione nasale cronica: <\/b><span style=\"font-weight: 400;\">Rinite cronica, naso chiuso.<\/span><\/li>\n<li style=\"font-weight: 400;\" aria-level=\"1\"><b>Problemi di pressione arteriosa: <\/b><span style=\"font-weight: 400;\">Ipertensione o ipotensione.<\/span><\/li>\n<li style=\"font-weight: 400;\" aria-level=\"1\"><b>Dolori mestruali: <\/b><span style=\"font-weight: 400;\">Dolori intensi, crampi, ciclo irregolare.<\/span><\/li>\n<li style=\"font-weight: 400;\" aria-level=\"1\"><b>Problemi ginecologici:<\/b><span style=\"font-weight: 400;\"> Processi infiammatori, squilibri ormonali.<\/span><\/li>\n<li style=\"font-weight: 400;\" aria-level=\"1\"><b>Raffreddori frequenti:<\/b><span style=\"font-weight: 400;\"> Sistema immunitario debole, infezioni ricorrenti.<\/span><\/li>\n<li style=\"font-weight: 400;\" aria-level=\"1\"><b>Immunit\u00e0 debole:<\/b><span style=\"font-weight: 400;\"> Maggiore vulnerabilit\u00e0 alle infezioni.<\/span><\/li>\n<li style=\"font-weight: 400;\" aria-level=\"1\"><b>Gonfiore addominale: <\/b><span style=\"font-weight: 400;\">Gas, disturbi addominali.<\/span><\/li>\n<li style=\"font-weight: 400;\" aria-level=\"1\"><b>Problemi digestivi: <\/b><span style=\"font-weight: 400;\">Stitichezza, diarrea, acidit\u00e0 di stomaco.<\/span><\/li>\n<li style=\"font-weight: 400;\" aria-level=\"1\"><b>Problemi gastrici: <\/b><span style=\"font-weight: 400;\">Gastrite, ulcere.<\/span><\/li>\n<\/ul>\n<p>&nbsp;<\/p>\n<p><span style=\"font-weight: 400;\">Ricorda che ogni sintomo \u00e8 un segnale che qualcosa non \u00e8 in armonia nel corpo e richiede attenzione.<\/span><\/p>\n<p><span style=\"font-weight: 400;\">Invece di \u201ccurare malattie,\u201d la medicina cinese si concentra sulla salute, sulla prevenzione e sul mantenimento del benessere. Aiuta a ristabilire l\u2019armonia nel corpo, facendoti sentire giovane, bella e piena di energia<\/span><\/p>\n<p><span style=\"font-weight: 400;\">Ecco perch\u00e9 ti consigliamo di esplorare la selezione di prodotti <\/span><b>WHIEDA <\/b><span style=\"font-weight: 400;\">progettati per la salute femminile. Questi prodotti rafforzano il sistema immunitario, migliorano la funzione digestiva, supportano il sistema riproduttivo femminile e ripristinano l\u2019armonia del corpo.<\/span><\/p>\n<p><span style=\"font-weight: 400;\">Prenditi cura di te stessa oggi per goderti la vita domani.<\/span><\/p>\n<p>&nbsp;<\/p>\n<p><b>Protezione con gli assorbenti igienici Anion+<\/b><\/p>\n<p>&nbsp;<\/p>\n<p><span style=\"font-weight: 400;\">Gli assorbenti igienici Anion+ non solo offrono comfort ma prevengono anche lo sviluppo di diverse malattie ginecologiche.<\/span><\/p>\n<p><span style=\"font-weight: 400;\">Contengono un processore speciale magnetico-anionico, una tecnologia con tre brevetti, e sono realizzati in fibra di bamb\u00f9.<\/span><\/p>\n<p><span style=\"font-weight: 400;\">Il flusso mestruale contiene molte batterie anaerobiche. Gli anioni generano ossigeno libero, eliminando le condizioni per la loro vita e riproduzione<\/span><\/p>\n<p><span style=\"font-weight: 400;\">Il processore magnetico-anionico ripristina l\u2019equilibrio bio-magnetico, migliora la circolazione sanguigna, riduce infiammazione e dolore, rafforza il sistema immunitario e migliora l\u2019umore durante i giorni critici.<\/span><\/p>\n<p><span style=\"font-weight: 400;\">La fibra di bamb\u00f9 ha propriet\u00e0 anti-infiammatorie, elimina l\u2019umidit\u00e0 in eccesso e neutralizza gli odori sgradevoli. Inoltre, il materiale ecologico degli assorbenti si degrada completamente in 1-2 anni.<\/span><\/p>\n<p>&nbsp;<\/p>\n<p><b>Gel antibatterico FOHERB<\/b><\/p>\n<p>&nbsp;<\/p>\n<p><span style=\"font-weight: 400;\">Il gel antibatterico \u00e8 realizzato con estratti naturali di piante e componenti bioattivi. Non solo ha un effetto disinfettante ma fornisce anche cura preventiva e protezione.<\/span><\/p>\n<p><span style=\"font-weight: 400;\">\u00c8 efficace per prevenire e trattare:<\/span><\/p>\n<ol>\n<li style=\"font-weight: 400;\" aria-level=\"1\"><span style=\"font-weight: 400;\">Vaginosi batterica, candidosi vaginale, vaginite da trichomonas, erosioni cervicali e altro;<\/span><\/li>\n<li style=\"font-weight: 400;\" aria-level=\"1\"><span style=\"font-weight: 400;\">Prurito vaginale e genitale;<\/span><\/li>\n<li style=\"font-weight: 400;\" aria-level=\"1\"><span style=\"font-weight: 400;\">Idratazione, nutrizione e ripristino dell\u2019equilibrio naturale;<\/span><\/li>\n<li style=\"font-weight: 400;\" aria-level=\"1\"><span style=\"font-weight: 400;\">Contraccezione sicura.<\/span><\/li>\n<\/ol>\n<p>&nbsp;<\/p>\n<p><b>Spray ringiovanente con effetto lifting<\/b><\/p>\n<p>&nbsp;<\/p>\n<p><span style=\"font-weight: 400;\">Lo spray <\/span><b>YOUTHFULNESS FREEZE SPRAY<\/b><span style=\"font-weight: 400;\"> accelera la produzione di collagene ed elastina, eliminando le rughe e ripristinando l&#8217;elasticit\u00e0 della pelle. A differenza di altri prodotti, non danneggia la pelle n\u00e9 provoca effetti negativi al termine dell\u2019uso.<\/span><\/p>\n<p><span style=\"font-weight: 400;\">Questo spray \u00e8 la soluzione perfetta per le donne che vogliono mantenere la giovinezza e bellezza, con risultati visibili in poche settimane.<\/span><\/p>\n<h3><\/h3>\n<p><b>Attivatore Cellulare<\/b><\/p>\n<p>&nbsp;<\/p>\n<p><span style=\"font-weight: 400;\">L\u2019attivatore cellulare riattiva le cellule dormienti, rigenera quelle danneggiate, elimina i radicali liberi, stimola i meccanismi di autoriparazione, aumenta il tono generale, previene le malattie, purifica rapidamente i meridiani e la linfa. \u00c8 efficace contro eruzioni cutanee, papillomi, psoriasi e previene la comparsa delle rughe. Inoltre, prolunga la giovinezza, attiva la crescita di nuovi capelli, ripristina il pigmento dei capelli e aiuta a ridurre gli edemi. Una sessione di mezz&#8217;ora con l\u2019Attivatore offre gli stessi benefici di 10 sessioni di agopuntura, 20 di ventose o 30 di massaggi manuali.<\/span><\/p>\n<h4><\/h4>\n<p><b>Massaggiatore Bioenergetico MAGIC FOHERB<\/b><\/p>\n<p>&nbsp;<\/p>\n<p><span style=\"font-weight: 400;\">Con questo dispositivo, \u00e8 possibile effettuare procedure preventive e terapeutiche comodamente a casa senza necessit\u00e0 di recarsi in una clinica. Permette di eseguire acupuntura, massaggi terapeutici, massaggi con ventose, massaggio gua sha (raschiatura con strumenti di ossa, metodo della medicina tradizionale cinese che stimola punti biologicamente attivi) e altri trattamenti. Inoltre, il massaggiatore pu\u00f2 essere utilizzato in cosmetologia, per perdere peso e combattere la cellulite.<\/span><\/p>\n<h3><\/h3>\n<p><b>Sauna &#171;Ba-Gua&#187;<\/b><\/p>\n<p>&nbsp;<\/p>\n<p><span style=\"font-weight: 400;\">La sauna non solo aiuta a rilassarsi, ma anche a rafforzare la salute, migliorare il metabolismo, perdere peso e alleviare il dolore. Tuttavia, non tutti hanno la possibilit\u00e0 di visitare una sauna regolarmente. Per questo motivo, presentiamo l&#8217;unica sauna &#171;Ba-Gua&#187;, che pu\u00f2 essere utilizzata comodamente a casa.<\/span><\/p>\n<p><span style=\"font-weight: 400;\">Si tratta di una mini sauna che utilizza tecnologie speciali insieme alle propriet\u00e0 fisiche di pietre come la tormalina e la giada nera. Questa sauna, grazie alle pietre curative e a una struttura tessile speciale, crea un microclima unico con effetti terapeutici per tutto il corpo: migliora la microcircolazione e il metabolismo, elimina le tossine, migliora la pelle, combatte processi infiammatori e dolori, allevia la stanchezza e permette di rilassarsi.<\/span><\/p>\n<h3><\/h3>\n<p><b>Plantillas Correttive<\/b><\/p>\n<p>&nbsp;<\/p>\n<p><span style=\"font-weight: 400;\">I piedi sono il &#171;secondo cuore&#187;. Il processo di circolazione sanguigna in tutto il corpo \u00e8 strettamente legato ai piedi. Se i piedi non sono sani, i vasi sanguigni in essi non funzioneranno correttamente, causando ristagno di sangue nelle estremit\u00e0 inferiori, il che inevitabilmente porta a problemi di salute.\u00a0<\/span><\/p>\n<p><span style=\"font-weight: 400;\">Le plantillas correttive contribuiscono alla salute dello scheletro e dell&#8217;organismo in generale. A causa della gravit\u00e0, delle alterazioni metaboliche, del carico fisico e di altri fattori, la colonna vertebrale pu\u00f2 deviare, influenzando tutto lo scheletro. L&#8217;80% dei problemi di salute \u00e8 collegato a queste deviazioni.\u00a0<\/span><\/p>\n<p><span style=\"font-weight: 400;\">Le plantillas aiutano a migliorare la postura, distribuiscono uniformemente la pressione sui piedi, massaggiano le zone riflessogene, correggono il piede piatto e rafforzano la forma adeguata dei piedi.<\/span><\/p>\n<p>&nbsp;<\/p>\n<p><b>Occhiali di Alta Tecnologia<\/b><\/p>\n<p>&nbsp;<\/p>\n<p><span style=\"font-weight: 400;\">Il mondo avanza rapidamente e ogni giorno emergono nuovi prodotti. Ma crediamo che un prodotto non solo debba essere alla moda, ma anche portare benefici alla salute. Gli occhiali tecnologici per computer proteggono dalla radiazione emessa dagli schermi<\/span><\/p>\n<p><span style=\"font-weight: 400;\">Questi occhiali fanno da scudo contro la radiazione, alleviano la fatica oculare e sono progettati con tecnologia avanzata per migliorare l&#8217;esperienza davanti allo schermo e ottimizzare la visione.<\/span><\/p>\n<h3><\/h3>\n<p><b>Scialle Energizzante<\/b><\/p>\n<p>&nbsp;<\/p>\n<p><span style=\"font-weight: 400;\">Il germanio organico nello scialle emette <\/span><b>raggi infrarossi<\/b><span style=\"font-weight: 400;\"> e rilascia <\/span><b>anioni.<\/b><\/p>\n<ul>\n<li style=\"font-weight: 400;\" aria-level=\"1\"><span style=\"font-weight: 400;\">Migliora la <\/span><b>circolazione sanguigna<\/b><span style=\"font-weight: 400;\"> e la <\/span><b>microcircolazione<\/b><span style=\"font-weight: 400;\">.<\/span><\/li>\n<li style=\"font-weight: 400;\" aria-level=\"1\"><span style=\"font-weight: 400;\">Allevia fastidi e riduce la <\/span><b>fatica<\/b><span style=\"font-weight: 400;\"> al collo e alle spalle.<\/span><\/li>\n<li style=\"font-weight: 400;\" aria-level=\"1\"><span style=\"font-weight: 400;\">Rallenta l\u2019<\/span><b>invecchiamento cutaneo<\/b><span style=\"font-weight: 400;\"> e migliora gli indicatori di salute.<\/span><\/li>\n<li style=\"font-weight: 400;\" aria-level=\"1\"><span style=\"font-weight: 400;\">Offre comfort e cura della pelle grazie a una tecnica di tessitura unica che combina materiali <\/span><b>morbidi, leggeri e traspiranti<\/b><span style=\"font-weight: 400;\">.<\/span><\/li>\n<\/ul>\n<h3><\/h3>\n<p><b>Set di Recupero Totale dell&#8217;Organismo<\/b><\/p>\n<p>&nbsp;<\/p>\n<p><span style=\"font-weight: 400;\">Nella medicina cinese, la malattia non \u00e8 un nemico da combattere, bens\u00ec un segnale di squilibrio nell\u2019organismo. Il principio chiave non \u00e8 trattare il sintomo, ma ristabilire l&#8217;equilibrio tra Yin e Yang, pulire l\u2019organismo e nutrirlo con energia vitale.<\/span><\/p>\n<p>&nbsp;<\/p>\n<p><b>Processo:<\/b><\/p>\n<ol>\n<li style=\"font-weight: 400;\" aria-level=\"1\"><b>Regolazione:<\/b><span style=\"font-weight: 400;\"> Ripristina l&#8217;armonia nel corpo.<\/span><\/li>\n<li style=\"font-weight: 400;\" aria-level=\"1\"><b>Purificazione:<\/b><span style=\"font-weight: 400;\"> Elimina tossine e scorie dall&#8217;organismo.<\/span><\/li>\n<li style=\"font-weight: 400;\" aria-level=\"1\"><b>Recupero:<\/b><span style=\"font-weight: 400;\"> Nutre e rinforza le difese dell\u2019organismo.<\/span><\/li>\n<\/ol>\n<p><span style=\"font-weight: 400;\">I nostri esperti di medicina cinese hanno sviluppato un programma completo di recupero con i prodotti dell&#8217;azienda WHIEDA per ristabilire la salute e la vitalit\u00e0.<\/span><\/p>\n","protected":false},"featured_media":274,"template":"","categories":[6,7],"class_list":["post-1035","product","type-product","status-publish","has-post-thumbnail","hentry","categories-vse-tovary","categories-nabory"],"acf":[],"_links":{"self":[{"href":"https:\/\/mywhieda.com\/it\/wp-json\/wp\/v2\/product\/1035","targetHints":{"allow":["GET"]}}],"collection":[{"href":"https:\/\/mywhieda.com\/it\/wp-json\/wp\/v2\/product"}],"about":[{"href":"https:\/\/mywhieda.com\/it\/wp-json\/wp\/v2\/types\/product"}],"wp:featuredmedia":[{"embeddable":true,"href":"https:\/\/mywhieda.com\/it\/wp-json\/wp\/v2\/media\/274"}],"wp:attachment":[{"href":"https:\/\/mywhieda.com\/it\/wp-json\/wp\/v2\/media?parent=1035"}],"wp:term":[{"taxonomy":"categories","embeddable":true,"href":"https:\/\/mywhieda.com\/it\/wp-json\/wp\/v2\/categories?post=1035"}],"curies":[{"name":"wp","href":"https:\/\/api.w.org\/{rel}","templated":true}]}}