{"id":1037,"date":"2025-04-06T20:40:23","date_gmt":"2025-04-06T17:40:23","guid":{"rendered":"https:\/\/mywhieda.com\/?post_type=product&#038;p=1037"},"modified":"2025-04-06T20:43:44","modified_gmt":"2025-04-06T17:43:44","slug":"nabor-dlya-lyudey-zolotogo-vozrasta-4-2-2","status":"publish","type":"product","link":"https:\/\/mywhieda.com\/it\/product\/nabor-dlya-lyudey-zolotogo-vozrasta-4-2-2\/","title":{"rendered":"Conjunto di &#171;Et\u00e0 dell&#8217;Oro&#187;"},"content":{"rendered":"<p><b>Et\u00e0 dell&#8217;Oro: il momento di prendersi cura di s\u00e9!<\/b><\/p>\n<p><span style=\"font-weight: 400;\">La vita \u00e8 piena di eventi ed esperienze preziose. Tuttavia, con il passare degli anni, possono emergere alcuni cambiamenti nell&#8217;organismo che richiedono particolare attenzione. \u00c8 importante ricordare che l'&#187;et\u00e0 dell&#8217;oro&#187; \u00e8 il momento della salute e del benessere<\/span><\/p>\n<p><b>Quali problemi possono comparire nell'&#187;et\u00e0 dell&#8217;oro&#187;?<\/b><\/p>\n<ul>\n<li style=\"font-weight: 400;\" aria-level=\"1\"><b>Diminuzione dell&#8217;immunit\u00e0:<\/b><span style=\"font-weight: 400;\"> Maggiore suscettibilit\u00e0 a infezioni, raffreddori e altre malattie.<\/span><\/li>\n<li style=\"font-weight: 400;\" aria-level=\"1\"><b>Alterazioni del sistema cardiovascolare:<\/b><span style=\"font-weight: 400;\"> Ipertensione, malattia coronarica, aritmia.<\/span><\/li>\n<li style=\"font-weight: 400;\" aria-level=\"1\"><b>Problemi articolari:<\/b><span style=\"font-weight: 400;\"> Artrite, osteoporosi, dolori alla schiena, limitazione della mobilit\u00e0.<\/span><\/li>\n<li style=\"font-weight: 400;\" aria-level=\"1\"><b>Disturbi digestivi:<\/b><span style=\"font-weight: 400;\"> Stitichezza, diarrea, gonfiore addominale, gastrite.<\/span><\/li>\n<li style=\"font-weight: 400;\" aria-level=\"1\"><b>Problemi urinari:<\/b><span style=\"font-weight: 400;\"> Prostatite negli uomini, cistite nelle donne.<\/span><\/li>\n<li style=\"font-weight: 400;\" aria-level=\"1\"><b>Alterazioni del sonno:<\/b><span style=\"font-weight: 400;\"> Insonnia, risvegli frequenti, sonno inquieto.<\/span><\/li>\n<li style=\"font-weight: 400;\" aria-level=\"1\"><b>Declino della memoria e concentrazione:<\/b><span style=\"font-weight: 400;\"> Dimenticanze, difficolt\u00e0 a concentrarsi, funzioni cognitive ridotte.<\/span><\/li>\n<li style=\"font-weight: 400;\" aria-level=\"1\"><b>Aumentata fatica:<\/b><span style=\"font-weight: 400;\"> Riduzione dell&#8217;attivit\u00e0 fisica, stanchezza rapida.<\/span><\/li>\n<li style=\"font-weight: 400;\" aria-level=\"1\"><b>Depressione e ansia:<\/b><span style=\"font-weight: 400;\"> Cambiamenti nello stile di vita, pensionamento, perdita di persone care possono causare problemi emotivi.<\/span><\/li>\n<\/ul>\n<p><span style=\"font-weight: 400;\">La medicina occidentale spesso offre solo trattamenti sintomatici senza risolvere le cause della malattia. Tuttavia, la medicina cinese si basa su un principio diverso: la malattia non \u00e8 un nemico da combattere, ma un segnale di squilibrio nell&#8217;organismo.<\/span><\/p>\n<p><span style=\"font-weight: 400;\">Abbiamo preparato per voi, cari rappresentanti dell'&#187;et\u00e0 dell&#8217;oro,&#187; una selezione di prodotti WHIEDA che aiuteranno a rafforzare la salute e ripristinare l&#8217;armonia nell&#8217;organismo. In essa troverete tutto il necessario per mantenere l&#8217;immunit\u00e0, migliorare la digestione, recuperare il sonno, migliorare la memoria e il benessere generale.<\/span><\/p>\n<p><span style=\"font-weight: 400;\">Prendetevi cura di voi oggi per vivere l'&#187;et\u00e0 dell&#8217;oro&#187; con gioia ed energia!<\/span><\/p>\n<h3><\/h3>\n<p><b>Attivatore Cellulare<\/b><\/p>\n<p>&nbsp;<\/p>\n<p><span style=\"font-weight: 400;\">Attiva le cellule dormienti, ripara quelle danneggiate, distrugge i radicali liberi, stimola l&#8217;autorigenerazione dell&#8217;organismo, aumenta il tono generale, previene le malattie, purifica rapidamente i meridiani e la linfa. Combatte efficacemente eruzioni cutanee, papillomi, psoriasi, rallenta l&#8217;invecchiamento, attiva la crescita di nuovi capelli, ripristina il pigmento dei capelli, aiuta a ridurre i gonfiori, allevia i dolori e migliora il funzionamento degli organi interni. Un procedimento di mezz&#8217;ora equivale a: 10 sessioni di agopuntura, 20 sessioni con ventose, 30 massaggi manuali.<\/span><\/p>\n<h3><\/h3>\n<p><b>Massaggiatore Bioenergetico MAGIC FOHERB<\/b><\/p>\n<p>&nbsp;<\/p>\n<p><span style=\"font-weight: 400;\">Con questo dispositivo \u00e8 facile eseguire procedure preventive e terapeutiche comodamente a casa senza la necessit\u00e0 di visitare una clinica: agopuntura, massaggi terapeutici, massaggi con ventose, massaggio guasha (con raschietto di osso; metodo di azione sui punti biologicamente attivi della medicina tradizionale cinese) e altri trattamenti.<\/span><\/p>\n<p><b>Particolarmente consigliato per:<\/b><\/p>\n<ul>\n<li style=\"font-weight: 400;\" aria-level=\"1\"><span style=\"font-weight: 400;\">Persone con malattie dell\u2019apparato locomotore (colonna cervicale, articolazioni delle spalle, ecc.);<\/span><\/li>\n<li style=\"font-weight: 400;\" aria-level=\"1\"><span style=\"font-weight: 400;\">Spostamento dei dischi;<\/span><\/li>\n<li style=\"font-weight: 400;\" aria-level=\"1\"><span style=\"font-weight: 400;\">Artrite reumatoide;<\/span><\/li>\n<li style=\"font-weight: 400;\" aria-level=\"1\"><span style=\"font-weight: 400;\">Necrosi;<\/span><\/li>\n<li style=\"font-weight: 400;\" aria-level=\"1\"><span style=\"font-weight: 400;\">Combattere il sovrappeso e la cellulite;<\/span><\/li>\n<li style=\"font-weight: 400;\" aria-level=\"1\"><span style=\"font-weight: 400;\">Procedure di drenaggio linfatico e tonificazione;<\/span><\/li>\n<li style=\"font-weight: 400;\" aria-level=\"1\"><span style=\"font-weight: 400;\">Recupero dopo lesioni e carichi fisici.<\/span><\/li>\n<\/ul>\n<h3><\/h3>\n<p><b>Sauna &#171;Ba-Gua&#187;<\/b><\/p>\n<p>&nbsp;<\/p>\n<p><span style=\"font-weight: 400;\">La sauna non solo aiuta a rilassarsi, ma anche a rafforzare la salute, migliorare il metabolismo, perdere peso e alleviare i dolori. Tuttavia, non tutti hanno la possibilit\u00e0 di frequentare regolarmente una sauna. Per questo motivo, presentiamo la sauna unica &#171;Ba-Gua,&#187; progettata per l&#8217;uso domestico.<\/span><\/p>\n<p><span style=\"font-weight: 400;\">Si tratta di una mini sauna che utilizza tecnologie speciali e le propriet\u00e0 fisiche di pietre come la tormalina e la giada nera. Grazie a queste pietre terapeutiche e a una struttura speciale di tessuto, la nostra sauna crea un microclima unico che offre un effetto terapeutico su tutto il corpo: migliora la microcircolazione sanguigna e i processi metabolici, elimina tossine e rifiuti, migliora lo stato della pelle, combatte processi infiammatori e dolori, allevia la stanchezza e favorisce il rilassamento.<\/span><\/p>\n<h3><\/h3>\n<p><b>Plantillas Correttive<\/b><\/p>\n<p>&nbsp;<\/p>\n<p><span style=\"font-weight: 400;\">I piedi sono il &#171;secondo cuore&#187;. Il processo di circolazione sanguigna in tutto il corpo \u00e8 strettamente legato ai piedi, dalla posizione eretta al camminare. Se i piedi non sono sani, i vasi sanguigni presenti in essi non funzioneranno correttamente, il che pu\u00f2 causare un ristagno del sangue nelle estremit\u00e0 inferiori, portando inevitabilmente a problemi di salute.<\/span><\/p>\n<p><span style=\"font-weight: 400;\">Le plantillas correttive<\/span><\/p>\n<ul>\n<li style=\"font-weight: 400;\" aria-level=\"1\"><span style=\"font-weight: 400;\">Migliorano la postura;<\/span><\/li>\n<li style=\"font-weight: 400;\" aria-level=\"1\"><span style=\"font-weight: 400;\">Distribuiscono uniformemente la pressione sul piede;<\/span><\/li>\n<li style=\"font-weight: 400;\" aria-level=\"1\"><span style=\"font-weight: 400;\">Massaggiano zone riflessogene;<\/span><\/li>\n<li style=\"font-weight: 400;\" aria-level=\"1\"><span style=\"font-weight: 400;\">Correggono il piede piatto;<\/span><\/li>\n<li style=\"font-weight: 400;\" aria-level=\"1\"><span style=\"font-weight: 400;\">Rafforzano la corretta forma del piede.<\/span><\/li>\n<\/ul>\n<h3><\/h3>\n<p><b>Occhiali di alta tecnologia<\/b><\/p>\n<p>&nbsp;<\/p>\n<p><span style=\"font-weight: 400;\">Questi occhiali proteggono dalla radiazione emessa dai monitor del computer e del televisore.<\/span><\/p>\n<p><b>Raccomandati per:<\/b><\/p>\n<ul>\n<li style=\"font-weight: 400;\" aria-level=\"1\"><span style=\"font-weight: 400;\">Persone con pi\u00f9 di 40 anni (quando inizia il processo di invecchiamento del corpo).<\/span><\/li>\n<li style=\"font-weight: 400;\" aria-level=\"1\"><span style=\"font-weight: 400;\">Coloro che soffrono di xerostalmia, affaticamento oculare, opacit\u00e0 del corpo vitreo, ambliopia, presbiopia, miopia, cataratta, glaucoma o problemi di microcircolazione sanguigna.<\/span><\/li>\n<\/ul>\n<p><span style=\"font-weight: 400;\">La montatura \u00e8 realizzata con materiali composti in grafene PA6\/G, che emette da 1000 a 2200 anioni per centimetro cubo, attivando le cellule nella zona oculare e stimolando la circolazione sanguigna.<\/span><\/p>\n<p>&nbsp;<\/p>\n<p><b>Scialle energetico<\/b><\/p>\n<p>&nbsp;<\/p>\n<p><span style=\"font-weight: 400;\">Il germanio organico nella sua composizione ha funzioni di radiazione infrarossa e rilascio di anioni. Migliora la circolazione sanguigna e la microcircolazione, allevia il disagio e la fatica nella zona del collo e delle spalle, rallenta l&#8217;invecchiamento della pelle e migliora la salute generale.<\/span><\/p>\n<h3><\/h3>\n<p><b>Set di ripristino completo dell&#8217;organismo<\/b><\/p>\n<p>&nbsp;<\/p>\n<p><span style=\"font-weight: 400;\">Basato sui principi della medicina cinese, questo kit include tutto il necessario per ripristinare l&#8217;equilibrio dello Yin e dello Yang, pulire l&#8217;organismo dalle tossine e nutrirlo con energia vitale.<\/span><\/p>\n<p><span style=\"font-weight: 400;\">Gli esperti di WHIEDA hanno sviluppato un approccio integrato per il benessere, garantendo una cura completa per il corpo e la mente.<\/span><\/p>\n","protected":false},"featured_media":253,"template":"","categories":[6,7],"class_list":["post-1037","product","type-product","status-publish","has-post-thumbnail","hentry","categories-vse-tovary","categories-nabory"],"acf":[],"_links":{"self":[{"href":"https:\/\/mywhieda.com\/it\/wp-json\/wp\/v2\/product\/1037","targetHints":{"allow":["GET"]}}],"collection":[{"href":"https:\/\/mywhieda.com\/it\/wp-json\/wp\/v2\/product"}],"about":[{"href":"https:\/\/mywhieda.com\/it\/wp-json\/wp\/v2\/types\/product"}],"wp:featuredmedia":[{"embeddable":true,"href":"https:\/\/mywhieda.com\/it\/wp-json\/wp\/v2\/media\/253"}],"wp:attachment":[{"href":"https:\/\/mywhieda.com\/it\/wp-json\/wp\/v2\/media?parent=1037"}],"wp:term":[{"taxonomy":"categories","embeddable":true,"href":"https:\/\/mywhieda.com\/it\/wp-json\/wp\/v2\/categories?post=1037"}],"curies":[{"name":"wp","href":"https:\/\/api.w.org\/{rel}","templated":true}]}}