{"id":1039,"date":"2025-04-06T20:44:37","date_gmt":"2025-04-06T17:44:37","guid":{"rendered":"https:\/\/mywhieda.com\/?post_type=product&#038;p=1039"},"modified":"2025-04-06T20:47:42","modified_gmt":"2025-04-06T17:47:42","slug":"dlya-muzhchin-zanyatyh-tyazhelym-fizicheskim-trudom-2-2-2","status":"publish","type":"product","link":"https:\/\/mywhieda.com\/it\/product\/dlya-muzhchin-zanyatyh-tyazhelym-fizicheskim-trudom-2-2-2\/","title":{"rendered":"Per gli uomini che lavorano duramente fisicamente"},"content":{"rendered":"<p><span style=\"font-weight: 400;\">La forza e la salute sono fondamentali per mantenere l&#8217;energia e il benessere nel tempo.<\/span><\/p>\n<p><span style=\"font-weight: 400;\">Gli uomini impegnati in lavori fisici pesanti, come traslocatori, autisti, operai edili e altri, sono il cuore pulsante della societ\u00e0. Ma \u00e8 essenziale ricordare di prendersi cura della propria salute per conservare vitalit\u00e0 e forza per gli anni a venire.<\/span><\/p>\n<p><b>Quali problemi di salute possono sorgere dal lavoro fisico pesante?<\/b><\/p>\n<ul>\n<li style=\"font-weight: 400;\" aria-level=\"1\"><b>Problemi alla colonna vertebrale:<\/b><span style=\"font-weight: 400;\"> Dolore alla schiena, ernie del disco, osteocondrosi derivanti da postura scorretta e sforzi continui.<\/span><\/li>\n<li style=\"font-weight: 400;\" aria-level=\"1\"><b>Problemi articolari:<\/b><span style=\"font-weight: 400;\"> Osteoartrite, artrite, dolori alle ginocchia e alle spalle.<\/span><\/li>\n<li style=\"font-weight: 400;\" aria-level=\"1\"><b>Malattie cardiovascolari:<\/b><span style=\"font-weight: 400;\"> Ipertensione e malattia ischemica del cuore, dovute a stress e abitudini alimentari irregolari.<\/span><\/li>\n<li style=\"font-weight: 400;\" aria-level=\"1\"><b>Disturbi digestivi:<\/b><span style=\"font-weight: 400;\"> Gastrite, ulcere, stitichezza causati da diete poco equilibrate.<\/span><\/li>\n<li style=\"font-weight: 400;\" aria-level=\"1\"><b>Affaticamento e calo di energia:<\/b><span style=\"font-weight: 400;\"> Mancanza di riposo e alimentazione insufficiente.<\/span><\/li>\n<li style=\"font-weight: 400;\" aria-level=\"1\"><b>Problemi della pelle:<\/b><span style=\"font-weight: 400;\"> Eruzioni cutanee, dermatiti e scottature a causa di condizioni esterne impegnative.<\/span><\/li>\n<\/ul>\n<p><span style=\"font-weight: 400;\">La medicina occidentale spesso offre solo trattamenti sintomatici senza affrontare le cause delle malattie. Tuttavia, la medicina cinese si basa su un altro principio: la malattia non \u00e8 un nemico contro cui combattere, ma un segnale di squilibrio nell&#8217;organismo.<\/span><\/p>\n<p><span style=\"font-weight: 400;\">Abbiamo preparato per voi, stimati lavoratori, una selezione di prodotti WHIEDA che aiuteranno a rafforzare la salute e a ripristinare l&#8217;armonia nel corpo.<\/span><\/p>\n<p><span style=\"font-weight: 400;\">Prendetevi cura di voi stessi oggi per mantenere vigore ed energia per molti anni a venire!<\/span><\/p>\n<p>&nbsp;<\/p>\n<p><b>Activador de c\u00e9lulas<\/b><\/p>\n<p>&nbsp;<\/p>\n<p><span style=\"font-weight: 400;\">L\u2019attivatore cellulare riattiva le cellule dormienti, rigenera quelle danneggiate, elimina i radicali liberi, stimola i meccanismi di autoriparazione, aumenta il tono generale, previene le malattie, purifica rapidamente i meridiani e la linfa. \u00c8 efficace contro eruzioni cutanee, papillomi, psoriasi e previene la comparsa delle rughe. Inoltre, prolunga la giovinezza, attiva la crescita di nuovi capelli, ripristina il pigmento dei capelli e aiuta a ridurre gli edemi. Una sessione di mezz&#8217;ora con l\u2019Attivatore offre gli stessi benefici di 10 sessioni di agopuntura, 20 di ventose o 30 di massaggi manuali.<\/span><\/p>\n<p><span style=\"font-weight: 400;\">\u200d<\/span><\/p>\n<p>&nbsp;<\/p>\n<p><b>Bioenergomasajeador MAGIC FOHERB<\/b><\/p>\n<p>&nbsp;<\/p>\n<p><span style=\"font-weight: 400;\">Con esso, \u00e8 possibile effettuare procedure preventive e terapeutiche comodamente a casa senza la necessit\u00e0 di recarsi in una clinica: agopuntura, massaggio terapeutico, massaggio con ventose, massaggio gua sha (massaggio con raschietto di osso, metodo di impatto su punti biologicamente attivi secondo la medicina tradizionale cinese), tra altri procedimenti.<\/span><\/p>\n<p><span style=\"font-weight: 400;\">Particolarmente raccomandato per:<\/span><\/p>\n<ul>\n<li style=\"font-weight: 400;\" aria-level=\"1\"><span style=\"font-weight: 400;\">Persone con malattie dell&#8217;apparato locomotore (zona cervicale, articolazioni delle spalle, ecc.);<\/span><\/li>\n<li style=\"font-weight: 400;\" aria-level=\"1\"><span style=\"font-weight: 400;\">In caso di spostamento dei dischi;<\/span><\/li>\n<li style=\"font-weight: 400;\" aria-level=\"1\"><span style=\"font-weight: 400;\">Per artrite reumatoide;<\/span><\/li>\n<li style=\"font-weight: 400;\" aria-level=\"1\"><span style=\"font-weight: 400;\">In necrosi;<\/span><\/li>\n<li style=\"font-weight: 400;\" aria-level=\"1\"><span style=\"font-weight: 400;\">Nella lotta contro il sovrappeso e la cellulite;<\/span><\/li>\n<li style=\"font-weight: 400;\" aria-level=\"1\"><span style=\"font-weight: 400;\">Per procedure di drenaggio linfatico e rassodanti;<\/span><\/li>\n<li style=\"font-weight: 400;\" aria-level=\"1\"><span style=\"font-weight: 400;\">Per la recupero dopo lesioni e sforzi fisici.<\/span><\/li>\n<\/ul>\n<p>&nbsp;<\/p>\n<p><b>Sauna &#171;Ba-Gua&#187;<\/b><\/p>\n<p>&nbsp;<\/p>\n<p><span style=\"font-weight: 400;\">La sauna non solo aiuta a rilassarsi, ma anche a rafforzare la salute, migliorare il metabolismo, dimagrire e alleviare il dolore. Tuttavia, non tutti hanno la possibilit\u00e0 di visitare una sauna regolarmente. Per questo motivo, offriamo l&#8217;esclusiva sauna &#171;Ba-Gua&#187; che pu\u00f2 essere utilizzata anche a casa.<\/span><\/p>\n<p><span style=\"font-weight: 400;\">\u00c8 una mini sauna che utilizza tecnologie speciali e le propriet\u00e0 fisiche di pietre come la tormalina e la giada nera. La nostra sauna, grazie a queste pietre terapeutiche e alla sua struttura tessile unica, crea un microclima terapeutico che ha effetti benefici su tutto il corpo: migliora la microcircolazione sanguigna, i processi metabolici, elimina tossine e residui, migliora lo stato della pelle, combatte i processi infiammatori e il dolore, allevia la stanchezza e favorisce il rilassamento.<\/span><\/p>\n<p>&nbsp;<\/p>\n<p><b>Solette Correttive<\/b><\/p>\n<p>&nbsp;<\/p>\n<p><span style=\"font-weight: 400;\">I piedi sono il secondo cuore. Il processo di circolazione sanguigna in tutto il corpo \u00e8 strettamente legato ai piedi; dalla posizione eretta al camminare, influisce sulla forza e velocit\u00e0 della circolazione. Se i piedi non sono sani, i vasi sanguigni in essi non potranno svolgere la loro funzione, il che potrebbe provocare un ristagno del sangue nelle estremit\u00e0 inferiori e, di conseguenza, problemi di salute.<\/span><\/p>\n<p><span style=\"font-weight: 400;\">Le plantillas correttive promuovono:<\/span><\/p>\n<ul>\n<li style=\"font-weight: 400;\" aria-level=\"1\"><span style=\"font-weight: 400;\">Una migliore postura corporea;<\/span><\/li>\n<li style=\"font-weight: 400;\" aria-level=\"1\"><span style=\"font-weight: 400;\">Distribuzione uniforme della pressione sul piede;<\/span><\/li>\n<li style=\"font-weight: 400;\" aria-level=\"1\"><span style=\"font-weight: 400;\">Massaggio nelle zone riflessogene del piede;<\/span><\/li>\n<li style=\"font-weight: 400;\" aria-level=\"1\"><span style=\"font-weight: 400;\">Correzione del piede piatto;<\/span><\/li>\n<li style=\"font-weight: 400;\" aria-level=\"1\"><span style=\"font-weight: 400;\">Rafforzamento della forma adeguata del piede.<\/span><\/li>\n<\/ul>\n<p><span style=\"font-weight: 400;\">\u200d<\/span><\/p>\n<p><b>Occhiali di alta tecnologia<\/b><\/p>\n<p>&nbsp;<\/p>\n<p><span style=\"font-weight: 400;\">Proteggono dalla radiazione emessa dagli schermi di computer, televisori, e altri dispositivi.\u00a0\u00a0<\/span><\/p>\n<p><span style=\"font-weight: 400;\">Raccomandate per persone che trascorrono molto tempo a leggere, davanti al computer o che soffrono di affaticamento oculare, persone sopra i 40 anni (quando inizia il processo di invecchiamento), coloro che soffrono di xerosi oculare, affaticamento visivo, opacit\u00e0 nel corpo vitreo, ambliopia, presbiopia, miopia, scintillii negli occhi, cataratta, glaucoma o problemi di microcircolazione sanguigna.\u00a0\u00a0<\/span><\/p>\n<p>&nbsp;<\/p>\n<p><b>Scialle energetico<\/b><\/p>\n<p>&nbsp;<\/p>\n<p><span style=\"font-weight: 400;\">Il germanio organico nella sua composizione emette radiazione infrarossa e anioni. Aiuta a migliorare la circolazione e la microcircolazione sanguigna, elimina il malessere e la fatica nella zona del collo e delle spalle, rallenta l&#8217;invecchiamento della pelle e migliora la salute generale.<\/span><\/p>\n<p>&nbsp;<\/p>\n<p><b>Set di ripristino completo dell&#8217;organismo<\/b><\/p>\n<p>&nbsp;<\/p>\n<p><span style=\"font-weight: 400;\">La medicina cinese offre un approccio integrale<\/span><\/p>\n<ol>\n<li style=\"font-weight: 400;\" aria-level=\"1\"><b>Regolazione:<\/b><span style=\"font-weight: 400;\"> recuperare l&#8217;armonia nel corpo.<\/span><\/li>\n<li style=\"font-weight: 400;\" aria-level=\"1\"><b>Pulizia:<\/b><span style=\"font-weight: 400;\"> eliminare tossine e scorie.<\/span><\/li>\n<li style=\"font-weight: 400;\" aria-level=\"1\"><b>Ripristino:<\/b><span style=\"font-weight: 400;\"> restaurare l&#8217;energia, nutrire e rafforzare l&#8217;organismo.<\/span><\/li>\n<\/ol>\n<p><span style=\"font-weight: 400;\">\u200dI nostri esperti hanno progettato un kit integrale con i prodotti di WHIEDA per il ripristino completo dell&#8217;organismo.<\/span><\/p>\n","protected":false},"featured_media":293,"template":"","categories":[6,7],"class_list":["post-1039","product","type-product","status-publish","has-post-thumbnail","hentry","categories-vse-tovary","categories-nabory"],"acf":[],"_links":{"self":[{"href":"https:\/\/mywhieda.com\/it\/wp-json\/wp\/v2\/product\/1039","targetHints":{"allow":["GET"]}}],"collection":[{"href":"https:\/\/mywhieda.com\/it\/wp-json\/wp\/v2\/product"}],"about":[{"href":"https:\/\/mywhieda.com\/it\/wp-json\/wp\/v2\/types\/product"}],"wp:featuredmedia":[{"embeddable":true,"href":"https:\/\/mywhieda.com\/it\/wp-json\/wp\/v2\/media\/293"}],"wp:attachment":[{"href":"https:\/\/mywhieda.com\/it\/wp-json\/wp\/v2\/media?parent=1039"}],"wp:term":[{"taxonomy":"categories","embeddable":true,"href":"https:\/\/mywhieda.com\/it\/wp-json\/wp\/v2\/categories?post=1039"}],"curies":[{"name":"wp","href":"https:\/\/api.w.org\/{rel}","templated":true}]}}