{"id":1043,"date":"2025-04-06T20:52:23","date_gmt":"2025-04-06T17:52:23","guid":{"rendered":"https:\/\/mywhieda.com\/?post_type=product&#038;p=1043"},"modified":"2025-09-13T17:38:44","modified_gmt":"2025-09-13T14:38:44","slug":"pasta-cinfen-4-2","status":"publish","type":"product","link":"https:\/\/mywhieda.com\/it\/product\/pasta-cinfen-4-2\/","title":{"rendered":"Qingfeng pasta"},"content":{"rendered":"<p><b>Cos&#8217;\u00e8 la pasta Qingfeng?<\/b><\/p>\n<p>&nbsp;<\/p>\n<p><span style=\"font-weight: 400;\">Il consulente internazionale dell&#8217;Associazione Whieda per uno stile di vita sano, il professore di medicina tradizionale cinese Zhang Danin, basandosi su anni di esperienza clinica e sul metodo unico &#171;tonificazione dei reni e della circolazione sanguigna,&#187; ha sviluppato la formula della pasta Qingfeng. \u00c8 prodotta secondo un&#8217;antica tecnologia della medicina cinese con ingredienti selezionati.\u00a0<\/span><\/p>\n<p><span style=\"font-weight: 400;\">Tutti gli ingredienti passano attraverso 8 fasi tradizionali: selezione, preparazione, pulizia, ammollo, tostatura, estrazione, filtrazione e raccolta, ottenendo un sapore delicato e un aroma cremoso intenso.<\/span><\/p>\n<p>&nbsp;<\/p>\n<p><b>A cosa serve la pa<\/b><b>sta Qingfeng?\u00a0<\/b><\/p>\n<p>&nbsp;<\/p>\n<p><span style=\"font-weight: 400;\">Nel mondo moderno, affrontiamo spesso abitudini dannose come disturbi del sonno, disagi gastrici dopo pasti abbondanti, inattivit\u00e0 fisica, abuso di alcol o fumo, che progressivamente compromettono la salute, influendo sulla qualit\u00e0 della vita o causando gravi problemi. La pasta Qingfeng \u00e8 un prodotto di alta qualit\u00e0 che combina propriet\u00e0 nutritive e preventive, aiutando a recuperare le energie vitali e sostenendo la salute fisica e mentale.<\/span><\/p>\n<p>&nbsp;<\/p>\n<p><b>Benefici della pasta Qingfeng:<\/b><\/p>\n<ol>\n<li style=\"font-weight: 400;\" aria-level=\"1\"><span style=\"font-weight: 400;\">Supporta il sistema cardiovascolare.<\/span><\/li>\n<li style=\"font-weight: 400;\" aria-level=\"1\"><span style=\"font-weight: 400;\">Protegge il fegato e la milza.<\/span><\/li>\n<li style=\"font-weight: 400;\" aria-level=\"1\"><span style=\"font-weight: 400;\">Riduce la pressione sanguigna.<\/span><\/li>\n<li style=\"font-weight: 400;\" aria-level=\"1\"><span style=\"font-weight: 400;\">Contribuisce alla riduzione dei lipidi nel sangue.<\/span><\/li>\n<li style=\"font-weight: 400;\" aria-level=\"1\"><span style=\"font-weight: 400;\">Migliora la digestione e la secrezione gastrica.<\/span><\/li>\n<li style=\"font-weight: 400;\" aria-level=\"1\"><span style=\"font-weight: 400;\">Ottimizza la circolazione sanguigna.<\/span><\/li>\n<li style=\"font-weight: 400;\" aria-level=\"1\"><span style=\"font-weight: 400;\">Ha un effetto diuretico e riduce i gonfiori.<\/span><\/li>\n<li style=\"font-weight: 400;\" aria-level=\"1\"><span style=\"font-weight: 400;\">Possiede propriet\u00e0 antiossidanti.<\/span><\/li>\n<li style=\"font-weight: 400;\" aria-level=\"1\"><span style=\"font-weight: 400;\">Allevia i sintomi della gotta e di altre condizioni.<\/span><\/li>\n<\/ol>\n<p>&nbsp;<\/p>\n<p><b>Indicazioni per l&#8217;uso:<\/b><\/p>\n<ul>\n<li style=\"font-weight: 400;\" aria-level=\"1\"><span style=\"font-weight: 400;\">Fumo e consumo di alcol.<\/span><\/li>\n<li style=\"font-weight: 400;\" aria-level=\"1\"><span style=\"font-weight: 400;\">Alimentazione scorretta.<\/span><\/li>\n<li style=\"font-weight: 400;\" aria-level=\"1\"><span style=\"font-weight: 400;\">Sovrappeso.<\/span><\/li>\n<li style=\"font-weight: 400;\" aria-level=\"1\"><span style=\"font-weight: 400;\">Stress e tensioni.<\/span><\/li>\n<li style=\"font-weight: 400;\" aria-level=\"1\"><span style=\"font-weight: 400;\">Et\u00e0 media e avanzata.<\/span><\/li>\n<li style=\"font-weight: 400;\" aria-level=\"1\"><span style=\"font-weight: 400;\">Malattie ereditarie.<\/span><\/li>\n<li style=\"font-weight: 400;\" aria-level=\"1\"><span style=\"font-weight: 400;\">Condizioni croniche.<\/span><\/li>\n<li style=\"font-weight: 400;\" aria-level=\"1\"><span style=\"font-weight: 400;\">Disagi articolari.<\/span><\/li>\n<li style=\"font-weight: 400;\" aria-level=\"1\"><span style=\"font-weight: 400;\">Inattivit\u00e0 fisica.<\/span><\/li>\n<li style=\"font-weight: 400;\" aria-level=\"1\"><span style=\"font-weight: 400;\">Gotta<\/span><\/li>\n<\/ul>\n","protected":false},"featured_media":814,"template":"","categories":[6,32],"class_list":["post-1043","product","type-product","status-publish","has-post-thumbnail","hentry","categories-vse-tovary","categories-dieticheskie-dobavki"],"acf":[],"_links":{"self":[{"href":"https:\/\/mywhieda.com\/it\/wp-json\/wp\/v2\/product\/1043","targetHints":{"allow":["GET"]}}],"collection":[{"href":"https:\/\/mywhieda.com\/it\/wp-json\/wp\/v2\/product"}],"about":[{"href":"https:\/\/mywhieda.com\/it\/wp-json\/wp\/v2\/types\/product"}],"wp:featuredmedia":[{"embeddable":true,"href":"https:\/\/mywhieda.com\/it\/wp-json\/wp\/v2\/media\/814"}],"wp:attachment":[{"href":"https:\/\/mywhieda.com\/it\/wp-json\/wp\/v2\/media?parent=1043"}],"wp:term":[{"taxonomy":"categories","embeddable":true,"href":"https:\/\/mywhieda.com\/it\/wp-json\/wp\/v2\/categories?post=1043"}],"curies":[{"name":"wp","href":"https:\/\/api.w.org\/{rel}","templated":true}]}}