{"id":1358,"date":"2025-11-29T14:48:01","date_gmt":"2025-11-29T11:48:01","guid":{"rendered":"https:\/\/mywhieda.com\/?post_type=product&#038;p=1358"},"modified":"2026-04-10T17:24:43","modified_gmt":"2026-04-10T14:24:43","slug":"omolazhivayushchiy-sprey-s-lifting-effektom-3-6","status":"publish","type":"product","link":"https:\/\/mywhieda.com\/it\/product\/omolazhivayushchiy-sprey-s-lifting-effektom-3-6\/","title":{"rendered":"Maschera con Effetto Lifting FUNDESEE"},"content":{"rendered":"<p><span style=\"font-weight: 400;\">La maschera con effetto lifting FUNDESEE \u00e8 una cura quotidiana premium per il viso che fornisce un trattamento lifting completo e supporta la giovinezza della pelle. La maschera contiene un\u2019alta concentrazione di molecole d\u2019acqua, che idratano e nutrono efficacemente la pelle. La seta idrolizzata favorisce la produzione di collagene e aiuta a migliorare la compattezza e l\u2019elasticit\u00e0 della pelle.<\/span><span style=\"font-weight: 400;\"><br \/>\n<\/span><span style=\"font-weight: 400;\"> Adatta per pelle soggetta a secchezza, tensione, desquamazione, maggiore sensibilit\u00e0, incarnato spento, nonch\u00e9 per ridurre la visibilit\u00e0 delle rughe e mantenere la pelle liscia e fresca.<\/span><\/p>\n<p>&nbsp;<\/p>\n<h3><b>Quattro componenti principali<\/b><\/h3>\n<p><b>Sericina<\/b><b><br \/>\n<\/b><span style=\"font-weight: 400;\"> Proteina contenente 18 tipi di aminoacidi. Aiuta a pulire la pelle e a mantenere l\u2019equilibrio idrolipidico dell\u2019epidermide. La sericina derivata dalla seta idrolizzata contribuisce a un tono uniforme e a una pelle morbida.<\/span><\/p>\n<p><b>Fibroina<\/b><b><br \/>\n<\/b><span style=\"font-weight: 400;\"> Fibra naturale estratta dalla seta. Aiuta a mantenere il livello ottimale di idratazione, rendendo la pelle pi\u00f9 liscia, morbida ed elastica, conferendole un aspetto sano e luminoso.<\/span><\/p>\n<p><b>Chitosano<\/b><b><br \/>\n<\/b><span style=\"font-weight: 400;\"> Polisaccaride ad alta capacit\u00e0 di adsorbimento. Aiuta a pulire la pelle da impurit\u00e0 e residui di cosmetici, dando una sensazione di freschezza e pulizia.<\/span><\/p>\n<p><b>Ialuronato di sodio<\/b><b><br \/>\n<\/b><span style=\"font-weight: 400;\"> Forma di acido ialuronico che idrata la pelle e la rende pi\u00f9 liscia e compatta.<\/span><\/p>\n<p>&nbsp;<\/p>\n<p><b>Effetti della maschera rigenerante con effetto lifting FUNDESEE:<\/b><b><br \/>\n<\/b><span style=\"font-weight: 400;\"> \u2022 Idrata la pelle<\/span><span style=\"font-weight: 400;\"><br \/>\n<\/span><span style=\"font-weight: 400;\"> \u2022 Pulisce e rinfresca<\/span><span style=\"font-weight: 400;\"><br \/>\n<\/span><span style=\"font-weight: 400;\"> \u2022 Ha propriet\u00e0 antiossidanti<\/span><span style=\"font-weight: 400;\"><br \/>\n<\/span><span style=\"font-weight: 400;\"> \u2022 Aiuta a ridurre gonfiori e occhiaie<\/span><span style=\"font-weight: 400;\"><br \/>\n<\/span><span style=\"font-weight: 400;\"> \u2022 Crea un effetto lifting<\/span><span style=\"font-weight: 400;\"><br \/>\n<\/span><span style=\"font-weight: 400;\"> \u2022 Rende la pelle pi\u00f9 liscia e tonica<\/span><\/p>\n<p><strong>La confezione contiene 10 maschere.<\/strong><\/p>\n","protected":false},"featured_media":1347,"template":"","categories":[6,33],"class_list":["post-1358","product","type-product","status-publish","has-post-thumbnail","hentry","categories-vse-tovary","categories-kosmetika"],"acf":[],"_links":{"self":[{"href":"https:\/\/mywhieda.com\/it\/wp-json\/wp\/v2\/product\/1358","targetHints":{"allow":["GET"]}}],"collection":[{"href":"https:\/\/mywhieda.com\/it\/wp-json\/wp\/v2\/product"}],"about":[{"href":"https:\/\/mywhieda.com\/it\/wp-json\/wp\/v2\/types\/product"}],"wp:featuredmedia":[{"embeddable":true,"href":"https:\/\/mywhieda.com\/it\/wp-json\/wp\/v2\/media\/1347"}],"wp:attachment":[{"href":"https:\/\/mywhieda.com\/it\/wp-json\/wp\/v2\/media?parent=1358"}],"wp:term":[{"taxonomy":"categories","embeddable":true,"href":"https:\/\/mywhieda.com\/it\/wp-json\/wp\/v2\/categories?post=1358"}],"curies":[{"name":"wp","href":"https:\/\/api.w.org\/{rel}","templated":true}]}}