{"id":916,"date":"2025-03-22T11:46:40","date_gmt":"2025-03-22T08:46:40","guid":{"rendered":"https:\/\/mywhieda.com\/?post_type=product&#038;p=916"},"modified":"2026-02-12T22:58:49","modified_gmt":"2026-02-12T19:58:49","slug":"korrekcionnye-stelki-2-2","status":"publish","type":"product","link":"https:\/\/mywhieda.com\/it\/product\/korrekcionnye-stelki-2-2\/","title":{"rendered":"Le solette correttive"},"content":{"rendered":"<p><span style=\"font-weight: 400;\">I piedi: il secondo cuore.<\/span><\/p>\n<p><span style=\"font-weight: 400;\">Il processo di circolazione sanguigna nell&#8217;intero corpo \u00e8 strettamente legato ai piedi. Dalla stazione eretta al camminare, la forza e la velocit\u00e0 della circolazione dipendono dai piedi. Se i piedi non sono in salute, i vasi sanguigni in essi contenuti non funzionano correttamente, causando ristagni di sangue nelle estremit\u00e0 inferiori e, di conseguenza, problemi di salute.<\/span><\/p>\n<p>&nbsp;<\/p>\n<h3><b>Cosa sono le solette correttive?<\/b><\/h3>\n<p><span style=\"font-weight: 400;\"><br \/>\n<\/span><span style=\"font-weight: 400;\">Le solette correttive migliorano la salute dello scheletro e dell&#8217;intero organismo. A causa della gravit\u00e0, del metabolismo alterato, dello stress fisico e delle peculiarit\u00e0 professionali, la colonna vertebrale pu\u00f2 deformarsi, portando a deviazioni scheletriche. L&#8217;80% dei problemi di salute \u00e8 legato, in qualche modo, a queste deviazioni. Lo scheletro, da un lato, sostiene tutto il corpo, dall&#8217;altro, il midollo spinale \u00e8 la base del sistema nervoso centrale. Se una deviazione scheletrica provoca la compressione dei nervi, la trasmissione degli impulsi dal cervello agli organi si blocca, causando disfunzioni organiche e cellulari.<\/span><\/p>\n<p>&nbsp;<\/p>\n<h3><b>Caratteristiche del prodotto:<\/b><\/h3>\n<p><b><br \/>\n<\/b><span style=\"font-weight: 400;\">Le solette sono progettate per adattarsi perfettamente alla curvatura del piede, migliorare la camminata, normalizzare le articolazioni e ridurre la pressione esercitata sui piedi e sulle articolazioni durante il movimento.<\/span><\/p>\n<p><span style=\"font-weight: 400;\">Realizzate secondo dati anatomici, bilanciano il corpo e attenuano gli effetti negativi sullo scheletro, sulle ossa e sulle articolazioni derivanti dall&#8217;attivit\u00e0 quotidiana.<\/span><\/p>\n<p><span style=\"font-weight: 400;\">Prodotte con nanomateriali, le solette contengono 20.000 punti massaggianti che stimolano le zone riflesse dei piedi.<\/span><\/p>\n<p><span style=\"font-weight: 400;\">Integrano radiazioni infrarosse, un campo magnetico e anioni per un effetto benefico profondo. I magneti incorporati creano un campo magnetico che riduce dolori articolari e gonfiori, migliorando la circolazione sanguigna e accelerando il recupero cellulare.<\/span><\/p>\n<p><span style=\"font-weight: 400;\">Le solette Whieda utilizzano un indicatore cromatico per monitorare lo stato di salute: il colore cambia in base alle condizioni fisiche, segnalando possibili problemi come malattie renali, cardiovascolari, polmonari o disturbi gastrointestinali. Tuttavia, il cambiamento di colore non \u00e8 un diagnosi; si consiglia di consultare un medico per approfondimenti.<\/span><\/p>\n<p><b>Lega ultra-resistente: durata fino a 50 anni!<\/b><\/p>\n<p id=\"\">\u200d<\/p>\n","protected":false},"featured_media":276,"template":"","categories":[6,31],"class_list":["post-916","product","type-product","status-publish","has-post-thumbnail","hentry","categories-vse-tovary","categories-aksessuary"],"acf":[],"_links":{"self":[{"href":"https:\/\/mywhieda.com\/it\/wp-json\/wp\/v2\/product\/916","targetHints":{"allow":["GET"]}}],"collection":[{"href":"https:\/\/mywhieda.com\/it\/wp-json\/wp\/v2\/product"}],"about":[{"href":"https:\/\/mywhieda.com\/it\/wp-json\/wp\/v2\/types\/product"}],"wp:featuredmedia":[{"embeddable":true,"href":"https:\/\/mywhieda.com\/it\/wp-json\/wp\/v2\/media\/276"}],"wp:attachment":[{"href":"https:\/\/mywhieda.com\/it\/wp-json\/wp\/v2\/media?parent=916"}],"wp:term":[{"taxonomy":"categories","embeddable":true,"href":"https:\/\/mywhieda.com\/it\/wp-json\/wp\/v2\/categories?post=916"}],"curies":[{"name":"wp","href":"https:\/\/api.w.org\/{rel}","templated":true}]}}