{"id":922,"date":"2025-03-22T12:26:57","date_gmt":"2025-03-22T09:26:57","guid":{"rendered":"https:\/\/mywhieda.com\/?post_type=product&#038;p=922"},"modified":"2025-04-06T21:32:12","modified_gmt":"2025-04-06T18:32:12","slug":"energeticheskiy-palantin-2-2","status":"publish","type":"product","link":"https:\/\/mywhieda.com\/it\/product\/energeticheskiy-palantin-2-2\/","title":{"rendered":"Stole energiche (Palantin)"},"content":{"rendered":"<p><span style=\"font-weight: 400;\">Sciarpa energetica \u2013 cura della tua salute, comfort ed eleganza. Tre conoscenze per la cura della salute unite con scienza e tecnologia moderna.<\/span><\/p>\n<p><span style=\"font-weight: 400;\">Poliestere e germanio \u2013 base della sciarpa, equilibrati con un approccio scientifico accurato.<\/span><\/p>\n<p>&nbsp;<\/p>\n<p><b>Benefici per la salute:<\/b><\/p>\n<p>&nbsp;<\/p>\n<ul>\n<li style=\"font-weight: 400;\" aria-level=\"1\"><span style=\"font-weight: 400;\">Il germanio organico della sciarpa ha funzioni di emissione di raggi infrarossi e rilascio di anioni.<\/span><\/li>\n<li style=\"font-weight: 400;\" aria-level=\"1\"><span style=\"font-weight: 400;\">Promuove il miglioramento della circolazione sanguigna e della microcircolazione.<\/span><\/li>\n<li style=\"font-weight: 400;\" aria-level=\"1\"><span style=\"font-weight: 400;\">Aiuta ad alleviare il disagio e la fatica nell&#8217;area del collo e delle spalle.<\/span><\/li>\n<li style=\"font-weight: 400;\" aria-level=\"1\"><span style=\"font-weight: 400;\">Rallenta l&#8217;invecchiamento della pelle e migliora gli indicatori di salute.<\/span><\/li>\n<\/ul>\n<p>&nbsp;<\/p>\n<p><b>Comfort e cura della pelle:<\/b><\/p>\n<p>&nbsp;<\/p>\n<p><span style=\"font-weight: 400;\">La tecnica unica di tessitura con materiali morbidi, leggeri e fini consente di conservare il calore, fornire comfort, traspirabilit\u00e0 e dare alla pelle una sensazione di cura delicata.<\/span><\/p>\n<p><span style=\"font-weight: 400;\">L&#8217;area del collo e delle spalle \u00e8 il &#171;crocevia&#187; pi\u00f9 importante del corpo umano: questa zona necessita di protezione affidabile perch\u00e9 \u00e8 dove si trovano molti canali energetici e il punto biologicamente attivo Da-Zhui.<\/span><\/p>\n<p><span style=\"font-weight: 400;\">L&#8217;area del collo e delle spalle \u00e8 spesso scoperta. Fattori come le condizioni naturali esterne, l&#8217;aria condizionata in estate, l&#8217;affaticamento cronico e altri possono portare a lesioni in quest&#8217;area.<\/span><\/p>\n<p><span style=\"font-weight: 400;\">La mancanza di movimento rallenta la circolazione sanguigna e il metabolismo, il che nel tempo porta a ostruzioni nei canali energetici, ristagno di Qi e sangue, interruzione dell&#8217;apporto di sangue al cervello, sonnolenza e affaticamento, accumulo di tossine, spasmi e dolori muscolari e allo sviluppo di varie malattie.<\/span><\/p>\n<p><span style=\"font-weight: 400;\">La sciarpa energetica FOHERB \u00e8 una potente barriera che protegge il corpo da fattori come il vento e il freddo. Aumenta la temperatura nell&#8217;area di utilizzo e regola lo stato normale del corpo.<\/span><\/p>\n<p><span style=\"font-weight: 400;\">La sciarpa \u00e8 sempre un attributo elegante e attraente per le donne.<\/span><\/p>\n<p><span style=\"font-weight: 400;\">La sciarpa funzionale FOHERB combina bellezza e praticit\u00e0, protegge in modo affidabile dall&#8217;aria fredda dell&#8217;aria condizionata ed \u00e8 un complemento elegante e stilizzato per la tua immagine in estate.<\/span><\/p>\n<p>&nbsp;<\/p>\n<p><b>\ud83c\udf1e Eccellente protezione dal sole:<\/b><\/p>\n<p>&nbsp;<\/p>\n<p><span style=\"font-weight: 400;\">Oltre alla crema solare, all&#8217;ombrello e agli occhiali da sole, puoi anche usare la sciarpa energetica. Basta metterla sulle spalle e sul collo, e ti protegger\u00e0 dal sole. Il materiale della sciarpa energetica \u00e8 altamente traspirante, assorbe il sudore e si sente piacevole sul corpo.<\/span><\/p>\n<p>&nbsp;<\/p>\n<p><b>\u2744\ufe0f Prevenzione delle &#171;malattie da aria condizionata&#187;:<\/b><\/p>\n<p>&nbsp;<\/p>\n<p><span style=\"font-weight: 400;\">In estate, in ufficio, in macchina o a casa, usiamo spesso l&#8217;aria condizionata, e questo provoca il raffreddamento della parte posteriore del collo.<\/span><\/p>\n<p><span style=\"font-weight: 400;\">Nella parte posteriore del collo si trovano 3 punti biologicamente attivi importanti: Feng-Fu, Feng-Chi e Feng-Men, attraverso i quali i fattori patogeni del vento e del freddo entrano pi\u00f9 facilmente nel corpo. L&#8217;aria fredda che penetra in questi punti causa problemi di circolazione e porta a vertigini, mal di testa, insonnia, dolori al collo e alle spalle e altri problemi.<\/span><\/p>\n","protected":false},"featured_media":287,"template":"","categories":[6,31],"class_list":["post-922","product","type-product","status-publish","has-post-thumbnail","hentry","categories-vse-tovary","categories-aksessuary"],"acf":[],"_links":{"self":[{"href":"https:\/\/mywhieda.com\/it\/wp-json\/wp\/v2\/product\/922","targetHints":{"allow":["GET"]}}],"collection":[{"href":"https:\/\/mywhieda.com\/it\/wp-json\/wp\/v2\/product"}],"about":[{"href":"https:\/\/mywhieda.com\/it\/wp-json\/wp\/v2\/types\/product"}],"wp:featuredmedia":[{"embeddable":true,"href":"https:\/\/mywhieda.com\/it\/wp-json\/wp\/v2\/media\/287"}],"wp:attachment":[{"href":"https:\/\/mywhieda.com\/it\/wp-json\/wp\/v2\/media?parent=922"}],"wp:term":[{"taxonomy":"categories","embeddable":true,"href":"https:\/\/mywhieda.com\/it\/wp-json\/wp\/v2\/categories?post=922"}],"curies":[{"name":"wp","href":"https:\/\/api.w.org\/{rel}","templated":true}]}}