{"id":926,"date":"2025-03-24T18:59:50","date_gmt":"2025-03-24T15:59:50","guid":{"rendered":"https:\/\/mywhieda.com\/?post_type=product&#038;p=926"},"modified":"2026-04-16T17:52:59","modified_gmt":"2026-04-16T14:52:59","slug":"sistema-dlya-sna-4-v-1-2-2","status":"publish","type":"product","link":"https:\/\/mywhieda.com\/it\/product\/sistema-dlya-sna-4-v-1-2-2\/","title":{"rendered":"Il sistema di sonno 4 in 1"},"content":{"rendered":"<p><b>Un approccio scientifico per un sonno di qualit\u00e0 \u2013 Scopri un nuovo percorso per il benessere<\/b><\/p>\n<p>&nbsp;<\/p>\n<p><span style=\"font-weight: 400;\">Ti riconosci in questi sintomi?<\/span><\/p>\n<ul>\n<li style=\"font-weight: 400;\" aria-level=\"1\"><span style=\"font-weight: 400;\">Tensione elevata, stanchezza e difficolt\u00e0 ad addormentarti<\/span><\/li>\n<li style=\"font-weight: 400;\" aria-level=\"1\"><span style=\"font-weight: 400;\">Scarsa qualit\u00e0 del sonno, insonnia, sogni frequenti, risvegli precoci<\/span><\/li>\n<li style=\"font-weight: 400;\" aria-level=\"1\"><span style=\"font-weight: 400;\">Scelta errata del cuscino, dolori frequenti a spalle e collo o nervi compressi<\/span><\/li>\n<\/ul>\n<p>&nbsp;<\/p>\n<p><b>Innovazioni per un sonno sano<\/b><\/p>\n<p>&nbsp;<\/p>\n<p><span style=\"font-weight: 400;\">Goditi il massimo comfort del sonno con un sistema progettato per garantire riposo e benessere.\u00a0<\/span><\/p>\n<p><span style=\"font-weight: 400;\">Un sonno confortevole ripristina l&#8217;energia dopo la fatica della giornata e ti prepara a nuovi successi. Ci auguriamo che, dopo una giornata impegnativa, tu possa goderti un sonno di qualit\u00e0 e ricaricarti. Il sistema di sonno 4 in 1 ti offrir\u00e0 un sonno profondo e rigenerante, rendendo ogni notte un&#8217;opportunit\u00e0 per il recupero!<\/span><\/p>\n<p>&nbsp;<\/p>\n<p><b>Benefici del sistema di sonno 4 in 1<\/b><\/p>\n<p>&nbsp;<\/p>\n<p><span style=\"font-weight: 400;\">Il sistema \u00e8 composto da tessuti 100% cotone con dettagli in rilievo, arricchiti con ioni negativi e radiazioni a infrarossi lontani. Rilascia continuamente raggi infrarossi e ioni negativi, promuovendo la microcircolazione sanguigna e stimolando il metabolismo. Il materiale \u00e8 delicato sulla pelle, morbido, confortevole e traspirante, garantendo un riposo notturno di qualit\u00e0 e il ringiovanimento del corpo. L&#8217;elegante tessuto in rilievo, in un delicato colore giallo, emana lusso ed eleganza, offrendo un\u2019esperienza di sonno di alta qualit\u00e0.<\/span><\/p>\n<p>&nbsp;<\/p>\n<p><b>Design elegante della valigia, facile da trasportare<\/b><\/p>\n<p>&nbsp;<\/p>\n<p><span style=\"font-weight: 400;\">La valigia \u00e8 dotata di una maniglia resistente. Realizzata in stile retr\u00f2, presenta un lucchetto combinato TSA che migliora la robustezza della valigia. Le sue ruote girevoli doppie in gomma, con ammortizzazione e riduzione del rumore, offrono un utilizzo pi\u00f9 fluido.<\/span><\/p>\n<p><b>Personalizzazione del marchio, tocco esclusivo<\/b><span style=\"font-weight: 400;\"> Sulle valigie \u00e8 inciso il logo dell&#8217;azienda e il nome dell&#8217;acquirente, aumentando cos\u00ec l&#8217;immagine del marchio, creando un senso di appartenenza e generando fiducia e rispetto tra i clienti.<\/span><\/p>\n<p>&nbsp;<\/p>\n<p><b>Design complementare, facilit\u00e0 di trasporto<\/b><span style=\"font-weight: 400;\"> Il sistema di sonno 4 in 1 e la valigia personale si completano a vicenda.<\/span><\/p>\n<ul>\n<li style=\"font-weight: 400;\" aria-level=\"1\"><b>Per chi viaggia spesso<\/b><span style=\"font-weight: 400;\">, parte per trasferte di lavoro o traslochi, questa valigia \u00e8 comoda da trasportare, e la vendita in combinazione la rende particolarmente attraente.<\/span><\/li>\n<li style=\"font-weight: 400;\" aria-level=\"1\"><b>Per l&#8217;uso domestico<\/b><span style=\"font-weight: 400;\">, occupa poco spazio, \u00e8 facile da riporre e garantisce una migliore protezione igienica.<\/span><\/li>\n<\/ul>\n","protected":false},"featured_media":254,"template":"","categories":[6,31],"class_list":["post-926","product","type-product","status-publish","has-post-thumbnail","hentry","categories-vse-tovary","categories-aksessuary"],"acf":[],"_links":{"self":[{"href":"https:\/\/mywhieda.com\/it\/wp-json\/wp\/v2\/product\/926","targetHints":{"allow":["GET"]}}],"collection":[{"href":"https:\/\/mywhieda.com\/it\/wp-json\/wp\/v2\/product"}],"about":[{"href":"https:\/\/mywhieda.com\/it\/wp-json\/wp\/v2\/types\/product"}],"wp:featuredmedia":[{"embeddable":true,"href":"https:\/\/mywhieda.com\/it\/wp-json\/wp\/v2\/media\/254"}],"wp:attachment":[{"href":"https:\/\/mywhieda.com\/it\/wp-json\/wp\/v2\/media?parent=926"}],"wp:term":[{"taxonomy":"categories","embeddable":true,"href":"https:\/\/mywhieda.com\/it\/wp-json\/wp\/v2\/categories?post=926"}],"curies":[{"name":"wp","href":"https:\/\/api.w.org\/{rel}","templated":true}]}}