{"id":932,"date":"2025-03-24T19:18:00","date_gmt":"2025-03-24T16:18:00","guid":{"rendered":"https:\/\/mywhieda.com\/?post_type=product&#038;p=932"},"modified":"2026-04-15T15:14:23","modified_gmt":"2026-04-15T12:14:23","slug":"zubnaya-pasta-2-2","status":"publish","type":"product","link":"https:\/\/mywhieda.com\/it\/product\/zubnaya-pasta-2-2\/","title":{"rendered":"Dentifricio"},"content":{"rendered":"<p><span style=\"font-weight: 400;\">Il dentifricio FOHERB ARTEMISIA ANNUA \u00e8 realizzato seguendo una ricetta classica della medicina tradizionale cinese e include estratti di piante come artemisia, zanthoxylum, frutto del monaco e clinopodium cinese. Grazie alla sua formula appositamente sviluppata e alla combinazione unica di ingredienti, il dentifricio aiuta a inibire la crescita batterica, mantenere l&#8217;equilibrio del pH nella cavit\u00e0 orale, eliminare l&#8217;alito cattivo e promuovere la salute di denti e gengive.<\/span><\/p>\n<p><b>Ingredienti Attivi:<\/b><span style=\"font-weight: 400;\"> estratto di artemisia, estratto di zanthoxylum, estratto di luohan guo, estratto di clinopodio cinese.<\/span><\/p>\n<p><span style=\"font-weight: 400;\">Il dentifricio con estratto di artemisia \u00e8 realizzato con ingredienti di alta qualit\u00e0 e ha una formula sicura. \u00c8 certificato a livello internazionale, non contiene antibiotici, non ha effetti collaterali ed \u00e8 adatto per donne in gravidanza, bambini e anziani. Il suo aroma fresco e floreale elimina l&#8217;alito cattivo e mantiene una freschezza duratura.<\/span><\/p>\n<p><b>Modo d&#8217;uso:<\/b><span style=\"font-weight: 400;\"> Spazzolare i denti almeno 2 volte al giorno per un minimo di 3 minuti.<\/span><\/p>\n<p><b>Condizioni di conservazione:<\/b><span style=\"font-weight: 400;\"> Conservare in un luogo fresco e asciutto.<\/span><\/p>\n<p><b>Precauzioni:<\/b><span style=\"font-weight: 400;\"> Non \u00e8 un sostituto dei farmaci; per bambini sotto i 6 anni, utilizzare sotto la supervisione di un adulto e con una quantit\u00e0 minima di dentifricio.<\/span><\/p>\n<p><b>Confezione:<\/b><span style=\"font-weight: 400;\"> Tubo da 120 g (6 unit\u00e0).<\/span><\/p>\n","protected":false},"featured_media":308,"template":"","categories":[6,30],"class_list":["post-932","product","type-product","status-publish","has-post-thumbnail","hentry","categories-vse-tovary","categories-gigiena"],"acf":[],"_links":{"self":[{"href":"https:\/\/mywhieda.com\/it\/wp-json\/wp\/v2\/product\/932","targetHints":{"allow":["GET"]}}],"collection":[{"href":"https:\/\/mywhieda.com\/it\/wp-json\/wp\/v2\/product"}],"about":[{"href":"https:\/\/mywhieda.com\/it\/wp-json\/wp\/v2\/types\/product"}],"wp:featuredmedia":[{"embeddable":true,"href":"https:\/\/mywhieda.com\/it\/wp-json\/wp\/v2\/media\/308"}],"wp:attachment":[{"href":"https:\/\/mywhieda.com\/it\/wp-json\/wp\/v2\/media?parent=932"}],"wp:term":[{"taxonomy":"categories","embeddable":true,"href":"https:\/\/mywhieda.com\/it\/wp-json\/wp\/v2\/categories?post=932"}],"curies":[{"name":"wp","href":"https:\/\/api.w.org\/{rel}","templated":true}]}}