{"id":933,"date":"2025-03-24T19:20:10","date_gmt":"2025-03-24T16:20:10","guid":{"rendered":"https:\/\/mywhieda.com\/?post_type=product&#038;p=933"},"modified":"2026-04-10T17:25:08","modified_gmt":"2026-04-10T14:25:08","slug":"omolazhivayushchiy-sprey-s-lifting-effektom-2-2","status":"publish","type":"product","link":"https:\/\/mywhieda.com\/it\/product\/omolazhivayushchiy-sprey-s-lifting-effektom-2-2\/","title":{"rendered":"Spray Facciale Ringiovanente con Effetto Lifting"},"content":{"rendered":"<p><span style=\"font-weight: 400;\">La questione del ringiovanimento diventa inevitabilmente una priorit\u00e0 per ogni donna. La gamma di prodotti anti-et\u00e0 \u00e8 molto ampia, quindi scegliere il trattamento giusto non \u00e8 semplice. Con YOUTHFULNESS FREEZE SPRAY, sarai sicuramente soddisfatta. Questo prodotto moderno agisce in modo simile al famoso botox, ma senza danneggiare la pelle n\u00e9 causare deterioramenti al termine del trattamento. In poche settimane, le rughe scompariranno e la pelle sar\u00e0 soda e tonica. La sua alta efficacia a un prezzo accessibile distingue questo prodotto da altri sul mercato, che difficilmente offrono risultati cos\u00ec buoni.<\/span><\/p>\n<p><span style=\"font-weight: 400;\">Restituire elasticit\u00e0 alla pelle e idratarla \u00e8 il desiderio di molte donne, ma le creme non sempre raggiungono l&#8217;effetto desiderato. Esiste un&#8217;opzione pi\u00f9 efficace: lo spray ringiovanente YOUTHFULNESS FREEZE SPRAY. Questo spray accelera la produzione di collagene ed elastina.<\/span><\/p>\n<p>\u200d<\/p>\n","protected":false},"featured_media":309,"template":"","categories":[6,33],"class_list":["post-933","product","type-product","status-publish","has-post-thumbnail","hentry","categories-vse-tovary","categories-kosmetika"],"acf":[],"_links":{"self":[{"href":"https:\/\/mywhieda.com\/it\/wp-json\/wp\/v2\/product\/933","targetHints":{"allow":["GET"]}}],"collection":[{"href":"https:\/\/mywhieda.com\/it\/wp-json\/wp\/v2\/product"}],"about":[{"href":"https:\/\/mywhieda.com\/it\/wp-json\/wp\/v2\/types\/product"}],"wp:featuredmedia":[{"embeddable":true,"href":"https:\/\/mywhieda.com\/it\/wp-json\/wp\/v2\/media\/309"}],"wp:attachment":[{"href":"https:\/\/mywhieda.com\/it\/wp-json\/wp\/v2\/media?parent=933"}],"wp:term":[{"taxonomy":"categories","embeddable":true,"href":"https:\/\/mywhieda.com\/it\/wp-json\/wp\/v2\/categories?post=933"}],"curies":[{"name":"wp","href":"https:\/\/api.w.org\/{rel}","templated":true}]}}