{"id":967,"date":"2025-03-29T16:55:33","date_gmt":"2025-03-29T13:55:33","guid":{"rendered":"https:\/\/mywhieda.com\/?post_type=product&#038;p=967"},"modified":"2025-04-06T21:43:23","modified_gmt":"2025-04-06T18:43:23","slug":"kapsuly-syuechinfu-3-2","status":"publish","type":"product","link":"https:\/\/mywhieda.com\/it\/product\/kapsuly-syuechinfu-3-2\/","title":{"rendered":"Le capsule Xuechinfu"},"content":{"rendered":"<p><span style=\"font-weight: 400;\">Le <\/span><b>capsule Xuechinfu<\/b><span style=\"font-weight: 400;\"> sono un prodotto completamente naturale progettato per mantenere i vasi sanguigni puliti e sani. Questo integratore previene le malattie cardiovascolari e aumenta la vitalit\u00e0. Il suo utilizzo aiuta a dissolvere efficacemente i trombi, purifica il sangue dalle tossine e mantiene la funzione normale dei capillari.<\/span><\/p>\n<p>&nbsp;<\/p>\n<p><b>Uso delle capsule Xuechinfu<\/b><\/p>\n<p>&nbsp;<\/p>\n<ol>\n<li style=\"font-weight: 400;\" aria-level=\"1\"><b>Azione trombolitica:<\/b><span style=\"font-weight: 400;\"> L&#8217;estratto di natto ha un potente effetto trombolitico: scioglie i trombi gi\u00e0 formati, previene l&#8217;aggregazione delle piastrine e la formazione di nuovi trombi, ristabilendo il flusso sanguigno. \u00c8 un complemento terapeutico efficace per malattie cardiovascolari e cerebrovascolari.<\/span><\/li>\n<li style=\"font-weight: 400;\" aria-level=\"1\"><b>Rinforzo dei vasi sanguigni:<\/b><span style=\"font-weight: 400;\"> L&#8217;estratto di semi d&#8217;uva, ricco di proantocianidine (OPC), \u00e8 un antiossidante altamente efficace. La sua attivit\u00e0 \u00e8 50 volte superiore a quella della vitamina E e 20 volte superiore a quella della vitamina C. Previene i processi ossidativi, aiuta a mantenere l&#8217;elasticit\u00e0 dei vasi sanguigni e riduce la loro fragilit\u00e0.<\/span><\/li>\n<li style=\"font-weight: 400;\" aria-level=\"1\"><b>Riduzione di tre indicatori chiave:<\/b><span style=\"font-weight: 400;\"> L&#8217;estratto di Gynostemma pentaphyllum aiuta a ridurre la pressione arteriosa, i lipidi e lo zucchero nel sangue. Inoltre, possiede propriet\u00e0 trombolitiche, che ripristinano l&#8217;elasticit\u00e0 dei vasi sanguigni e ne prevengono l&#8217;invecchiamento.<\/span><\/li>\n<\/ol>\n<p>&nbsp;<\/p>\n<p><b>Composizione delle capsule Xuechinfu<\/b><\/p>\n<p>&nbsp;<\/p>\n<p><span style=\"font-weight: 400;\">Il prodotto contiene <\/span><b>natto<\/b><span style=\"font-weight: 400;\"> (alimento giapponese fermentato a base di soia), estratto di semi d&#8217;uva e estratto di Gynostemma pentaphyllum.\u00a0<\/span><\/p>\n<p><span style=\"font-weight: 400;\">L&#8217;ingrediente principale \u00e8 la <\/span><b>nattokinasi<\/b><span style=\"font-weight: 400;\">, un enzima presente nei fagioli di soia fermentati. La nattokinasi migliora la fluidit\u00e0 del sangue e il flusso sanguigno, agendo come un&#8217;alternativa naturale all&#8217;aspirina per prevenire e trattare le malattie cardiovascolari.<\/span><\/p>\n<h4><\/h4>\n<p><b>Benefici principali<\/b><\/p>\n<p>&nbsp;<\/p>\n<ul>\n<li aria-level=\"1\"><b>Rafforza i vasi sanguigni.<\/b><\/li>\n<\/ul>\n<ul>\n<li aria-level=\"1\"><b>Riduce la viscosit\u00e0 della linfa.<\/b><\/li>\n<\/ul>\n<ul>\n<li aria-level=\"1\"><b>Migliora l&#8217;apporto di ossigeno ai tessuti.<\/b><\/li>\n<\/ul>\n<ul>\n<li aria-level=\"1\"><b>Supporta la salute visiva.<\/b><\/li>\n<\/ul>\n<ul>\n<li aria-level=\"1\"><b>Allevia il dolore articolare e muscolare.<\/b><\/li>\n<\/ul>\n<ul>\n<li aria-level=\"1\"><b>Elimina le tossine dal corpo.<\/b><\/li>\n<\/ul>\n<p>&nbsp;<\/p>\n<p><b>Indicazioni per l&#8217;uso:<\/b><\/p>\n<p>&nbsp;<\/p>\n<ul>\n<li style=\"font-weight: 400;\" aria-level=\"1\"><span style=\"font-weight: 400;\">Livelli elevati di colesterolo nel sangue.<\/span><\/li>\n<li style=\"font-weight: 400;\" aria-level=\"1\"><span style=\"font-weight: 400;\">Malattie ischemiche cardiache.<\/span><\/li>\n<li style=\"font-weight: 400;\" aria-level=\"1\"><span style=\"font-weight: 400;\">Ipertensione arteriosa.<\/span><\/li>\n<li style=\"font-weight: 400;\" aria-level=\"1\"><span style=\"font-weight: 400;\">Diabete.<\/span><\/li>\n<li style=\"font-weight: 400;\" aria-level=\"1\"><span style=\"font-weight: 400;\">Compromissione della memoria legata all&#8217;et\u00e0.<\/span><\/li>\n<li style=\"font-weight: 400;\" aria-level=\"1\"><span style=\"font-weight: 400;\">Affaticamento muscolare o dolore alle gambe durante la camminata.<\/span><\/li>\n<li style=\"font-weight: 400;\" aria-level=\"1\"><span style=\"font-weight: 400;\">Intorpidimento o formicolio alle mani e ai piedi.<\/span><\/li>\n<li style=\"font-weight: 400;\" aria-level=\"1\"><span style=\"font-weight: 400;\">Ferite che cicatrizzano lentamente.<\/span><\/li>\n<li style=\"font-weight: 400;\" aria-level=\"1\"><span style=\"font-weight: 400;\">Malattie oncologiche.<\/span><\/li>\n<\/ul>\n<h3><\/h3>\n<p><b>Precauzioni e controindicazioni:<\/b><\/p>\n<p>&nbsp;<\/p>\n<ul>\n<li style=\"font-weight: 400;\" aria-level=\"1\"><span style=\"font-weight: 400;\">Intolleranza individuale ai componenti.<\/span><\/li>\n<li style=\"font-weight: 400;\" aria-level=\"1\"><span style=\"font-weight: 400;\">Gravidanza e allattamento.<\/span><\/li>\n<li style=\"font-weight: 400;\" aria-level=\"1\"><span style=\"font-weight: 400;\">Uso simultaneo di farmaci anticoagulanti.<\/span><\/li>\n<\/ul>\n<h3><\/h3>\n<p>&nbsp;<\/p>\n","protected":false},"featured_media":271,"template":"","categories":[6,32],"class_list":["post-967","product","type-product","status-publish","has-post-thumbnail","hentry","categories-vse-tovary","categories-dieticheskie-dobavki"],"acf":[],"_links":{"self":[{"href":"https:\/\/mywhieda.com\/it\/wp-json\/wp\/v2\/product\/967","targetHints":{"allow":["GET"]}}],"collection":[{"href":"https:\/\/mywhieda.com\/it\/wp-json\/wp\/v2\/product"}],"about":[{"href":"https:\/\/mywhieda.com\/it\/wp-json\/wp\/v2\/types\/product"}],"wp:featuredmedia":[{"embeddable":true,"href":"https:\/\/mywhieda.com\/it\/wp-json\/wp\/v2\/media\/271"}],"wp:attachment":[{"href":"https:\/\/mywhieda.com\/it\/wp-json\/wp\/v2\/media?parent=967"}],"wp:term":[{"taxonomy":"categories","embeddable":true,"href":"https:\/\/mywhieda.com\/it\/wp-json\/wp\/v2\/categories?post=967"}],"curies":[{"name":"wp","href":"https:\/\/api.w.org\/{rel}","templated":true}]}}