{"id":1001,"date":"2025-04-05T20:14:39","date_gmt":"2025-04-05T17:14:39","guid":{"rendered":"https:\/\/mywhieda.com\/?post_type=product&#038;p=1001"},"modified":"2025-04-05T20:17:26","modified_gmt":"2025-04-05T17:17:26","slug":"dlya-muzhchin-zanyatyh-tyazhelym-fizicheskim-trudom-2-2","status":"publish","type":"product","link":"https:\/\/mywhieda.com\/pl\/product\/dlya-muzhchin-zanyatyh-tyazhelym-fizicheskim-trudom-2-2\/","title":{"rendered":"Dla m\u0119\u017cczyzn zajmuj\u0105cych si\u0119 ci\u0119\u017ck\u0105 prac\u0105 fizyczn\u0105"},"content":{"rendered":"<p><span style=\"font-weight: 400;\">Si\u0142a i zdrowie: jak zachowa\u0107 wigor przez wiele lat<\/span><\/p>\n<p><span style=\"font-weight: 400;\">Praca fizyczna to nie tylko wysi\u0142ek \u2013 to pr\u00f3ba si\u0142y, wytrzyma\u0142o\u015bci i determinacji. Wy, tragarze, kierowcy, budowla\u0144cy i wszyscy, kt\u00f3rzy wykonujecie ci\u0119\u017ck\u0105 prac\u0119 fizyczn\u0105 \u2013 jeste\u015bcie fundamentami, na kt\u00f3rych opiera si\u0119 \u015bwiat! Wa\u017cne jest jednak, aby pami\u0119ta\u0107 o trosce o swoje zdrowie, by zachowa\u0107 wigor i energi\u0119 przez wiele lat.<\/span><\/p>\n<p><b>Jakie problemy mog\u0105 wynika\u0107 z intensywnej pracy fizycznej?<\/b><\/p>\n<ul>\n<li style=\"font-weight: 400;\" aria-level=\"1\"><b>Problemy z kr\u0119gos\u0142upem:<\/b><span style=\"font-weight: 400;\"> B\u00f3l plec\u00f3w, przepukliny, osteochondroza \u2013 to efekty ci\u0119\u017ckiej pracy i niew\u0142a\u015bciwej postawy.<\/span><\/li>\n<li style=\"font-weight: 400;\" aria-level=\"1\"><b>Problemy stawowe:<\/b><span style=\"font-weight: 400;\"> Artroza, zapalenie staw\u00f3w, b\u00f3le kolan i ramion \u2013 nieuniknione skutki obci\u0105\u017ce\u0144 fizycznych.<\/span><\/li>\n<li style=\"font-weight: 400;\" aria-level=\"1\"><b>Choroby uk\u0142adu sercowo-naczyniowego:<\/b><span style=\"font-weight: 400;\"> Nadci\u015bnienie, choroba niedokrwienna serca \u2013 spowodowane nieregularn\u0105 diet\u0105, stresem i brakiem odpoczynku.<\/span><\/li>\n<li style=\"font-weight: 400;\" aria-level=\"1\"><b>Problemy trawienne:<\/b><span style=\"font-weight: 400;\"> Zapalenie \u017co\u0142\u0105dka, wrzody, zaparcia \u2013 wynik z\u0142ej diety i nieregularnych posi\u0142k\u00f3w.<\/span><\/li>\n<li style=\"font-weight: 400;\" aria-level=\"1\"><b>Zm\u0119czenie i spadek energii:<\/b><span style=\"font-weight: 400;\"> Brak odpoczynku, nieodpowiednia dieta i ci\u0105g\u0142y wysi\u0142ek fizyczny mog\u0105 prowadzi\u0107 do wyczerpania i obni\u017cenia wydajno\u015bci.<\/span><\/li>\n<li style=\"font-weight: 400;\" aria-level=\"1\"><b>Problemy sk\u00f3rne:<\/b><span style=\"font-weight: 400;\"> Nadmierne pocenie si\u0119, zapalenie sk\u00f3ry, oparzenia \u2013 konsekwencje pracy na \u015bwie\u017cym powietrzu lub w trudnych warunkach.<\/span><\/li>\n<\/ul>\n<p><span style=\"font-weight: 400;\">Medycyna zachodnia cz\u0119sto koncentruje si\u0119 wy\u0142\u0105cznie na leczeniu objaw\u00f3w, nie rozwi\u0105zuj\u0105c przyczyn chor\u00f3b. Natomiast medycyna chi\u0144ska opiera si\u0119 na innym podej\u015bciu: choroba nie jest wrogiem, z kt\u00f3rym nale\u017cy walczy\u0107, lecz sygna\u0142em nier\u00f3wnowagi w organizmie.<\/span><\/p>\n<p><span style=\"font-weight: 400;\">Przygotowali\u015bmy dla Was wyb\u00f3r produkt\u00f3w WHIEDA, kt\u00f3re pomog\u0105 wzmocni\u0107 zdrowie i przywr\u00f3ci\u0107 harmoni\u0119 w organizmie.\u00a0<\/span><\/p>\n<p><span style=\"font-weight: 400;\">Zadbajcie o siebie ju\u017c dzi\u015b, aby zachowa\u0107 wigor i energi\u0119 przez wiele lat!<\/span><\/p>\n<p>&nbsp;<\/p>\n<p><b>Aktywator kom\u00f3rkowy<\/b><\/p>\n<p>&nbsp;<\/p>\n<p><span style=\"font-weight: 400;\">Aktywuje nieaktywne kom\u00f3rki, regeneruje uszkodzone, usuwa wolne rodniki, stymuluje autoregeneracj\u0119 organizmu, zwi\u0119ksza og\u00f3ln\u0105 witalno\u015b\u0107, zapobiega chorobom, szybko oczyszcza meridiany i system limfatyczny. Skutecznie zwalcza wysypki sk\u00f3rne, brodawki, \u0142uszczyc\u0119, oparzenia, przed\u0142u\u017ca m\u0142odo\u015b\u0107, pomaga redukowa\u0107 obrz\u0119ki, \u0142agodzi b\u00f3l, poprawia funkcjonowanie narz\u0105d\u00f3w wewn\u0119trznych. Jedna sesja trwaj\u0105ca p\u00f3\u0142 godziny dzia\u0142a jak 10 sesji akupunktury, 20 z ba\u0144kami lub 30 masa\u017cy manualnych.<\/span><\/p>\n<p><span style=\"font-weight: 400;\">\u200d<\/span><\/p>\n<p><b>Masa\u017cer bioenergetyczny MAGIC FOHERB<\/b><\/p>\n<p>&nbsp;<\/p>\n<p><span style=\"font-weight: 400;\">Z tym urz\u0105dzeniem mo\u017cna wykonywa\u0107 zabiegi terapeutyczne i profilaktyczne w domu, bez konieczno\u015bci wizyty w klinice: akupunktur\u0119, masa\u017c terapeutyczny, masa\u017c z ba\u0144kami, masa\u017c gua sha (technika tradycyjnej medycyny chi\u0144skiej), a tak\u017ce inne zabiegi.<\/span><\/p>\n<p><span style=\"font-weight: 400;\">Rekomendacje stosowania:<\/span><\/p>\n<ul>\n<li style=\"font-weight: 400;\" aria-level=\"1\"><span style=\"font-weight: 400;\">Dla os\u00f3b z chorobami uk\u0142adu ruchu (odcinek szyjny, stawy ramienne itp.).<\/span><\/li>\n<li style=\"font-weight: 400;\" aria-level=\"1\"><span style=\"font-weight: 400;\">W przypadku przemieszczenia dysk\u00f3w.<\/span><\/li>\n<li style=\"font-weight: 400;\" aria-level=\"1\"><span style=\"font-weight: 400;\">Na reumatoidalne zapalenie staw\u00f3w.<\/span><\/li>\n<li style=\"font-weight: 400;\" aria-level=\"1\"><span style=\"font-weight: 400;\">W martwicy.<\/span><\/li>\n<li style=\"font-weight: 400;\" aria-level=\"1\"><span style=\"font-weight: 400;\">W walce z nadwag\u0105 i cellulitem.<\/span><\/li>\n<li style=\"font-weight: 400;\" aria-level=\"1\"><span style=\"font-weight: 400;\">Do zabieg\u00f3w drena\u017cu limfatycznego i uj\u0119drniaj\u0105cych.<\/span><\/li>\n<li style=\"font-weight: 400;\" aria-level=\"1\"><span style=\"font-weight: 400;\">Do regeneracji po urazach i wysi\u0142ku fizycznym.<\/span><\/li>\n<\/ul>\n<p><span style=\"font-weight: 400;\">\u200d<\/span><\/p>\n<p><b>Sauna &#171;Ba-Gua&#187;<\/b><\/p>\n<p>&nbsp;<\/p>\n<p><span style=\"font-weight: 400;\">Sauna nie tylko pomaga si\u0119 zrelaksowa\u0107, ale r\u00f3wnie\u017c wzmacnia zdrowie, poprawia metabolizm, wspomaga utrat\u0119 wagi i \u0142agodzi b\u00f3le. Nie ka\u017cdy ma jednak mo\u017cliwo\u015b\u0107 regularnego korzystania z sauny, dlatego prezentujemy unikaln\u0105 saun\u0119 \u201eBa-Gua\u201d zaprojektowan\u0105 do u\u017cytku domowego.\u00a0<\/span><\/p>\n<p><span style=\"font-weight: 400;\">To mini-sauna, kt\u00f3ra wykorzystuje specjalne technologie i w\u0142a\u015bciwo\u015bci fizyczne kamieni takich jak turmalin i czarny jadeit. Dzi\u0119ki kamieniom leczniczym i specjalnej strukturze tekstylnej sauna tworzy unikalny mikroklimat o terapeutycznym dzia\u0142aniu na ca\u0142e cia\u0142o: poprawia mikrokr\u0105\u017cenie, procesy metaboliczne, usuwa toksyny i odpady, poprawia stan sk\u00f3ry, zwalcza stany zapalne, b\u00f3le, \u0142agodzi zm\u0119czenie i pomaga si\u0119 zrelaksowa\u0107.<\/span><\/p>\n<p><span style=\"font-weight: 400;\">\u200d<\/span><\/p>\n<p><b>Wk\u0142adki korekcyjne<\/b><\/p>\n<p>&nbsp;<\/p>\n<p><span style=\"font-weight: 400;\">Stopy s\u0105 drugim sercem. Proces kr\u0105\u017cenia krwi w ca\u0142ym organizmie jest \u015bci\u015ble powi\u0105zany ze stopami. Zar\u00f3wno stanie, jak i chodzenie wp\u0142ywaj\u0105 na si\u0142\u0119 oraz pr\u0119dko\u015b\u0107 przep\u0142ywu krwi. Je\u015bli stopy nie s\u0105 zdrowe, naczynia krwiono\u015bne w nich nie mog\u0105 spe\u0142nia\u0107 swojej funkcji, co mo\u017ce prowadzi\u0107 do zastoju krwi w dolnych ko\u0144czynach, a co za tym idzie, do problem\u00f3w zdrowotnych.<\/span><\/p>\n<p><span style=\"font-weight: 400;\">Wk\u0142adki korekcyjne wspieraj\u0105:<\/span><\/p>\n<ul>\n<li style=\"font-weight: 400;\" aria-level=\"1\"><span style=\"font-weight: 400;\">Popraw\u0119 postawy cia\u0142a;<\/span><\/li>\n<li style=\"font-weight: 400;\" aria-level=\"1\"><span style=\"font-weight: 400;\">R\u00f3wnomierne roz\u0142o\u017cenie nacisku na stop\u0119;<\/span><\/li>\n<li style=\"font-weight: 400;\" aria-level=\"1\"><span style=\"font-weight: 400;\">Masa\u017c stref refleksologicznych stopy;<\/span><\/li>\n<li style=\"font-weight: 400;\" aria-level=\"1\"><span style=\"font-weight: 400;\">Korekcj\u0119 p\u0142askostopia;<\/span><\/li>\n<li style=\"font-weight: 400;\" aria-level=\"1\"><span style=\"font-weight: 400;\">Wzmocnienie prawid\u0142owej budowy stopy.<\/span><\/li>\n<\/ul>\n<p><span style=\"font-weight: 400;\">\u200d<\/span><\/p>\n<p><b>Okulary wysokiej technologii<\/b><\/p>\n<p>&nbsp;<\/p>\n<p><span style=\"font-weight: 400;\">Chroni\u0105 przed promieniowaniem emitowanym przez ekrany komputer\u00f3w, telewizor\u00f3w i innych urz\u0105dze\u0144. Rekomendowane dla:<\/span><\/p>\n<ul>\n<li style=\"font-weight: 400;\" aria-level=\"1\"><span style=\"font-weight: 400;\">Os\u00f3b, kt\u00f3re sp\u0119dzaj\u0105 du\u017co czasu na czytaniu lub przed ekranem komputera;<\/span><\/li>\n<li style=\"font-weight: 400;\" aria-level=\"1\"><span style=\"font-weight: 400;\">Os\u00f3b powy\u017cej 40. roku \u017cycia (gdy rozpoczyna si\u0119 proces starzenia);<\/span><\/li>\n<li style=\"font-weight: 400;\" aria-level=\"1\"><span style=\"font-weight: 400;\">Os\u00f3b cierpi\u0105cych na zm\u0119czenie oczu, xerostomi\u0119, zm\u0119tnienia cia\u0142a szklistego, niedowidzenie, prezbiopi\u0119, kr\u00f3tkowzroczno\u015b\u0107, b\u0142yski w oczach, za\u0107m\u0119, jaskr\u0119 lub problemy z mikrokr\u0105\u017ceniem krwi.<\/span><\/li>\n<\/ul>\n<p>&nbsp;<\/p>\n<p><b>Energizuj\u0105cy szal<\/b><span style=\"font-weight: 400;\">\u00a0<\/span><\/p>\n<p>&nbsp;<\/p>\n<p><span style=\"font-weight: 400;\">Organiczny german w jego sk\u0142adzie emituje promieniowanie podczerwone oraz aniony.<\/span><\/p>\n<ul>\n<li style=\"font-weight: 400;\" aria-level=\"1\"><span style=\"font-weight: 400;\">Pomaga poprawi\u0107 kr\u0105\u017cenie i mikrokr\u0105\u017cenie krwi;<\/span><\/li>\n<li style=\"font-weight: 400;\" aria-level=\"1\"><span style=\"font-weight: 400;\">\u0141agodzi dyskomfort oraz zm\u0119czenie w okolicach szyi i ramion;<\/span><\/li>\n<li style=\"font-weight: 400;\" aria-level=\"1\"><span style=\"font-weight: 400;\">Spowalnia proces starzenia si\u0119 sk\u00f3ry oraz poprawia og\u00f3lny stan zdrowia.<\/span><\/li>\n<\/ul>\n<p>&nbsp;<\/p>\n<p><b>Zestaw Kompleksowej Regeneracji Organizmu<\/b><span style=\"font-weight: 400;\">\u00a0<\/span><\/p>\n<p>&nbsp;<\/p>\n<p><span style=\"font-weight: 400;\">Medycyna chi\u0144ska oferuje holistyczne podej\u015bcie:<\/span><\/p>\n<ul>\n<li style=\"font-weight: 400;\" aria-level=\"1\"><b>Regulacja:<\/b><span style=\"font-weight: 400;\"> Przywr\u00f3cenie harmonii w organizmie.<\/span><\/li>\n<li style=\"font-weight: 400;\" aria-level=\"1\"><b>Oczyszczanie:<\/b><span style=\"font-weight: 400;\"> Usuwanie toksyn i zb\u0119dnych produkt\u00f3w przemiany materii.<\/span><\/li>\n<li style=\"font-weight: 400;\" aria-level=\"1\"><b>Regeneracja:<\/b><span style=\"font-weight: 400;\"> Odbudowa energii, od\u017cywianie i wzmocnienie organizmu.<\/span><\/li>\n<\/ul>\n<p><span style=\"font-weight: 400;\">Nasi eksperci opracowali kompletny zestaw produkt\u00f3w WHIEDA, aby przywr\u00f3ci\u0107 r\u00f3wnowag\u0119 i zdrowie ca\u0142ego organizmu.<\/span><\/p>\n","protected":false},"featured_media":293,"template":"","categories":[6,7],"class_list":["post-1001","product","type-product","status-publish","has-post-thumbnail","hentry","categories-vse-tovary","categories-nabory"],"acf":[],"_links":{"self":[{"href":"https:\/\/mywhieda.com\/pl\/wp-json\/wp\/v2\/product\/1001","targetHints":{"allow":["GET"]}}],"collection":[{"href":"https:\/\/mywhieda.com\/pl\/wp-json\/wp\/v2\/product"}],"about":[{"href":"https:\/\/mywhieda.com\/pl\/wp-json\/wp\/v2\/types\/product"}],"wp:featuredmedia":[{"embeddable":true,"href":"https:\/\/mywhieda.com\/pl\/wp-json\/wp\/v2\/media\/293"}],"wp:attachment":[{"href":"https:\/\/mywhieda.com\/pl\/wp-json\/wp\/v2\/media?parent=1001"}],"wp:term":[{"taxonomy":"categories","embeddable":true,"href":"https:\/\/mywhieda.com\/pl\/wp-json\/wp\/v2\/categories?post=1001"}],"curies":[{"name":"wp","href":"https:\/\/api.w.org\/{rel}","templated":true}]}}