{"id":1003,"date":"2025-04-05T20:18:13","date_gmt":"2025-04-05T17:18:13","guid":{"rendered":"https:\/\/mywhieda.com\/?post_type=product&#038;p=1003"},"modified":"2026-03-11T17:48:35","modified_gmt":"2026-03-11T14:48:35","slug":"ventun-2-2","status":"publish","type":"product","link":"https:\/\/mywhieda.com\/pl\/product\/ventun-2-2\/","title":{"rendered":"Wentong"},"content":{"rendered":"<p><b>Rezultaty korzystania z urz\u0105dzenia Wentong<\/b><span style=\"font-weight: 400;\">\u00a0<\/span><\/p>\n<p><span style=\"font-weight: 400;\">Zgodnie z tradycyjn\u0105 medycyn\u0105 chi\u0144sk\u0105 urz\u0105dzenie Wentong wykorzystuje metody tonizowania za pomoc\u0105 ciep\u0142a, kt\u00f3re eliminuj\u0105 zimno i wilgo\u0107 z organizmu, oczyszczaj\u0105 meridiany oraz poprawiaj\u0105 kr\u0105\u017cenie krwi.<\/span><\/p>\n<p><b>1) Promieniowanie cieplne<\/b><span style=\"font-weight: 400;\">\u00a0<\/span><\/p>\n<p><span style=\"font-weight: 400;\">Wbudowany generator zaawansowanych fal energetycznych wywo\u0142uje efekt cieplny od do\u0142u do g\u00f3ry i od wewn\u0105trz na zewn\u0105trz, przenikaj\u0105c przez ca\u0142e cia\u0142o. Fale energii cieplnej stymuluj\u0105 punkty akupunktury na stopach, przyspieszaj\u0105 ruch krwi oraz kom\u00f3rek w organizmie, co skutkuje wzrostem energii cieplnej w ciele.<\/span><\/p>\n<p><b>2) Pas grzewczy<\/b><span style=\"font-weight: 400;\">\u00a0<\/span><\/p>\n<p><span style=\"font-weight: 400;\">Za pomoc\u0105 promieniowania podczerwonego dalekiego spektrum dzia\u0142a na g\u0142\u0119bokie tkanki organizmu, delikatnie i ci\u0105gle ogrzewaj\u0105c mi\u0119\u015bnie. Poprawia kr\u0105\u017cenie krwi oraz \u0142agodzi zm\u0119czenie mi\u0119\u015bni.<\/span><\/p>\n<p><b>3) Terapia LED<\/b><span style=\"font-weight: 400;\">\u00a0<\/span><\/p>\n<p><span style=\"font-weight: 400;\">Urz\u0105dzenie Wentong wykorzystuje okre\u015blone d\u0142ugo\u015bci fal \u015bwiat\u0142a czerwonego (633 nm) i niebieskiego (415 nm), co zapewnia dzia\u0142anie przeciwzapalne i antybakteryjne, eliminuje obrz\u0119ki oraz przyspiesza gojenie ran. Mo\u017cna stosowa\u0107 \u015bwiat\u0142o czerwone i niebieskie jednocze\u015bnie.<\/span><\/p>\n<p><b>4) Plazma<\/b><span style=\"font-weight: 400;\">\u00a0<\/span><\/p>\n<p><span style=\"font-weight: 400;\">Tworzy \u015brodowisko z wysok\u0105 koncentracj\u0105 jon\u00f3w dodatnich i ujemnych, oczyszczaj\u0105c powietrze z bakterii. Dzi\u0119ki temu powietrze staje si\u0119 czyste, \u015bwie\u017ce i przyjemne.<\/span><\/p>\n","protected":false},"featured_media":316,"template":"","categories":[6,29],"class_list":["post-1003","product","type-product","status-publish","has-post-thumbnail","hentry","categories-vse-tovary","categories-pribory"],"acf":[],"_links":{"self":[{"href":"https:\/\/mywhieda.com\/pl\/wp-json\/wp\/v2\/product\/1003","targetHints":{"allow":["GET"]}}],"collection":[{"href":"https:\/\/mywhieda.com\/pl\/wp-json\/wp\/v2\/product"}],"about":[{"href":"https:\/\/mywhieda.com\/pl\/wp-json\/wp\/v2\/types\/product"}],"wp:featuredmedia":[{"embeddable":true,"href":"https:\/\/mywhieda.com\/pl\/wp-json\/wp\/v2\/media\/316"}],"wp:attachment":[{"href":"https:\/\/mywhieda.com\/pl\/wp-json\/wp\/v2\/media?parent=1003"}],"wp:term":[{"taxonomy":"categories","embeddable":true,"href":"https:\/\/mywhieda.com\/pl\/wp-json\/wp\/v2\/categories?post=1003"}],"curies":[{"name":"wp","href":"https:\/\/api.w.org\/{rel}","templated":true}]}}