{"id":1045,"date":"2025-04-06T20:55:52","date_gmt":"2025-04-06T17:55:52","guid":{"rendered":"https:\/\/mywhieda.com\/?post_type=product&#038;p=1045"},"modified":"2025-09-13T17:52:39","modified_gmt":"2025-09-13T14:52:39","slug":"pasta-cinfen-4-2-2","status":"publish","type":"product","link":"https:\/\/mywhieda.com\/pl\/product\/pasta-cinfen-4-2-2\/","title":{"rendered":"Pasta Qingfeng"},"content":{"rendered":"<p><b>Czym jest pasta Qingfeng?<\/b><\/p>\n<p>&nbsp;<\/p>\n<p><span style=\"font-weight: 400;\">Mi\u0119dzynarodowy konsultant Stowarzyszenia Whieda ds. zdrowego stylu \u017cycia, profesor tradycyjnej medycyny chi\u0144skiej Zhang Daning, bazuj\u0105c na do\u015bwiadczeniu wieloletniej praktyki klinicznej i skutecznym zastosowaniu unikalnej metody \u201etonizowania nerek i kr\u0105\u017cenia krwi\u201d, opracowa\u0142 receptur\u0119 pasty Qingfeng, kt\u00f3ra jest wytwarzana wed\u0142ug staro\u017cytnej technologii medycyny chi\u0144skiej z wyselekcjonowanych sk\u0142adnik\u00f3w.<\/span><\/p>\n<p><span style=\"font-weight: 400;\">Wszystkie sk\u0142adniki przechodz\u0105 przez 8 tradycyjnych etap\u00f3w: selekcj\u0119, przygotowanie, czyszczenie, namaczanie, pra\u017cenie, ekstrakcj\u0119, filtrowanie i zbi\u00f3r &#8212; czego efektem jest g\u0142adki smak i bogaty, kremowy aromat.<\/span><\/p>\n<p><span style=\"font-weight: 400;\">\u00a0<\/span><\/p>\n<p><b>Do czego s\u0142u\u017cy pasta Qingfeng?<\/b><\/p>\n<p>&nbsp;<\/p>\n<p><span style=\"font-weight: 400;\">We wsp\u00f3\u0142czesnym \u015bwiecie ka\u017cdy z nas zmaga si\u0119 z konsekwencjami takich z\u0142ych nawyk\u00f3w jak zaburzenia snu lub p\u00f3\u017ane chodzenie spa\u0107, dolegliwo\u015bci \u017co\u0142\u0105dkowo-jelitowe po obfitym posi\u0142ku lub niezr\u00f3wnowa\u017conej diecie, brak aktywno\u015bci fizycznej, cz\u0119ste spo\u017cywanie alkoholu, palenie tytoniu itp. Wszystkie te nawyki powoli podkopuj\u0105 nasze zdrowie, co ostatecznie prowadzi do obni\u017cenia jako\u015bci \u017cycia lub powa\u017cnych problem\u00f3w zdrowotnych. Pasta Qingfeng to wysokiej jako\u015bci produkt \u0142\u0105cz\u0105cy w sobie w\u0142a\u015bciwo\u015bci od\u017cywcze i profilaktyczne, kt\u00f3ry pomo\u017ce przywr\u00f3ci\u0107 witalno\u015b\u0107 i utrzyma\u0107 zdrowie fizyczne i psychiczne.<\/span><\/p>\n<p>&nbsp;<\/p>\n<p><span style=\"font-weight: 400;\">W sk\u0142adzie pasty Qingfeng znajduj\u0105 si\u0119 wy\u0142\u0105cznie wysokiej jako\u015bci naturalne sk\u0142adniki, 3 cenne ro\u015bliny lecznicze: owoce g\u0142ogu, jagody goji i proszek z selera. Pasta Qingfeng zawiera ponadto niskokaloryczny alkohol cukrowy, syrop maltitolowy, kt\u00f3ry nie stymuluje produkcji insuliny, dlatego jest odpowiednia dla os\u00f3b cierpi\u0105cych na cukrzyc\u0119 lub po prostu kontroluj\u0105cych spo\u017cycie cukru.<\/span><\/p>\n<p>&nbsp;<\/p>\n<p><strong>Rezultaty stosowania pasty Qingfeng:<\/strong><\/p>\n<p><span style=\"font-weight: 400;\">1) Wspomaga funkcjonowanie uk\u0142adu sercowo-naczyniowego;<\/span><\/p>\n<p><span style=\"font-weight: 400;\">2) Chroni w\u0105trob\u0119 i \u015bledzion\u0119;<\/span><\/p>\n<p><span style=\"font-weight: 400;\">3) Obni\u017ca ci\u015bnienie krwi;<\/span><\/p>\n<p><span style=\"font-weight: 400;\">4) Pomaga obni\u017cy\u0107 poziom lipid\u00f3w we krwi;<\/span><\/p>\n<p><span style=\"font-weight: 400;\">5) Poprawia funkcjonowanie \u017co\u0142\u0105dka i jego wydzielanie;<\/span><\/p>\n<p><span style=\"font-weight: 400;\">6) Poprawia kr\u0105\u017cenie krwi;<\/span><\/p>\n<p><span style=\"font-weight: 400;\">7) Dzia\u0142a moczop\u0119dnie i likwiduje obrz\u0119ki;<\/span><\/p>\n<p><span style=\"font-weight: 400;\">8) Ma dzia\u0142anie antyoksydacyjne;<\/span><\/p>\n<p><span style=\"font-weight: 400;\">9) \u0141agodzi objawy dny moczanowej itp.<\/span><\/p>\n<p>&nbsp;<\/p>\n<p><strong>Wskazania do stosowania:<\/strong><\/p>\n<ul>\n<li style=\"font-weight: 400;\" aria-level=\"1\"><span style=\"font-weight: 400;\">Palenie tytoniu i picie alkoholu<\/span><\/li>\n<li style=\"font-weight: 400;\" aria-level=\"1\"><span style=\"font-weight: 400;\">Nieprawid\u0142owe od\u017cywianie<\/span><\/li>\n<li style=\"font-weight: 400;\" aria-level=\"1\"><span style=\"font-weight: 400;\">Oty\u0142o\u015b\u0107<\/span><\/li>\n<li style=\"font-weight: 400;\" aria-level=\"1\"><span style=\"font-weight: 400;\">Stres i napi\u0119cie<\/span><\/li>\n<li style=\"font-weight: 400;\" aria-level=\"1\"><span style=\"font-weight: 400;\">Wiek \u015bredni i podesz\u0142y<\/span><\/li>\n<li style=\"font-weight: 400;\" aria-level=\"1\"><span style=\"font-weight: 400;\">Choroby dziedziczne<\/span><\/li>\n<li style=\"font-weight: 400;\" aria-level=\"1\"><span style=\"font-weight: 400;\">Choroby przewlek\u0142e<\/span><\/li>\n<li style=\"font-weight: 400;\" aria-level=\"1\"><span style=\"font-weight: 400;\">Dyskomfort w stawach<\/span><\/li>\n<li style=\"font-weight: 400;\" aria-level=\"1\"><span style=\"font-weight: 400;\">Brak aktywno\u015bci fizycznej<\/span><\/li>\n<li style=\"font-weight: 400;\" aria-level=\"1\"><span style=\"font-weight: 400;\">Dna moczanowa<\/span><\/li>\n<\/ul>\n<p>&nbsp;<\/p>\n","protected":false},"featured_media":814,"template":"","categories":[6,32],"class_list":["post-1045","product","type-product","status-publish","has-post-thumbnail","hentry","categories-vse-tovary","categories-dieticheskie-dobavki"],"acf":[],"_links":{"self":[{"href":"https:\/\/mywhieda.com\/pl\/wp-json\/wp\/v2\/product\/1045","targetHints":{"allow":["GET"]}}],"collection":[{"href":"https:\/\/mywhieda.com\/pl\/wp-json\/wp\/v2\/product"}],"about":[{"href":"https:\/\/mywhieda.com\/pl\/wp-json\/wp\/v2\/types\/product"}],"wp:featuredmedia":[{"embeddable":true,"href":"https:\/\/mywhieda.com\/pl\/wp-json\/wp\/v2\/media\/814"}],"wp:attachment":[{"href":"https:\/\/mywhieda.com\/pl\/wp-json\/wp\/v2\/media?parent=1045"}],"wp:term":[{"taxonomy":"categories","embeddable":true,"href":"https:\/\/mywhieda.com\/pl\/wp-json\/wp\/v2\/categories?post=1045"}],"curies":[{"name":"wp","href":"https:\/\/api.w.org\/{rel}","templated":true}]}}